{"id":1658,"date":"2018-05-31T00:10:50","date_gmt":"2018-05-30T22:10:50","guid":{"rendered":"https:\/\/bonbonladenundfeines.de\/wp2018\/agb\/"},"modified":"2020-05-03T19:39:55","modified_gmt":"2020-05-03T17:39:55","slug":"agb","status":"publish","type":"page","link":"https:\/\/bonbonladenundfeines.de\/shop\/agb\/","title":{"rendered":"AGB"},"content":{"rendered":"<p><div class=\"fusion-fullwidth fullwidth-box fusion-builder-row-1 nonhundred-percent-fullwidth non-hundred-percent-height-scrolling\" style=\"--awb-border-radius-top-left:0px;--awb-border-radius-top-right:0px;--awb-border-radius-bottom-right:0px;--awb-border-radius-bottom-left:0px;--awb-flex-wrap:wrap;\" ><div class=\"fusion-builder-row fusion-row\"><div class=\"fusion-layout-column fusion_builder_column fusion-builder-column-0 fusion_builder_column_1_1 1_1 fusion-one-full fusion-column-first fusion-column-last\" style=\"--awb-bg-size:cover;\"><div class=\"fusion-column-wrapper fusion-flex-column-wrapper-legacy\"><div class=\"fusion-text fusion-text-1\"><h1>Allgemeine Gesch\u00e4ftsbedingungen<\/h1>\n<h2><strong>1. Zustandekommen des Vertrags<\/strong><\/h2>\n<p>Mit Ihrer Bestellung geben Sie ein verbindliches Angebot an uns ab, einen Vertrag mit Ihnen zu schlie\u00dfen. Mit der Zusendung einer Auftragsbest\u00e4tigung per E-Mail an Sie oder der Lieferung der bestellten Ware k\u00f6nnen wir dieses Angebot annehmen. Zun\u00e4chst erhalten Sie eine Best\u00e4tigung des Eingangs Ihrer Bestellung per E-Mail an die von Ihnen angegebene E-Mail-Adresse (Bestellbest\u00e4tigung). Ein Kaufvertrag kommt jedoch erst mit dem Versand unserer Auftragsbest\u00e4tigung per E-Mail an Sie oder mit der Lieferung der bestellten Ware zustande.<\/p>\n<p>Bei der Bestellung \u00fcber unseren Onlineshop umfasst der Bestellvorgang insgesamt <strong>5<\/strong> Schritte. Im ersten Schritt w\u00e4hlen Sie die gew\u00fcnschten Waren aus. Im zweiten Schritt geben Sie Ihre Kundendaten einschlie\u00dflich Rechnungsanschrift und ggf. abweichender Lieferanschrift ein. Im dritten Schritt w\u00e4hlen Sie, wie Sie bezahlen m\u00f6chten. Im letzten Schritt haben Sie die M\u00f6glichkeit, s\u00e4mtliche Angaben (z.B. Name, Anschrift, Zahlungsweise, bestellte Artikel) noch einmal zu \u00fcberpr\u00fcfen und ggf. zu korrigieren, bevor Sie Ihre Bestellung durch Klicken auf \u2018Bestellung absenden\u2019 an uns absenden.<\/p>\n<h2><strong>2. Speicherung des Vertragstextes<\/strong><\/h2>\n<p>Den Vertragstext Ihrer Bestellung speichern wir. Sie k\u00f6nnen diesen vor der Versendung Ihrer Bestellung an uns ausdrucken, indem Sie im letzten Schritt der Bestellung auf \u201eDrucken\u201d klicken. Wir senden Ihnen au\u00dferdem eine Bestellbest\u00e4tigung sowie eine Auftragsbest\u00e4tigung mit allen Bestelldaten und unseren Allgemeinen Gesch\u00e4ftsbedingungen an die von Ihnen angegebene E-Mail-Adresse.<\/p>\n<h2><strong>3. Eigentumsvorbehalt<\/strong><\/h2>\n<p>Die gelieferte Ware bleibt bis zur vollst\u00e4ndigen Bezahlung unser Eigentum.<\/p>\n<h2>4. Preise, Versandkosten, R\u00fccksendekosten bei Widerruf<\/h2>\n<p><strong>Alle Preise sind Bruttopreise und verstehen sich inkl. der gesetzlicher Mehrwertsteuer. Es gibt keinen Mindestbestellwert.<br \/>\n<\/strong><\/p>\n<p>Soweit Sie von einem bestehenden Widerrufsrecht Gebrauch machen, haben Sie die regelm\u00e4\u00dfigen Kosten der R\u00fccksendung zu tragen, wenn die gelieferte Ware der bestellten entspricht und wenn der Preis der zur\u00fcckzusendenden Sache einen Betrag von 40 Euro nicht \u00fcbersteigt oder wenn Sie bei einem h\u00f6heren Preis der Sache zum Zeitpunkt des Widerrufs noch nicht die Gegenleistung oder eine vertraglich vereinbarte Teilzahlung erbracht haben. Anderenfalls ist die R\u00fccksendung f\u00fcr Sie kostenfrei.<\/p>\n<h2><strong>5. Lieferbedingungen<\/strong><\/h2>\n<p>Sofern nicht beim Angebot anders angegeben, bringen wir die Ware innerhalb von 5 Werktagen nach Zahlungseingang in den Versand. Bei Lieferung auf Rechnung oder Zahlung per Lastschrift bringen wir die Ware, sofern nicht beim Angebot anders angegeben, innerhalb von 2 Werktagen nach Zustellung der Auftragsbest\u00e4tigung in den Versand.<\/p>\n<h2><strong>6. Zahlungsbedingungen<\/strong><\/h2>\n<p>Die Zahlung erfolgt\u00a0<strong> per Rechnung. <\/strong>Wir behalten uns vor, einzelne Zahlungsarten auszuschlie\u00dfen. Bei Wahl der Zahlungsart Vorkasse nennen wir Ihnen die Bankverbindung in der Auftragsbest\u00e4tigung. Der Rechnungsbetrag ist binnen 10 Tagen auf unser Konto zu \u00fcberweisen. Ein Zur\u00fcckbehaltungsrecht k\u00f6nnen Sie nur aus\u00fcben, soweit die Anspr\u00fcche aus dem gleichen Vertragsverh\u00e4ltnis resultieren.<\/p>\n<h2><strong>7. Gew\u00e4hrleistung<\/strong><\/h2>\n<p>Die Gew\u00e4hrleistung richtet sich nach den gesetzlichen Bestimmungen. Soweit gebrauchte Waren Gegenstand des Kaufvertrags sind und der K\u00e4ufer nicht Verbraucher ist, wird die Gew\u00e4hrleistung ausgeschlossen. Ist der Kunde Verbraucher, betr\u00e4gt die Gew\u00e4hrleistungsfrist beim Kauf gebrauchter Sachen ein Jahr.<\/p>\n<div class=\"flex_column av_one_half avia-builder-el-4 el_after_av_one_half avia-builder-el-last column-top-margin\">\n<div class=\"avia_textblock \">\n<div>\n<div>\n<h2><strong>8. Datenschutz<\/strong><\/h2>\n<p>Bei Anbahnung, Abschluss, Abwicklung und R\u00fcckabwicklung eines Kaufvertrages werden von uns Daten im Rahmen der gesetzlichen Bestimmungen erhoben, gespeichert und verarbeitet.<\/p>\n<p>Beim Besuch unseres Internetangebots werden die aktuell von Ihrem PC verwendete IP-Adresse, Datum und Uhrzeit, der Browsertyp und das Betriebssystem Ihres PC sowie die von Ihnen betrachteten Seiten protokolliert. R\u00fcckschl\u00fcsse auf personenbezogene Daten sind uns damit jedoch nicht m\u00f6glich und auch nicht beabsichtigt.<\/p>\n<p>Die personenbezogenen Daten, die Sie uns z. B. bei einer Bestellung oder per E-Mail mitteilen (z. B. Ihr Name und Ihre Kontaktdaten), werden nur zur Korrespondenz mit Ihnen und nur f\u00fcr den Zweck verarbeitet, zu dem Sie uns die Daten zur Verf\u00fcgung gestellt haben. Wir geben Ihre Daten nur an das mit der Lieferung beauftragte Versandunternehmen weiter, soweit dies zur Lieferung der Waren notwendig ist. Zur Abwicklung von Zahlungen geben wir Ihre Zahlungsdaten an das mit der Zahlung beauftragte Kreditinstitut weiter.<\/p>\n<p>Wir versichern, dass wir Ihre personenbezogenen Daten im \u00dcbrigen nicht an Dritte weitergeben, es sei denn, dass wir dazu gesetzlich verpflichtet w\u00e4ren oder Sie vorher ausdr\u00fccklich eingewilligt haben. Soweit wir zur Durchf\u00fchrung und Abwicklung von Verarbeitungsprozessen Dienstleistungen Dritter in Anspruch nehmen, werden die Bestimmungen des Bundesdatenschutzgesetzes eingehalten.<\/p>\n<\/div>\n<div>\n<p><strong>Dauer der Speicherung<\/strong><\/p>\n<p>Personenbezogene Daten, die uns \u00fcber unsere Website mitgeteilt worden sind, werden nur so lange gespeichert, bis der Zweck erf\u00fcllt ist, zu dem sie uns anvertraut wurden. Soweit handels- und steuerrechtliche Aufbewahrungsfristen zu beachten sind, kann die Dauer der Speicherung bestimmter Daten bis zu 10 Jahre betragen.<\/p>\n<p><strong>Ihre Rechte<\/strong><\/p>\n<p>Sollten Sie mit der Speicherung Ihrer personenbezogenen Daten nicht mehr einverstanden oder diese unrichtig geworden sein, werden wir auf eine entsprechende Weisung hin im Rahmen der gesetzlichen Bestimmungen die L\u00f6schung, Korrektur oder Sperrung Ihrer Daten veranlassen. Auf Wunsch erhalten Sie unentgeltlich Auskunft \u00fcber alle personenbezogenen Daten, die wir \u00fcber Sie gespeichert haben. Bei Fragen zur Erhebung, Verarbeitung oder Nutzung Ihrer personenbezogenen Daten, f\u00fcr Ausk\u00fcnfte, Berichtigung, Sperrung oder L\u00f6schung von Daten wenden Sie sich bitte an:<\/p>\n<p>Der Gutschmecker<br \/>\nBonbonladen &amp; Feines<br \/>\nInh. Peter Hirche<br \/>\nZur Treene 11<br \/>\n24887 H\u00fcnning<\/p>\n<p>Tel. 04625 \u2013 181 35 00<br \/>\nFax. 04625 \u2013 181 35 01<br \/>\nE-Mail: <a href=\"mailto:info@gutschmecker.com\">info@gutschmecker.com<\/a><\/p>\n<p><strong>Links auf andere Internetseiten<\/strong><\/p>\n<p>Soweit wir von unserem Internetangebot auf die Webseiten Dritter verweisen oder verlinken, k\u00f6nnen wir keine Gew\u00e4hr und Haftung f\u00fcr die Richtigkeit bzw. Vollst\u00e4ndigkeit der Inhalte und die Datensicherheit dieser Websites \u00fcbernehmen. Da wir keinen Einfluss auf die Einhaltung datenschutzrechtlicher Bestimmungen durch Dritte haben, sollten Sie die jeweils angebotenen Datenschutzerkl\u00e4rungen gesondert pr\u00fcfen.<\/p>\n<p>Bitte beachten Sie hierzu unsere <a href=\"https:\/\/bonbonladenundfeines.de\/shop\/datenschutz\/\">Datenschutzerkl\u00e4rung<\/a><\/p>\n<h2><strong>9. Anwendbares Recht<\/strong><\/h2>\n<p>Es gilt ausschlie\u00dflich deutsches Recht. Gegen\u00fcber einem Verbraucher gilt diese Rechtswahl nur insoweit, als dadurch keine zwingenden gesetzlichen Bestimmungen des Staates, in dem er seinen Wohnsitz oder gew\u00f6hnlichen Aufenthalt hat, eingeschr\u00e4nkt werden.<\/p>\n<\/div>\n<\/div>\n<\/div>\n<\/div>\n<\/div><div class=\"fusion-clearfix\"><\/div><\/div><\/div><\/div><\/div><div class=\"fusion-fullwidth fullwidth-box fusion-builder-row-2 nonhundred-percent-fullwidth non-hundred-percent-height-scrolling\" style=\"--awb-border-radius-top-left:0px;--awb-border-radius-top-right:0px;--awb-border-radius-bottom-right:0px;--awb-border-radius-bottom-left:0px;--awb-flex-wrap:wrap;\" ><div class=\"fusion-builder-row fusion-row\"><div class=\"fusion-layout-column fusion_builder_column fusion-builder-column-1 fusion_builder_column_1_1 1_1 fusion-one-full fusion-column-first fusion-column-last\" style=\"--awb-bg-size:cover;--awb-margin-bottom:0px;\"><div class=\"fusion-column-wrapper fusion-flex-column-wrapper-legacy\"><div class=\"fusion-text fusion-text-2\"><\/div><div class=\"fusion-clearfix\"><\/div><\/div><\/div><\/div><\/div><\/p>\n","protected":false},"excerpt":{"rendered":"","protected":false},"author":1,"featured_media":0,"parent":0,"menu_order":0,"comment_status":"closed","ping_status":"closed","template":"","meta":{"footnotes":""},"class_list":["post-1658","page","type-page","status-publish","hentry"],"_links":{"self":[{"href":"https:\/\/bonbonladenundfeines.de\/shop\/wp-json\/wp\/v2\/pages\/1658","targetHints":{"allow":["GET"]}}],"collection":[{"href":"https:\/\/bonbonladenundfeines.de\/shop\/wp-json\/wp\/v2\/pages"}],"about":[{"href":"https:\/\/bonbonladenundfeines.de\/shop\/wp-json\/wp\/v2\/types\/page"}],"author":[{"embeddable":true,"href":"https:\/\/bonbonladenundfeines.de\/shop\/wp-json\/wp\/v2\/users\/1"}],"replies":[{"embeddable":true,"href":"https:\/\/bonbonladenundfeines.de\/shop\/wp-json\/wp\/v2\/comments?post=1658"}],"version-history":[{"count":0,"href":"https:\/\/bonbonladenundfeines.de\/shop\/wp-json\/wp\/v2\/pages\/1658\/revisions"}],"wp:attachment":[{"href":"https:\/\/bonbonladenundfeines.de\/shop\/wp-json\/wp\/v2\/media?parent=1658"}],"curies":[{"name":"wp","href":"https:\/\/api.w.org\/{rel}","templated":true}]}}