{"id":1661,"date":"2018-05-31T00:10:50","date_gmt":"2018-05-30T22:10:50","guid":{"rendered":"https:\/\/bonbonladenundfeines.de\/wp2018\/bezahlmoeglichkeiten\/"},"modified":"2026-03-11T16:50:17","modified_gmt":"2026-03-11T15:50:17","slug":"zahlungsarten","status":"publish","type":"page","link":"https:\/\/bonbonladenundfeines.de\/shop\/zahlungsarten\/","title":{"rendered":"Zahlungsarten"},"content":{"rendered":"<div class=\"fusion-fullwidth fullwidth-box fusion-builder-row-1 nonhundred-percent-fullwidth non-hundred-percent-height-scrolling\" style=\"--awb-border-radius-top-left:0px;--awb-border-radius-top-right:0px;--awb-border-radius-bottom-right:0px;--awb-border-radius-bottom-left:0px;--awb-flex-wrap:wrap;\" ><div class=\"fusion-builder-row fusion-row\"><div class=\"fusion-layout-column fusion_builder_column fusion-builder-column-0 fusion_builder_column_1_1 1_1 fusion-one-full fusion-column-first fusion-column-last\" style=\"--awb-bg-size:cover;--awb-margin-bottom:0px;\"><div class=\"fusion-column-wrapper fusion-flex-column-wrapper-legacy\"><div class=\"fusion-text fusion-text-1\"><h1 data-fontsize=\"40\" style=\"--fontSize: 40; line-height: 1;\" data-lineheight=\"40px\" class=\"fusion-responsive-typography-calculated\">Unsere Zahlungsm\u00f6glichkeiten<\/h1>\n<h2 data-fontsize=\"35\" style=\"--fontSize: 35; line-height: 1;\" data-lineheight=\"35px\" class=\"fusion-responsive-typography-calculated\">PayPal<\/h2>\n<p>Bezahle bequem und sicher mit deinem PayPal-Konto. Nach Abschluss der Bestellung wirst du direkt zu PayPal weitergeleitet, um die Zahlung durchzuf\u00fchren.<\/p>\n<h2 data-fontsize=\"35\" style=\"--fontSize: 35; line-height: 1;\" data-lineheight=\"35px\" class=\"fusion-responsive-typography-calculated\">Klarna<\/h2>\n<p>Bezahle deine Bestellung bequem mit Klarna. Je nach Verf\u00fcgbarkeit kannst du zwischen verschiedenen Zahlungsarten wie Rechnung, Sofort\u00fcberweisung oder Ratenkauf w\u00e4hlen. Die Zahlung wird direkt \u00fcber Klarna abgewickelt.<\/p>\n<h2 data-fontsize=\"35\" style=\"--fontSize: 35; line-height: 1;\" data-lineheight=\"35px\" class=\"fusion-responsive-typography-calculated\">Vorkasse<\/h2>\n<p>\u00dcberweise den Rechnungsbetrag direkt auf unsere Bankverbindung. Bitte gib dabei die Bestellnummer als Verwendungszweck an. Deine Bestellung wird versandt, sobald der Zahlungseingang auf unserem Konto verbucht wurde.<\/p>\n<\/div><div class=\"fusion-clearfix\"><\/div><\/div><\/div><\/div><\/div>\n","protected":false},"excerpt":{"rendered":"","protected":false},"author":1,"featured_media":0,"parent":0,"menu_order":0,"comment_status":"closed","ping_status":"closed","template":"","meta":{"footnotes":""},"class_list":["post-1661","page","type-page","status-publish","hentry"],"_links":{"self":[{"href":"https:\/\/bonbonladenundfeines.de\/shop\/wp-json\/wp\/v2\/pages\/1661","targetHints":{"allow":["GET"]}}],"collection":[{"href":"https:\/\/bonbonladenundfeines.de\/shop\/wp-json\/wp\/v2\/pages"}],"about":[{"href":"https:\/\/bonbonladenundfeines.de\/shop\/wp-json\/wp\/v2\/types\/page"}],"author":[{"embeddable":true,"href":"https:\/\/bonbonladenundfeines.de\/shop\/wp-json\/wp\/v2\/users\/1"}],"replies":[{"embeddable":true,"href":"https:\/\/bonbonladenundfeines.de\/shop\/wp-json\/wp\/v2\/comments?post=1661"}],"version-history":[{"count":3,"href":"https:\/\/bonbonladenundfeines.de\/shop\/wp-json\/wp\/v2\/pages\/1661\/revisions"}],"predecessor-version":[{"id":7539,"href":"https:\/\/bonbonladenundfeines.de\/shop\/wp-json\/wp\/v2\/pages\/1661\/revisions\/7539"}],"wp:attachment":[{"href":"https:\/\/bonbonladenundfeines.de\/shop\/wp-json\/wp\/v2\/media?parent=1661"}],"curies":[{"name":"wp","href":"https:\/\/api.w.org\/{rel}","templated":true}]}}