{"id":1707,"date":"2018-10-27T09:40:51","date_gmt":"2018-10-27T07:40:51","guid":{"rendered":"https:\/\/bonbonladenundfeines.de\/wp2018\/?page_id=1707"},"modified":"2020-05-01T09:57:46","modified_gmt":"2020-05-01T07:57:46","slug":"bestellvorgang","status":"publish","type":"page","link":"https:\/\/bonbonladenundfeines.de\/shop\/bestellvorgang\/","title":{"rendered":"Bestellvorgang"},"content":{"rendered":"<div class=\"fusion-fullwidth fullwidth-box fusion-builder-row-1 nonhundred-percent-fullwidth non-hundred-percent-height-scrolling\" style=\"--awb-border-radius-top-left:0px;--awb-border-radius-top-right:0px;--awb-border-radius-bottom-right:0px;--awb-border-radius-bottom-left:0px;--awb-flex-wrap:wrap;\" ><div class=\"fusion-builder-row fusion-row\"><div class=\"fusion-layout-column fusion_builder_column fusion-builder-column-0 fusion_builder_column_1_1 1_1 fusion-one-full fusion-column-first fusion-column-last\" style=\"--awb-bg-size:cover;\"><div class=\"fusion-column-wrapper fusion-flex-column-wrapper-legacy\"><div class=\"fusion-text fusion-text-1\"><h1>Bestellvorgang, einfach und bequem bestellen<\/h1>\n<h2><strong>Wie kann ich bei Bonbonladen &amp; Feines bestellen?<\/strong><\/h2>\n<h3>1. Warenkorb<\/h3>\n<p>W\u00e4hlen Sie die Produkte aus, die Sie bestellen m\u00f6chten, indem Sie den &#8222;In den Warenkorb&#8220; Button anklicken. Dadurch wird Ihre Auswahl in den Warenkorb gelegt. Sie k\u00f6nnen diese Auswahl bis zum Absenden Ihrer Bestellung jederzeit \u00e4ndern, in dem Sie die Anzahl der Produkte \u00e4ndern, durch Anklicken des K\u00e4stchens &#8222;Entfernen&#8220; die Auswahl l\u00f6schen oder den Bestellvorgang abbrechen. Durch Anklicken des Buttons &#8222;Kasse&#8220; gelangen Sie zum n\u00e4chsten Bestellschritt.<\/p>\n<h3>2. Kasse<\/h3>\n<p>Melden Sie sich bitte mit Ihrer eMail Adresse und Ihrem Passwort an falls Sie bereits ein Kundenkonto besitzen, ansonsten registrieren Sie sich bitte als neuer Kunde. Ihre Daten werden unter Beachtung der datenschutzrechtlichen Bestimmungen erhoben, verarbeitet und genutzt (<a href=\"https:\/\/bonbonladenundfeines.de\/shop\/datenschutz\/\">Datenschutzerkl\u00e4rung<\/a>). Eine anderweitige Verwendung oder Weitergabe an Dritte erfolgt nicht. Durch klicken des Buttons &#8222;Weiter&#8220; gelangen Sie zum n\u00e4chsten Bestellschritt.<\/p>\n<h3>3. Rechnungsadresse pr\u00fcfen \/ Zahlungsweise ausw\u00e4hlen<\/h3>\n<p>\u00dcberpr\u00fcfen Sie nun Ihre Rechnungsadresse und geben Sie Ihre gew\u00fcnschte <a href=\"https:\/\/bonbonladenundfeines.de\/shop\/zahlungsarten\/\">Zahlungsarten<\/a> an. Durch Klicken des Buttons &#8222;Weiter&#8220; gelangen Sie zum n\u00e4chsten Bestellschritt.<\/p>\n<h3>4. Versandadresse pr\u00fcfen \/ Versandart ausw\u00e4hlen<\/h3>\n<p>\u00dcberpr\u00fcfen Sie nun Ihre Versandadresse und\u00a0 gelangen Sie durch klicken des Buttons &#8222;Weiter&#8220;\u00a0 zum n\u00e4chsten Bestellschritt.<\/p>\n<h3>5. Bestellvorgang abschlie\u00dfen \/ AGB und Datenschutz<\/h3>\n<p>Sie erhalten eine \u00dcbersicht Ihrer Bestellung: die ausgew\u00e4hlten Produkte, die Versand- und Rechnungsadresse und Ihre Kontaktdaten. \u00dcberpr\u00fcfen Sie, ob alle Angaben stimmen und lesen sich bitte die <a href=\"https:\/\/bonbonladenundfeines.de\/shop\/agb\/\">Allgemeinen Gesch\u00e4ftsbedingungen<\/a> und die <a href=\"https:\/\/bonbonladenundfeines.de\/shop\/widerrufsbelehrung\/\">Widerrufsbelehrung<\/a> aufmerksam durch. Sie k\u00f6nnen mit der Bestellung nur fortfahren, wenn Sie den AGB und der Datenschutzerkl\u00e4rung zustimmen (H\u00e4kchen setzen). Mit dem Anklicken des Buttons &#8222;Bestellung absenden&#8220; \u00fcbersenden Sie Ihre Bestellung an uns. Hiermit geben Sie ein rechtsverbindliches Angebot (Bestellung) ab.<\/p>\n<h3>Widerrufsrecht f\u00fcr Verbraucher<\/h3>\n<p>Alle Informationen zum <a href=\"https:\/\/bonbonladenundfeines.de\/shop\/widerrufsbelehrung\/\">Widerrufsrecht<\/a><\/p>\n<\/div><div class=\"fusion-clearfix\"><\/div><\/div><\/div><\/div><\/div>\n","protected":false},"excerpt":{"rendered":"","protected":false},"author":1,"featured_media":0,"parent":0,"menu_order":0,"comment_status":"closed","ping_status":"closed","template":"","meta":{"footnotes":""},"class_list":["post-1707","page","type-page","status-publish","hentry"],"_links":{"self":[{"href":"https:\/\/bonbonladenundfeines.de\/shop\/wp-json\/wp\/v2\/pages\/1707","targetHints":{"allow":["GET"]}}],"collection":[{"href":"https:\/\/bonbonladenundfeines.de\/shop\/wp-json\/wp\/v2\/pages"}],"about":[{"href":"https:\/\/bonbonladenundfeines.de\/shop\/wp-json\/wp\/v2\/types\/page"}],"author":[{"embeddable":true,"href":"https:\/\/bonbonladenundfeines.de\/shop\/wp-json\/wp\/v2\/users\/1"}],"replies":[{"embeddable":true,"href":"https:\/\/bonbonladenundfeines.de\/shop\/wp-json\/wp\/v2\/comments?post=1707"}],"version-history":[{"count":0,"href":"https:\/\/bonbonladenundfeines.de\/shop\/wp-json\/wp\/v2\/pages\/1707\/revisions"}],"wp:attachment":[{"href":"https:\/\/bonbonladenundfeines.de\/shop\/wp-json\/wp\/v2\/media?parent=1707"}],"curies":[{"name":"wp","href":"https:\/\/api.w.org\/{rel}","templated":true}]}}