{"id":1963,"date":"2019-03-17T16:19:29","date_gmt":"2019-03-17T15:19:29","guid":{"rendered":"https:\/\/www.bonbonladenundfeines.de\/?page_id=1963"},"modified":"2026-03-11T15:13:37","modified_gmt":"2026-03-11T14:13:37","slug":"neue-startseite-gutschm","status":"publish","type":"page","link":"https:\/\/bonbonladenundfeines.de\/shop\/","title":{"rendered":"Home"},"content":{"rendered":"<p><div class=\"fusion-fullwidth fullwidth-box fusion-builder-row-1 nonhundred-percent-fullwidth non-hundred-percent-height-scrolling\" style=\"--awb-background-repeat:repeat-x;--awb-border-sizes-top:2px;--awb-border-sizes-bottom:2px;--awb-border-sizes-left:0px;--awb-border-sizes-right:0px;--awb-border-color:#e91e63;--awb-border-radius-top-left:0px;--awb-border-radius-top-right:0px;--awb-border-radius-bottom-right:0px;--awb-border-radius-bottom-left:0px;--awb-padding-top:50px;--awb-padding-right:30px;--awb-padding-bottom:30px;--awb-padding-left:30px;--awb-margin-bottom:50px;--awb-background-color:rgba(233,30,99,0.11);--awb-flex-wrap:wrap;\" ><div class=\"fusion-builder-row fusion-row\"><div class=\"fusion-layout-column fusion_builder_column fusion-builder-column-0 fusion_builder_column_1_1 1_1 fusion-one-full fusion-column-first fusion-column-last fusion-animated\" style=\"--awb-bg-size:cover;\" data-animationType=\"bounceInLeft\" data-animationDuration=\"1.0\" data-animationOffset=\"top-into-view\"><div class=\"fusion-column-wrapper fusion-column-has-shadow fusion-flex-column-wrapper-legacy\"><div class=\"fusion-text fusion-text-1\"><h1 data-fontsize=\"40\" style=\"--fontSize: 40; line-height: 1;\" data-lineheight=\"40px\" class=\"fusion-responsive-typography-calculated\"><span style=\"color: #e91e63;\"><strong><i class=\"fb-icon-element-1 fb-icon-element fontawesome-icon fa-candy-cane fas circle-yes fusion-text-flow\" style=\"--awb-circlecolor:#e91e63;--awb-circlecolor-hover:#e91e63;--awb-circlebordercolor:#ffffff;--awb-circlebordercolor-hover:#ffffff;--awb-circlebordersize:1px;--awb-font-size:28.16px;--awb-width:56.32px;--awb-height:56.32px;--awb-line-height:54.32px;--awb-margin-right:16px;\"><\/i>Bestpreisgarantie bei Bonbonladen &amp; Feines mit bis zu 15 % Rabatt!<br \/>\n<\/strong><\/span><\/h1>\n<\/div><div class=\"fusion-clearfix\"><\/div><\/div><\/div><div class=\"fusion-layout-column fusion_builder_column fusion-builder-column-1 fusion_builder_column_1_2 1_2 fusion-one-half fusion-column-first fusion-animated\" style=\"--awb-bg-size:cover;width:50%;width:calc(50% - ( ( 4% ) * 0.5 ) );margin-right: 4%;\" data-animationType=\"bounceInLeft\" data-animationDuration=\"1.0\" data-animationOffset=\"top-into-view\"><div class=\"fusion-column-wrapper fusion-column-has-shadow fusion-flex-column-wrapper-legacy\"><div class=\"fusion-text fusion-text-2\"><p><span style=\"color: #e91e63;\"><strong>Beste Preise!<\/strong><\/span><\/p>\n<ul>\n<li><span style=\"color: #e91e63;\">Bonbons, Fruchtgummi, Mellow, Lakritz <strong>ab 1,62 \u20ac f\u00fcr 100g<\/strong><\/span><\/li>\n<li><span style=\"color: #e91e63;\">Spezialit\u00e4ten<strong> ab 3,32 \u20ac f\u00fcr 100g<\/strong><\/span><\/li>\n<li><span style=\"color: #e91e63;\">Pralinen ab <strong>5,87 \u20ac f\u00fcr 100g<\/strong><\/span><\/li>\n<\/ul>\n<\/div><div class=\"fusion-clearfix\"><\/div><\/div><\/div><div class=\"fusion-layout-column fusion_builder_column fusion-builder-column-2 fusion_builder_column_1_2 1_2 fusion-one-half fusion-column-last fusion-animated\" style=\"--awb-bg-size:cover;width:50%;width:calc(50% - ( ( 4% ) * 0.5 ) );\" data-animationType=\"bounceInLeft\" data-animationDuration=\"1.0\" data-animationOffset=\"top-into-view\"><div class=\"fusion-column-wrapper fusion-column-has-shadow fusion-flex-column-wrapper-legacy\"><div class=\"fusion-text fusion-text-3\"><p><span style=\"color: #e91e63;\"><strong>Beste Rabatte!<\/strong><\/span><\/p>\n<ul>\n<li><span style=\"color: #e91e63;\">Ab 15,-\u20ac Warenkorbwert: <strong>5 % Rabatt<\/strong><\/span><\/li>\n<li><span style=\"color: #e91e63;\">Ab 25,-\u20ac Warenkorbwert: <strong>10 % Rabatt<\/strong><\/span><\/li>\n<li><span style=\"color: #e91e63;\">Ab 50,-\u20ac Warenkorbwert: <strong>15 % Rabatt<\/strong><\/span><\/li>\n<\/ul>\n<\/div><div class=\"fusion-clearfix\"><\/div><\/div><\/div><\/div><\/div><div class=\"fusion-fullwidth fullwidth-box fusion-builder-row-2 nonhundred-percent-fullwidth non-hundred-percent-height-scrolling\" style=\"--awb-background-repeat:repeat-x;--awb-border-radius-top-left:0px;--awb-border-radius-top-right:0px;--awb-border-radius-bottom-right:0px;--awb-border-radius-bottom-left:0px;--awb-flex-wrap:wrap;\" ><div class=\"fusion-builder-row fusion-row\"><div class=\"fusion-layout-column fusion_builder_column fusion-builder-column-3 fusion_builder_column_1_1 1_1 fusion-one-full fusion-column-first fusion-column-last\" style=\"--awb-bg-size:cover;\"><div class=\"fusion-column-wrapper fusion-flex-column-wrapper-legacy\"><div class=\"fusion-text fusion-text-4\"><h2>Bonbonladen &amp; Feines hei\u00dft Sie herzlich willkommen!<\/h2>\n<\/div><div class=\"fusion-clearfix\"><\/div><\/div><\/div><div class=\"fusion-layout-column fusion_builder_column fusion-builder-column-4 fusion_builder_column_1_2 1_2 fusion-one-half fusion-column-first\" style=\"--awb-bg-size:cover;width:50%;width:calc(50% - ( ( 4% ) * 0.5 ) );margin-right: 4%;\"><div class=\"fusion-column-wrapper fusion-flex-column-wrapper-legacy\"><div class=\"fusion-text fusion-text-5\"><p>500 Artikel online f\u00fcr Sie als Verbraucher und Endkunden verf\u00fcgbar! Die Lieferung erfolgt bereits ab 100 Gramm ohne einen Mindestbestellwert. Ab 50,-\u20ac Warenkorbwert liefern wir versandkostenfrei und das deutschlandweit!<\/p>\n<\/div><div class=\"fusion-clearfix\"><\/div><\/div><\/div><div class=\"fusion-layout-column fusion_builder_column fusion-builder-column-5 fusion_builder_column_1_2 1_2 fusion-one-half fusion-column-last\" style=\"--awb-bg-size:cover;width:50%;width:calc(50% - ( ( 4% ) * 0.5 ) );\"><div class=\"fusion-column-wrapper fusion-flex-column-wrapper-legacy\"><div class=\"fusion-text fusion-text-6\"><p>Unsere hochwertigen vorwiegend handwerklich traditionell gefertigten Produkte finden Sie auch lokal zum Shoppen in unseren Bonbonladen &amp; Feines Standorten. Weitere Informationen hierzu unter <a href=\"https:\/\/bonbonladenundfeines.de\/#standorte\">www.bonbonladenundfeines.de.<\/a><\/p>\n<\/div><div class=\"fusion-clearfix\"><\/div><\/div><\/div><\/div><\/div><div class=\"fusion-fullwidth fullwidth-box fusion-builder-row-3 nonhundred-percent-fullwidth non-hundred-percent-height-scrolling\" style=\"--awb-background-repeat:repeat-x;--awb-border-radius-top-left:0px;--awb-border-radius-top-right:0px;--awb-border-radius-bottom-right:0px;--awb-border-radius-bottom-left:0px;--awb-padding-top:25px;--awb-flex-wrap:wrap;\" ><div class=\"fusion-builder-row fusion-row\"><div class=\"fusion-layout-column fusion_builder_column fusion-builder-column-6 fusion_builder_column_1_1 1_1 fusion-one-full fusion-column-first fusion-column-last\" style=\"--awb-bg-size:cover;\"><div class=\"fusion-column-wrapper fusion-flex-column-wrapper-legacy\"><div class=\"fusion-text fusion-text-7\"><h2>Pr\u00e4sente &amp; Geschenke\u00a0 &#8211;\u00a0 Es war noch nie so einfach!<\/h2>\n<p>Mit Liebe auserw\u00e4hlte S\u00fc\u00dfigkeiten und Spezialit\u00e4ten als <strong>Pr\u00e4sente<\/strong> zusammengestellt. F\u00fcr verschiedene Anl\u00e4sse wie Geburtstage, Hochzeiten, Ostern, Weihnachten usw. geeignet. Und das beste ist jedes Pr\u00e4sent ist mit einer kleinen Gru\u00dfkarte <strong>personalisierbar <\/strong>(Einfach als Bestellnotiz beim Bestellvorgang mit angeben!) Der Versand erfolgt an eine <strong>Wunschadresse<\/strong> Ihrer Wahl (wird im Bestellvorgang abgefragt). <span class=\"fusion-contact-info-phone-number\">Fragen hierzu? Kein Problem! Einfach unter 04625 &#8211; 181 35 00<\/span><span class=\"fusion-header-separator\"> durchrufen oder eine E-Mail an <\/span><span class=\"fusion-contact-info-email-address\"><a href=\"mailto:info@bonbonladenundfeines.de\">info@bonbonladenundfeines.de<\/a> schreiben.<\/span><\/p>\n<\/div><div class=\"fusion-woo-product-slider fusion-woo-slider\"><div class=\"awb-carousel awb-swiper awb-swiper-carousel fusion-carousel-title-below-image\" style=\"--awb-column-spacing:9px;\" data-metacontent=\"yes\" data-autoplay=\"yes\" data-columns=\"5\" data-itemmargin=\"9\" data-itemwidth=\"180\" data-touchscroll=\"no\" data-imagesize=\"fixed\"><div class=\"swiper-wrapper\"><div class=\"swiper-slide\"><div class=\"fusion-classic-product-image-wrapper\"><div class=\"fusion-carousel-item-wrapper\"><div  class=\"fusion-image-wrapper fusion-image-size-fixed\" aria-haspopup=\"true\">\n\t\t\t\t<div class=\"fusion-woo-badges-wrapper\">\n<\/div><img decoding=\"async\" width=\"177\" height=\"142\" src=\"https:\/\/bonbonladenundfeines.de\/shop\/wp-content\/uploads\/2026\/03\/E6C25904-C3A8-4439-BA3D-64E6D466E7D1-177x142.png\" class=\"attachment-portfolio-five size-portfolio-five wp-post-image\" alt=\"\" \/><div class=\"fusion-rollover\">\n\t<div class=\"fusion-rollover-content\">\n\n\t\t\t\t\n\t\t\n\t\t\t\t\t\t\t\t\n\t\t\t\t\t\t\t\t\n\t\t\n\t\t\t\t\t\t\t\t\n\t\t\t\t\t\t\n\t\t\t\t\t\t\t\t\t\t<div class=\"fusion-product-buttons\">\n\t\t\t\t\t<a href=\"\/shop\/wp-json\/wp\/v2\/pages\/1963?add-to-cart=7598\" aria-describedby=\"woocommerce_loop_add_to_cart_link_describedby_7598\" data-quantity=\"1\" class=\"button product_type_simple add_to_cart_button ajax_add_to_cart\" data-product_id=\"7598\" data-product_sku=\"940002-40006\" aria-label=\"In den Warenkorb legen: \u201eLimitierte Mellow Sektflasche\u201c\" rel=\"nofollow\">In den Warenkorb<\/a>\t<span id=\"woocommerce_loop_add_to_cart_link_describedby_7598\" class=\"screen-reader-text\">\n\t\t\t<\/span>\n<span class=\"fusion-rollover-linebreak\">\n\t<\/span>\n\n<a href=\"https:\/\/bonbonladenundfeines.de\/shop\/shop\/produkt\/mellow-sektflasche\/\" class=\"show_details_button\">\n\tDetails<\/a>\n\n\t\t\t\t<\/div>\n\t\t\t\t\t\t\t\t\t<a class=\"fusion-link-wrapper\" href=\"https:\/\/bonbonladenundfeines.de\/shop\/shop\/produkt\/mellow-sektflasche\/\" aria-label=\"Limitierte Mellow Sektflasche\"><\/a>\n\t<\/div>\n<\/div>\n<\/div>\n<h4 class=\"fusion-carousel-title product-title\"><a href=\"https:\/\/bonbonladenundfeines.de\/shop\/shop\/produkt\/mellow-sektflasche\/\" target=\"_self\">Limitierte Mellow Sektflasche<\/a><\/h4><div class=\"fusion-carousel-meta\"><div class=\"fusion-carousel-price\">\n\t<span class=\"price\"><span class=\"woocommerce-Price-amount amount\"><bdi><span class=\"woocommerce-Price-currencySymbol\">&euro;<\/span>10,00<\/bdi><\/span><\/span>\n<\/div><\/div><\/div><\/div><\/div><div class=\"swiper-slide\"><div class=\"fusion-classic-product-image-wrapper\"><div class=\"fusion-carousel-item-wrapper\"><div  class=\"fusion-image-wrapper fusion-image-size-fixed\" aria-haspopup=\"true\">\n\t\t\t\t<div class=\"fusion-woo-badges-wrapper\">\n<\/div><img decoding=\"async\" width=\"177\" height=\"142\" src=\"https:\/\/bonbonladenundfeines.de\/shop\/wp-content\/uploads\/2026\/03\/A693BAB7-0184-40A2-9ACE-67A247C5185C-177x142.png\" class=\"attachment-portfolio-five size-portfolio-five wp-post-image\" alt=\"\" \/><div class=\"fusion-rollover\">\n\t<div class=\"fusion-rollover-content\">\n\n\t\t\t\t\n\t\t\n\t\t\t\t\t\t\t\t\n\t\t\t\t\t\t\t\t\n\t\t\n\t\t\t\t\t\t\t\t\n\t\t\t\t\t\t\n\t\t\t\t\t\t\t\t\t\t<div class=\"fusion-product-buttons\">\n\t\t\t\t\t<a href=\"\/shop\/wp-json\/wp\/v2\/pages\/1963?add-to-cart=7596\" aria-describedby=\"woocommerce_loop_add_to_cart_link_describedby_7596\" data-quantity=\"1\" class=\"button product_type_simple add_to_cart_button ajax_add_to_cart\" data-product_id=\"7596\" data-product_sku=\"940002-40005\" aria-label=\"In den Warenkorb legen: \u201eMellow Glas\u201c\" rel=\"nofollow\">In den Warenkorb<\/a>\t<span id=\"woocommerce_loop_add_to_cart_link_describedby_7596\" class=\"screen-reader-text\">\n\t\t\t<\/span>\n<span class=\"fusion-rollover-linebreak\">\n\t<\/span>\n\n<a href=\"https:\/\/bonbonladenundfeines.de\/shop\/shop\/produkt\/mellow-kilo-glas\/\" class=\"show_details_button\">\n\tDetails<\/a>\n\n\t\t\t\t<\/div>\n\t\t\t\t\t\t\t\t\t<a class=\"fusion-link-wrapper\" href=\"https:\/\/bonbonladenundfeines.de\/shop\/shop\/produkt\/mellow-kilo-glas\/\" aria-label=\"Mellow Glas\"><\/a>\n\t<\/div>\n<\/div>\n<\/div>\n<h4 class=\"fusion-carousel-title product-title\"><a href=\"https:\/\/bonbonladenundfeines.de\/shop\/shop\/produkt\/mellow-kilo-glas\/\" target=\"_self\">Mellow Glas<\/a><\/h4><div class=\"fusion-carousel-meta\"><div class=\"fusion-carousel-price\">\n\t<span class=\"price\"><span class=\"woocommerce-Price-amount amount\"><bdi><span class=\"woocommerce-Price-currencySymbol\">&euro;<\/span>20,00<\/bdi><\/span><\/span>\n<\/div><\/div><\/div><\/div><\/div><div class=\"swiper-slide\"><div class=\"fusion-classic-product-image-wrapper\"><div class=\"fusion-carousel-item-wrapper\"><div  class=\"fusion-image-wrapper fusion-image-size-fixed\" aria-haspopup=\"true\">\n\t\t\t\t<div class=\"fusion-woo-badges-wrapper\">\n<\/div><img decoding=\"async\" width=\"177\" height=\"142\" src=\"https:\/\/bonbonladenundfeines.de\/shop\/wp-content\/uploads\/2026\/03\/45BE0CE2-F462-4E95-BB68-88B04588E7BD-177x142.png\" class=\"attachment-portfolio-five size-portfolio-five wp-post-image\" alt=\"\" \/><div class=\"fusion-rollover\">\n\t<div class=\"fusion-rollover-content\">\n\n\t\t\t\t\n\t\t\n\t\t\t\t\t\t\t\t\n\t\t\t\t\t\t\t\t\n\t\t\n\t\t\t\t\t\t\t\t\n\t\t\t\t\t\t\n\t\t\t\t\t\t\t\t\t\t<div class=\"fusion-product-buttons\">\n\t\t\t\t\t<a href=\"\/shop\/wp-json\/wp\/v2\/pages\/1963?add-to-cart=7594\" aria-describedby=\"woocommerce_loop_add_to_cart_link_describedby_7594\" data-quantity=\"1\" class=\"button product_type_simple add_to_cart_button ajax_add_to_cart\" data-product_id=\"7594\" data-product_sku=\"940002-40004\" aria-label=\"In den Warenkorb legen: \u201eBonbon Kilo Glas\u201c\" rel=\"nofollow\">In den Warenkorb<\/a>\t<span id=\"woocommerce_loop_add_to_cart_link_describedby_7594\" class=\"screen-reader-text\">\n\t\t\t<\/span>\n<span class=\"fusion-rollover-linebreak\">\n\t<\/span>\n\n<a href=\"https:\/\/bonbonladenundfeines.de\/shop\/shop\/produkt\/bonbon-kilo-glas\/\" class=\"show_details_button\">\n\tDetails<\/a>\n\n\t\t\t\t<\/div>\n\t\t\t\t\t\t\t\t\t<a class=\"fusion-link-wrapper\" href=\"https:\/\/bonbonladenundfeines.de\/shop\/shop\/produkt\/bonbon-kilo-glas\/\" aria-label=\"Bonbon Kilo Glas\"><\/a>\n\t<\/div>\n<\/div>\n<\/div>\n<h4 class=\"fusion-carousel-title product-title\"><a href=\"https:\/\/bonbonladenundfeines.de\/shop\/shop\/produkt\/bonbon-kilo-glas\/\" target=\"_self\">Bonbon Kilo Glas<\/a><\/h4><div class=\"fusion-carousel-meta\"><div class=\"fusion-carousel-price\">\n\t<span class=\"price\"><span class=\"woocommerce-Price-amount amount\"><bdi><span class=\"woocommerce-Price-currencySymbol\">&euro;<\/span>20,00<\/bdi><\/span><\/span>\n<\/div><\/div><\/div><\/div><\/div><div class=\"swiper-slide\"><div class=\"fusion-classic-product-image-wrapper\"><div class=\"fusion-carousel-item-wrapper\"><div  class=\"fusion-image-wrapper fusion-image-size-fixed\" aria-haspopup=\"true\">\n\t\t\t\t<div class=\"fusion-woo-badges-wrapper\">\n<\/div><img decoding=\"async\" width=\"177\" height=\"142\" src=\"https:\/\/bonbonladenundfeines.de\/shop\/wp-content\/uploads\/2026\/03\/3458B027-D5D4-4E12-B643-7D87A7D29D32-177x142.png\" class=\"attachment-portfolio-five size-portfolio-five wp-post-image\" alt=\"\" \/><div class=\"fusion-rollover\">\n\t<div class=\"fusion-rollover-content\">\n\n\t\t\t\t\n\t\t\n\t\t\t\t\t\t\t\t\n\t\t\t\t\t\t\t\t\n\t\t\n\t\t\t\t\t\t\t\t\n\t\t\t\t\t\t\n\t\t\t\t\t\t\t\t\t\t<div class=\"fusion-product-buttons\">\n\t\t\t\t\t<a href=\"\/shop\/wp-json\/wp\/v2\/pages\/1963?add-to-cart=7591\" aria-describedby=\"woocommerce_loop_add_to_cart_link_describedby_7591\" data-quantity=\"1\" class=\"button product_type_simple add_to_cart_button ajax_add_to_cart\" data-product_id=\"7591\" data-product_sku=\"940002-40003\" aria-label=\"In den Warenkorb legen: \u201eFruchtgummi Kilo Glas\u201c\" rel=\"nofollow\">In den Warenkorb<\/a>\t<span id=\"woocommerce_loop_add_to_cart_link_describedby_7591\" class=\"screen-reader-text\">\n\t\t\t<\/span>\n<span class=\"fusion-rollover-linebreak\">\n\t<\/span>\n\n<a href=\"https:\/\/bonbonladenundfeines.de\/shop\/shop\/produkt\/fruchtgummi-kilo-glas\/\" class=\"show_details_button\">\n\tDetails<\/a>\n\n\t\t\t\t<\/div>\n\t\t\t\t\t\t\t\t\t<a class=\"fusion-link-wrapper\" href=\"https:\/\/bonbonladenundfeines.de\/shop\/shop\/produkt\/fruchtgummi-kilo-glas\/\" aria-label=\"Fruchtgummi Kilo Glas\"><\/a>\n\t<\/div>\n<\/div>\n<\/div>\n<h4 class=\"fusion-carousel-title product-title\"><a href=\"https:\/\/bonbonladenundfeines.de\/shop\/shop\/produkt\/fruchtgummi-kilo-glas\/\" target=\"_self\">Fruchtgummi Kilo Glas<\/a><\/h4><div class=\"fusion-carousel-meta\"><div class=\"fusion-carousel-price\">\n\t<span class=\"price\"><span class=\"woocommerce-Price-amount amount\"><bdi><span class=\"woocommerce-Price-currencySymbol\">&euro;<\/span>20,00<\/bdi><\/span><\/span>\n<\/div><\/div><\/div><\/div><\/div><div class=\"swiper-slide\"><div class=\"fusion-classic-product-image-wrapper\"><div class=\"fusion-carousel-item-wrapper\"><div  class=\"fusion-image-wrapper fusion-image-size-fixed\" aria-haspopup=\"true\">\n\t\t\t\t<div class=\"fusion-woo-badges-wrapper\">\n<\/div><img decoding=\"async\" width=\"177\" height=\"142\" src=\"https:\/\/bonbonladenundfeines.de\/shop\/wp-content\/uploads\/2021\/05\/DAB58987-C0BC-45DF-B02D-EBEEFB9CB0FB-177x142.png\" class=\"attachment-portfolio-five size-portfolio-five wp-post-image\" alt=\"\" \/><div class=\"fusion-rollover\">\n\t<div class=\"fusion-rollover-content\">\n\n\t\t\t\t\n\t\t\n\t\t\t\t\t\t\t\t\n\t\t\t\t\t\t\t\t\n\t\t\n\t\t\t\t\t\t\t\t\n\t\t\t\t\t\t\n\t\t\t\t\t\t\t\t\t\t<div class=\"fusion-product-buttons\">\n\t\t\t\t\t<a href=\"\/shop\/wp-json\/wp\/v2\/pages\/1963?add-to-cart=3534\" aria-describedby=\"woocommerce_loop_add_to_cart_link_describedby_3534\" data-quantity=\"1\" class=\"button product_type_simple add_to_cart_button ajax_add_to_cart\" data-product_id=\"3534\" data-product_sku=\"940080\" aria-label=\"In den Warenkorb legen: \u201eSchlemmer Mandel T\u00fcte 130 Gramm\u201c\" rel=\"nofollow\">In den Warenkorb<\/a>\t<span id=\"woocommerce_loop_add_to_cart_link_describedby_3534\" class=\"screen-reader-text\">\n\t\t\t<\/span>\n<span class=\"fusion-rollover-linebreak\">\n\t<\/span>\n\n<a href=\"https:\/\/bonbonladenundfeines.de\/shop\/shop\/produkt\/schlemmer-mandel-tuete\/\" class=\"show_details_button\">\n\tDetails<\/a>\n\n\t\t\t\t<\/div>\n\t\t\t\t\t\t\t\t\t<a class=\"fusion-link-wrapper\" href=\"https:\/\/bonbonladenundfeines.de\/shop\/shop\/produkt\/schlemmer-mandel-tuete\/\" aria-label=\"Schlemmer Mandel T\u00fcte 130 Gramm\"><\/a>\n\t<\/div>\n<\/div>\n<\/div>\n<h4 class=\"fusion-carousel-title product-title\"><a href=\"https:\/\/bonbonladenundfeines.de\/shop\/shop\/produkt\/schlemmer-mandel-tuete\/\" target=\"_self\">Schlemmer Mandel T\u00fcte 130 Gramm<\/a><\/h4><div class=\"fusion-carousel-meta\"><div class=\"fusion-carousel-price\">\n\t<span class=\"price\"><span class=\"woocommerce-Price-amount amount\"><bdi><span class=\"woocommerce-Price-currencySymbol\">&euro;<\/span>3,90<\/bdi><\/span><\/span>\n<\/div><\/div><\/div><\/div><\/div><\/div><div class=\"awb-swiper-button awb-swiper-button-prev\"><i class=\"awb-icon-angle-left\" aria-hidden=\"true\"><\/i><\/div><div class=\"awb-swiper-button awb-swiper-button-next\"><i class=\"awb-icon-angle-right\" aria-hidden=\"true\"><\/i><\/div><\/div><\/div><div class=\"fusion-clearfix\"><\/div><\/div><\/div><\/div><\/div><div class=\"fusion-fullwidth fullwidth-box fusion-builder-row-4 fusion-parallax-none nonhundred-percent-fullwidth non-hundred-percent-height-scrolling\" style=\"--awb-background-repeat:repeat-x;--awb-border-sizes-top:2px;--awb-border-sizes-bottom:2px;--awb-border-sizes-left:0px;--awb-border-sizes-right:0px;--awb-border-color:#ffffff;--awb-border-radius-top-left:0px;--awb-border-radius-top-right:0px;--awb-border-radius-bottom-right:0px;--awb-border-radius-bottom-left:0px;--awb-padding-top:5pxpx;--awb-padding-right:0px;--awb-padding-bottom:0px;--awb-padding-left:0px;--awb-background-image:url(&quot;https:\/\/bonbonladenundfeines.de\/shop\/wp-content\/uploads\/2019\/03\/slider_bg_brombeere.jpg&quot;);--awb-flex-wrap:wrap;\" ><div class=\"fusion-builder-row fusion-row\"><div class=\"fusion-layout-column fusion_builder_column fusion-builder-column-7 fusion_builder_column_2_3 2_3 fusion-two-third fusion-column-first\" style=\"--awb-padding-top:5px;--awb-bg-size:cover;width:66.666666666667%;width:calc(66.666666666667% - ( ( 4% ) * 0.66666666666667 ) );margin-right: 4%;\"><div class=\"fusion-column-wrapper fusion-flex-column-wrapper-legacy\"><div class=\"fusion-sep-clear\"><\/div><div class=\"fusion-separator fusion-full-width-sep\" style=\"margin-left: auto;margin-right: auto;margin-top:35px;width:100%;\"><\/div><div class=\"fusion-sep-clear\"><\/div><div class=\"fusion-text fusion-text-8\"><h2><span style=\"color: #ffffff;\">Sie sind Fachh\u00e4ndler und m\u00f6chten gewerblich einkaufen?<br \/>\n<\/span><\/h2>\n<\/div><div class=\"fusion-text fusion-text-9\"><\/div><div class=\"fusion-clearfix\"><\/div><\/div><\/div><div class=\"fusion-layout-column fusion_builder_column fusion-builder-column-8 fusion_builder_column_1_3 1_3 fusion-one-third fusion-column-last\" style=\"--awb-bg-size:cover;width:33.333333333333%;width:calc(33.333333333333% - ( ( 4% ) * 0.33333333333333 ) );\"><div class=\"fusion-column-wrapper fusion-flex-column-wrapper-legacy\"><div class=\"fusion-sep-clear\"><\/div><div class=\"fusion-separator fusion-full-width-sep\" style=\"margin-left: auto;margin-right: auto;margin-top:35px;width:100%;\"><\/div><div class=\"fusion-sep-clear\"><\/div><div class=\"fusion-button-wrapper\"><a class=\"fusion-button button-flat fusion-button-default-size button-custom fusion-button-default button-1 fusion-button-default-span fusion-button-default-type\" style=\"--button_accent_color:#ffffff;--button_accent_hover_color:#78104b;--button_border_hover_color:#78104b;--button_border_width-top:2px;--button_border_width-right:2px;--button_border_width-bottom:2px;--button_border_width-left:2px;--button_gradient_top_color:#67093b;--button_gradient_bottom_color:#67093b;--button_gradient_top_color_hover:#e8a7dc;--button_gradient_bottom_color_hover:#e8a7dc;\" target=\"_self\" href=\"https:\/\/www.gutschmecker.com\"><span class=\"fusion-button-text awb-button__text awb-button__text--default\">Dann hier entlang<\/span><\/a><\/div><div class=\"fusion-clearfix\"><\/div><\/div><\/div><\/div><\/div><\/p>\n","protected":false},"excerpt":{"rendered":"","protected":false},"author":1,"featured_media":0,"parent":0,"menu_order":0,"comment_status":"closed","ping_status":"closed","template":"100-width.php","meta":{"footnotes":""},"class_list":["post-1963","page","type-page","status-publish","hentry"],"_links":{"self":[{"href":"https:\/\/bonbonladenundfeines.de\/shop\/wp-json\/wp\/v2\/pages\/1963","targetHints":{"allow":["GET"]}}],"collection":[{"href":"https:\/\/bonbonladenundfeines.de\/shop\/wp-json\/wp\/v2\/pages"}],"about":[{"href":"https:\/\/bonbonladenundfeines.de\/shop\/wp-json\/wp\/v2\/types\/page"}],"author":[{"embeddable":true,"href":"https:\/\/bonbonladenundfeines.de\/shop\/wp-json\/wp\/v2\/users\/1"}],"replies":[{"embeddable":true,"href":"https:\/\/bonbonladenundfeines.de\/shop\/wp-json\/wp\/v2\/comments?post=1963"}],"version-history":[{"count":4,"href":"https:\/\/bonbonladenundfeines.de\/shop\/wp-json\/wp\/v2\/pages\/1963\/revisions"}],"predecessor-version":[{"id":7538,"href":"https:\/\/bonbonladenundfeines.de\/shop\/wp-json\/wp\/v2\/pages\/1963\/revisions\/7538"}],"wp:attachment":[{"href":"https:\/\/bonbonladenundfeines.de\/shop\/wp-json\/wp\/v2\/media?parent=1963"}],"curies":[{"name":"wp","href":"https:\/\/api.w.org\/{rel}","templated":true}]}}