{"id":102,"date":"2015-06-07T15:15:46","date_gmt":"2015-06-07T13:15:46","guid":{"rendered":"https:\/\/bonbonladenundfeines.de\/wp2018\/produkt\/himbeere-brombeere\/"},"modified":"2026-03-10T21:13:21","modified_gmt":"2026-03-10T20:13:21","slug":"himbeere-brombeere","status":"publish","type":"product","link":"https:\/\/bonbonladenundfeines.de\/shop\/shop\/produkt\/himbeere-brombeere\/","title":{"rendered":"Himbeere Brombeere"},"content":{"rendered":"<p>Diese besonderen Geleefruchtgummis sehen echten Beeren zum Verwechseln \u00e4hnlich. Umh\u00fcllt von knackigen Nonpareille-Perlen in Pink und Schwarz erinnern sie optisch an Himbeeren und Brombeeren \u2013 und auch geschmacklich stehen sie ihren fruchtigen Vorbildern in nichts nach. Au\u00dfen angenehm knusprig, innen weich und fruchtig sorgen sie f\u00fcr ein spannendes Zusammenspiel aus Textur und Aroma. Ein schicker, fruchtiger Leckerbissen mit besonderem Kauspa\u00df.<\/p>\n<p>&nbsp;<\/p>\n<p>Zutaten: Zucker, Glukosesirup, Wasser, Gelatine, Dextrose, S\u00e4uerungsmittel: Milchs\u00e4ure, Citronens\u00e4ure, Geliermittel: Pektin, S\u00e4ureregulator: Natriumlactat, Aroma, f\u00e4rbende Frucht- und Pflanzenextrakte (schwarze Karotten, Saflor, Holunderbeere, Zitrone), Farbstoff: Pflanzenkohle N\u00e4hrwerte: Brennwert: 350,00 Kilokalorien (kcal) Brennwert: 1.486,00 Kilojoule (kJ) Fett: 0,50 Fett, davon ges\u00e4ttigte Fetts\u00e4uren: 0,10 Kohlenhydrate: 86,00 Kohlenhydrate, davon Zucker: 70,00 Eiwei\u00df: 1,10 Salz: 0,01<\/p>\n","protected":false},"excerpt":{"rendered":"<p>Geleebonbons mit Himbeer- und Brombeergeschmack. Ohne k\u00fcnstliche Farbstoffe.<\/p>\n","protected":false},"featured_media":6334,"comment_status":"open","ping_status":"closed","template":"","meta":[],"product_brand":[],"product_cat":[8,9],"product_tag":[],"class_list":{"0":"post-102","1":"product","2":"type-product","3":"status-publish","4":"has-post-thumbnail","6":"product_cat-alle-artikel","7":"product_cat-fruchtgummi","9":"first","10":"instock","11":"taxable","12":"shipping-taxable","13":"purchasable","14":"product-type-variable"},"_links":{"self":[{"href":"https:\/\/bonbonladenundfeines.de\/shop\/wp-json\/wp\/v2\/product\/102","targetHints":{"allow":["GET"]}}],"collection":[{"href":"https:\/\/bonbonladenundfeines.de\/shop\/wp-json\/wp\/v2\/product"}],"about":[{"href":"https:\/\/bonbonladenundfeines.de\/shop\/wp-json\/wp\/v2\/types\/product"}],"replies":[{"embeddable":true,"href":"https:\/\/bonbonladenundfeines.de\/shop\/wp-json\/wp\/v2\/comments?post=102"}],"wp:featuredmedia":[{"embeddable":true,"href":"https:\/\/bonbonladenundfeines.de\/shop\/wp-json\/wp\/v2\/media\/6334"}],"wp:attachment":[{"href":"https:\/\/bonbonladenundfeines.de\/shop\/wp-json\/wp\/v2\/media?parent=102"}],"wp:term":[{"taxonomy":"product_brand","embeddable":true,"href":"https:\/\/bonbonladenundfeines.de\/shop\/wp-json\/wp\/v2\/product_brand?post=102"},{"taxonomy":"product_cat","embeddable":true,"href":"https:\/\/bonbonladenundfeines.de\/shop\/wp-json\/wp\/v2\/product_cat?post=102"},{"taxonomy":"product_tag","embeddable":true,"href":"https:\/\/bonbonladenundfeines.de\/shop\/wp-json\/wp\/v2\/product_tag?post=102"}],"curies":[{"name":"wp","href":"https:\/\/api.w.org\/{rel}","templated":true}]}}