{"id":1089,"date":"2015-10-04T18:11:58","date_gmt":"2015-10-04T16:11:58","guid":{"rendered":"https:\/\/bonbonladenundfeines.de\/wp2018\/produkt\/lakritz-gitarren-salzig\/"},"modified":"2026-03-10T22:15:38","modified_gmt":"2026-03-10T21:15:38","slug":"lakritz-gitarren-salzig","status":"publish","type":"product","link":"https:\/\/bonbonladenundfeines.de\/shop\/shop\/produkt\/lakritz-gitarren-salzig\/","title":{"rendered":"Lakritz Gitarren salzig"},"content":{"rendered":"<p>Diese salzigen Lakritz Gitarren sind ein besonderer Genuss f\u00fcr echte Lakritzfans. Die aromatischen St\u00fccke \u00fcberzeugen mit ihrem kr\u00e4ftigen S\u00fc\u00dfholzgeschmack und einer feinen salzigen Note. Ihre witzige Gitarrenform macht sie zudem zu einem echten Hingucker in jeder Lakritzmischung. Ein w\u00fcrziger Lakritzsnack f\u00fcr alle, die intensiven Geschmack lieben.<\/p>\n<p>&nbsp;<\/p>\n<p>Zutaten: Zucker, Glukose-Fruktose-Sirup, Gelatine, Ammoniumchlorid, Lakritze Aromen, Farbe E153 (Pflanzenkohle), Chili-Extrakt. N\u00e4hrwertangaben pro 100 gramm Brennwert 1502 kj 359 kcal Kohlenhydrate 79 gr Davon: Zucker 59 gr Eiweiss 9,3 gr Fett 0,1 gr Davon: ges\u00e4ttigte fetts\u00e4uren &lt;0,1 gr Natrium 0 gr<\/p>\n","protected":false},"excerpt":{"rendered":"<p>Black Metal Gitarre kr\u00e4ftiges Lakritz .<\/p>\n","protected":false},"featured_media":7438,"comment_status":"open","ping_status":"closed","template":"","meta":[],"product_brand":[],"product_cat":[8,10,23],"product_tag":[],"class_list":{"0":"post-1089","1":"product","2":"type-product","3":"status-publish","4":"has-post-thumbnail","6":"product_cat-alle-artikel","7":"product_cat-lakritz","8":"product_cat-salzlakritz","10":"first","11":"instock","12":"taxable","13":"shipping-taxable","14":"purchasable","15":"product-type-variable"},"_links":{"self":[{"href":"https:\/\/bonbonladenundfeines.de\/shop\/wp-json\/wp\/v2\/product\/1089","targetHints":{"allow":["GET"]}}],"collection":[{"href":"https:\/\/bonbonladenundfeines.de\/shop\/wp-json\/wp\/v2\/product"}],"about":[{"href":"https:\/\/bonbonladenundfeines.de\/shop\/wp-json\/wp\/v2\/types\/product"}],"replies":[{"embeddable":true,"href":"https:\/\/bonbonladenundfeines.de\/shop\/wp-json\/wp\/v2\/comments?post=1089"}],"wp:featuredmedia":[{"embeddable":true,"href":"https:\/\/bonbonladenundfeines.de\/shop\/wp-json\/wp\/v2\/media\/7438"}],"wp:attachment":[{"href":"https:\/\/bonbonladenundfeines.de\/shop\/wp-json\/wp\/v2\/media?parent=1089"}],"wp:term":[{"taxonomy":"product_brand","embeddable":true,"href":"https:\/\/bonbonladenundfeines.de\/shop\/wp-json\/wp\/v2\/product_brand?post=1089"},{"taxonomy":"product_cat","embeddable":true,"href":"https:\/\/bonbonladenundfeines.de\/shop\/wp-json\/wp\/v2\/product_cat?post=1089"},{"taxonomy":"product_tag","embeddable":true,"href":"https:\/\/bonbonladenundfeines.de\/shop\/wp-json\/wp\/v2\/product_tag?post=1089"}],"curies":[{"name":"wp","href":"https:\/\/api.w.org\/{rel}","templated":true}]}}