{"id":1121,"date":"2018-11-01T17:07:06","date_gmt":"2018-11-01T16:07:06","guid":{"rendered":"https:\/\/bonbonladenundfeines.de\/wp2018\/?post_type=product&#038;p=1121"},"modified":"2026-03-10T22:55:18","modified_gmt":"2026-03-10T21:55:18","slug":"spezi","status":"publish","type":"product","link":"https:\/\/bonbonladenundfeines.de\/shop\/shop\/produkt\/spezi\/","title":{"rendered":"Marzipankartoffel"},"content":{"rendered":"<p>Ein Klassiker \u2013 und das nicht nur zu Weihnachten! Die typische Marzipankartoffel hat einen Durchmesser von 1,5 bis 2 Zentimeter und sieht der Knolle aus dem Erdboden recht \u00e4hnlich. Nur erz\u00e4hlt man sich, dass die mit Kakao bestreute Knolle VIEL genussvoller sein. Und das Beste \u2013 man kann sie \u201eroh\u201c essen. Guten Appetit!<\/p>\n<p>Zutaten Zucker, Mandeln (26%), Invertzuckersirup, Wasser, Feuchthaltemittel: Invertin, Kakaopulver stark ent\u00f6lt N\u00e4hrwerte per 100 g: Brennwert: 1.847kj \/ 440 kcal &#8211; Fett: 15,9 g &#8211; davon ges\u00e4ttigte Fetts\u00e4uren: 1,6 g &#8211; Kohlenhydrate: 66,8 g &#8211; davon Zucker: 66,5 g &#8211; Eiwei\u00df: 5,1 g &#8211; Salz: 0,04 g Kann Spuren von Milch, Ei, und Soja enthalten!<\/p>\n","protected":false},"excerpt":{"rendered":"<p>Ein Klassiker \u2013 und das nicht nur zu Weihnachten! Die typische Marzipankartoffel hat einen Durchmesser von 1,5 bis 2 Zentimeter und sieht der Knolle aus dem Erdboden recht \u00e4hnlich. Nur erz\u00e4hlt man sich, dass die mit Kakao bestreute Knolle VIEL genussvoller sein. Und das Beste \u2013 man kann sie \u201eroh\u201c essen. Guten Appetit!<\/p>\n","protected":false},"featured_media":7462,"comment_status":"open","ping_status":"closed","template":"","meta":[],"product_brand":[],"product_cat":[8,13],"product_tag":[],"class_list":{"0":"post-1121","1":"product","2":"type-product","3":"status-publish","4":"has-post-thumbnail","6":"product_cat-alle-artikel","7":"product_cat-spezialitaeten","9":"first","10":"instock","11":"taxable","12":"shipping-taxable","13":"purchasable","14":"product-type-variable"},"_links":{"self":[{"href":"https:\/\/bonbonladenundfeines.de\/shop\/wp-json\/wp\/v2\/product\/1121","targetHints":{"allow":["GET"]}}],"collection":[{"href":"https:\/\/bonbonladenundfeines.de\/shop\/wp-json\/wp\/v2\/product"}],"about":[{"href":"https:\/\/bonbonladenundfeines.de\/shop\/wp-json\/wp\/v2\/types\/product"}],"replies":[{"embeddable":true,"href":"https:\/\/bonbonladenundfeines.de\/shop\/wp-json\/wp\/v2\/comments?post=1121"}],"wp:featuredmedia":[{"embeddable":true,"href":"https:\/\/bonbonladenundfeines.de\/shop\/wp-json\/wp\/v2\/media\/7462"}],"wp:attachment":[{"href":"https:\/\/bonbonladenundfeines.de\/shop\/wp-json\/wp\/v2\/media?parent=1121"}],"wp:term":[{"taxonomy":"product_brand","embeddable":true,"href":"https:\/\/bonbonladenundfeines.de\/shop\/wp-json\/wp\/v2\/product_brand?post=1121"},{"taxonomy":"product_cat","embeddable":true,"href":"https:\/\/bonbonladenundfeines.de\/shop\/wp-json\/wp\/v2\/product_cat?post=1121"},{"taxonomy":"product_tag","embeddable":true,"href":"https:\/\/bonbonladenundfeines.de\/shop\/wp-json\/wp\/v2\/product_tag?post=1121"}],"curies":[{"name":"wp","href":"https:\/\/api.w.org\/{rel}","templated":true}]}}