{"id":1182,"date":"2016-03-08T21:59:25","date_gmt":"2016-03-08T20:59:25","guid":{"rendered":"https:\/\/bonbonladenundfeines.de\/wp2018\/produkt\/mellow-erdbeeren-2\/"},"modified":"2026-03-10T20:31:13","modified_gmt":"2026-03-10T19:31:13","slug":"mellow-erdbeeren-2","status":"publish","type":"product","link":"https:\/\/bonbonladenundfeines.de\/shop\/shop\/produkt\/mellow-erdbeeren-2\/","title":{"rendered":"Mellow Riesenerdbeeren"},"content":{"rendered":"<p>Diese Mellow Riesenerdbeeren sind ein herrlich weicher Marshmallow-Genuss mit fruchtiger Note. Die gro\u00dfen, fluffigen Leckereien \u00fcberzeugen mit ihrer luftigen Konsistenz und einem angenehm s\u00fc\u00dfen Erdbeeraroma. Durch ihre auff\u00e4llige Form sind sie zudem ein echter Blickfang in jeder Naschschale. Perfekt f\u00fcr alle, die zarte Marshmallows mit einem Hauch Frucht lieben.<\/p>\n<p>Zutaten: Zucker, Glukose-Fruktose-Sirup, Wasser, Gelatine, Aroma, Farbstoffe [Riboflavin (E101(i)), Echtes Karmin (E120), Brillantblau FCF (E133)], Maisst\u00e4rke. Kann Spuren von E100 und F\u00e4rberdistel-Extrakt enthalten. N\u00e4hrwert pro 100g: Energie 1615kJ\/380kcal Fett &lt;0,1g davon ges\u00e4ttigte Fetts\u00e4uren &lt;0,1g Kohlenhydrate 92,5g davon Zucker 50,6g Eiwei\u00df 2,5g Salz 98mg Ballaststoffe &lt;0,1g Natrium 39,2g<\/p>\n","protected":false},"excerpt":{"rendered":"<p>Der extragro\u00dfe Erdbeer-Spa\u00df. Diese Schaumzucker-Kreation von Mellow Mellow ist jede Ernte wert. Die riesengro\u00dfen soften Erdbeeren verstr\u00f6men ihr markantes Frucht-Aroma und sind einfach zum Anbei\u00dfen. Au\u00dfen sind sie gezuckert und mit kleiner Haube versehen, innen besonders weich.<\/p>\n","protected":false},"featured_media":6232,"comment_status":"open","ping_status":"closed","template":"","meta":[],"product_brand":[],"product_cat":[8,9,22],"product_tag":[],"class_list":{"0":"post-1182","1":"product","2":"type-product","3":"status-publish","4":"has-post-thumbnail","6":"product_cat-alle-artikel","7":"product_cat-fruchtgummi","8":"product_cat-mellows","10":"first","11":"instock","12":"taxable","13":"shipping-taxable","14":"purchasable","15":"product-type-variable"},"_links":{"self":[{"href":"https:\/\/bonbonladenundfeines.de\/shop\/wp-json\/wp\/v2\/product\/1182","targetHints":{"allow":["GET"]}}],"collection":[{"href":"https:\/\/bonbonladenundfeines.de\/shop\/wp-json\/wp\/v2\/product"}],"about":[{"href":"https:\/\/bonbonladenundfeines.de\/shop\/wp-json\/wp\/v2\/types\/product"}],"replies":[{"embeddable":true,"href":"https:\/\/bonbonladenundfeines.de\/shop\/wp-json\/wp\/v2\/comments?post=1182"}],"wp:featuredmedia":[{"embeddable":true,"href":"https:\/\/bonbonladenundfeines.de\/shop\/wp-json\/wp\/v2\/media\/6232"}],"wp:attachment":[{"href":"https:\/\/bonbonladenundfeines.de\/shop\/wp-json\/wp\/v2\/media?parent=1182"}],"wp:term":[{"taxonomy":"product_brand","embeddable":true,"href":"https:\/\/bonbonladenundfeines.de\/shop\/wp-json\/wp\/v2\/product_brand?post=1182"},{"taxonomy":"product_cat","embeddable":true,"href":"https:\/\/bonbonladenundfeines.de\/shop\/wp-json\/wp\/v2\/product_cat?post=1182"},{"taxonomy":"product_tag","embeddable":true,"href":"https:\/\/bonbonladenundfeines.de\/shop\/wp-json\/wp\/v2\/product_tag?post=1182"}],"curies":[{"name":"wp","href":"https:\/\/api.w.org\/{rel}","templated":true}]}}