{"id":122,"date":"2015-06-07T16:25:40","date_gmt":"2015-06-07T14:25:40","guid":{"rendered":"https:\/\/bonbonladenundfeines.de\/wp2018\/produkt\/mellow-melonen\/"},"modified":"2026-03-10T21:04:57","modified_gmt":"2026-03-10T20:04:57","slug":"mellow-melonen","status":"publish","type":"product","link":"https:\/\/bonbonladenundfeines.de\/shop\/shop\/produkt\/mellow-melonen\/","title":{"rendered":"Mellow Melonen"},"content":{"rendered":"<p>Diese Mellow Melonen sind herrlich weich, fluffig und ein echter Genuss f\u00fcr Marshmallow-Liebhaber. Mit ihrem mild-s\u00fc\u00dfen Geschmack und einer feinen Melonennote sorgen sie f\u00fcr einen besonders fruchtigen Naschmoment. Die luftige Konsistenz macht sie angenehm leicht und zart im Mund. Ein s\u00fc\u00dfer Hingucker, der Marshmallow-Genuss mit einem Hauch Sommer verbindet.<span class=\"Apple-converted-space\">\u00a0<\/span><\/p>\n<p>&nbsp;<\/p>\n<p>Zutaten: Glukose- Fruktosesirup, Zucker, Wasser, Gelatine, Maisst\u00e4rke, Aroma, Farbstoff: Kurkumin, Patentblau V, Pflanzenkohle, Betanin N\u00e4hrwerte Brennwert: 341,00 Kilokalorien (kcal) Brennwert: 1.448,00 Kilojoule (kJ) Kohlenhydrate: 81,00 Kohlenhydrate, davon Zucker: 73,00 Fett: 0,00 Fett, davon ges\u00e4ttigte Fetts\u00e4uren: 0,00 Eiwei\u00df: 4,20 Salz: 0,03<\/p>\n","protected":false},"excerpt":{"rendered":"<p>Mellow Wassermelone<\/p>\n","protected":false},"featured_media":6338,"comment_status":"open","ping_status":"closed","template":"","meta":[],"product_brand":[],"product_cat":[8,9,22],"product_tag":[],"class_list":{"0":"post-122","1":"product","2":"type-product","3":"status-publish","4":"has-post-thumbnail","6":"product_cat-alle-artikel","7":"product_cat-fruchtgummi","8":"product_cat-mellows","10":"first","11":"instock","12":"taxable","13":"shipping-taxable","14":"purchasable","15":"product-type-variable"},"_links":{"self":[{"href":"https:\/\/bonbonladenundfeines.de\/shop\/wp-json\/wp\/v2\/product\/122","targetHints":{"allow":["GET"]}}],"collection":[{"href":"https:\/\/bonbonladenundfeines.de\/shop\/wp-json\/wp\/v2\/product"}],"about":[{"href":"https:\/\/bonbonladenundfeines.de\/shop\/wp-json\/wp\/v2\/types\/product"}],"replies":[{"embeddable":true,"href":"https:\/\/bonbonladenundfeines.de\/shop\/wp-json\/wp\/v2\/comments?post=122"}],"wp:featuredmedia":[{"embeddable":true,"href":"https:\/\/bonbonladenundfeines.de\/shop\/wp-json\/wp\/v2\/media\/6338"}],"wp:attachment":[{"href":"https:\/\/bonbonladenundfeines.de\/shop\/wp-json\/wp\/v2\/media?parent=122"}],"wp:term":[{"taxonomy":"product_brand","embeddable":true,"href":"https:\/\/bonbonladenundfeines.de\/shop\/wp-json\/wp\/v2\/product_brand?post=122"},{"taxonomy":"product_cat","embeddable":true,"href":"https:\/\/bonbonladenundfeines.de\/shop\/wp-json\/wp\/v2\/product_cat?post=122"},{"taxonomy":"product_tag","embeddable":true,"href":"https:\/\/bonbonladenundfeines.de\/shop\/wp-json\/wp\/v2\/product_tag?post=122"}],"curies":[{"name":"wp","href":"https:\/\/api.w.org\/{rel}","templated":true}]}}