{"id":1367,"date":"2017-01-19T13:05:39","date_gmt":"2017-01-19T12:05:39","guid":{"rendered":"https:\/\/bonbonladenundfeines.de\/wp2018\/produkt\/cranberries-vollmilch\/"},"modified":"2026-03-10T22:57:13","modified_gmt":"2026-03-10T21:57:13","slug":"cranberries-vollmilch","status":"publish","type":"product","link":"https:\/\/bonbonladenundfeines.de\/shop\/shop\/produkt\/cranberries-vollmilch\/","title":{"rendered":"Cranberries Vollmilch"},"content":{"rendered":"<p>Diese fruchtigen Cranberries sind von zartschmelzender Vollmilchschokolade umh\u00fcllt und sorgen f\u00fcr ein besonders harmonisches Geschmackserlebnis. Die leicht s\u00e4uerliche Fruchtnote der Cranberries trifft auf die mild-s\u00fc\u00dfe Schokolade und schafft eine perfekte Balance aus fruchtig und cremig. Beim Naschen entsteht ein spannender Mix aus fruchtiger Frische und zartem Schmelz. Ein k\u00f6stlicher Snack f\u00fcr alle, die fruchtige Schokoladenspezialit\u00e4ten lieben.<span class=\"Apple-converted-space\">\u00a0<\/span><\/p>\n<p>Zutaten: 58% Milchschokolade (Zucker, Vollmilchpulver, Kakaomasse, Kakaobutter, Molkepulver, Emulgator: E322 (Sojalezithin), nat\u00fcrliches Vanillearoma), Zucker, 18% Cranberries, \u00dcberzugsmittel: E414 (Gummi Arabicum, E904 Shellack, Glukosesirup, Sonnenblumenkern\u00f6l. Kann Spuren von Gluten, N\u00fcssen und Erdn\u00fcssen enthalten. N\u00e4hwerte: Energie 1868 KJ\/100g 445 Kcal\/100g Fett 16, 4 g\/100g davon ges\u00e4ttigte Fetts\u00e4uren 9, 8 g\/100g Kohlenhydrate 68, 4 g\/100g davon Zucker 60, 1 g\/100g Ballaststoffe 4 g\/100g Eiwei\u00df 3, 9 g\/100g Salz 0, 16 g\/100g<\/p>\n","protected":false},"excerpt":{"rendered":"<p>Cranberries in Milchschokolade<\/p>\n","protected":false},"featured_media":7411,"comment_status":"open","ping_status":"closed","template":"","meta":[],"product_brand":[],"product_cat":[8,13],"product_tag":[],"class_list":{"0":"post-1367","1":"product","2":"type-product","3":"status-publish","4":"has-post-thumbnail","6":"product_cat-alle-artikel","7":"product_cat-spezialitaeten","9":"first","10":"instock","11":"taxable","12":"shipping-taxable","13":"purchasable","14":"product-type-variable"},"_links":{"self":[{"href":"https:\/\/bonbonladenundfeines.de\/shop\/wp-json\/wp\/v2\/product\/1367","targetHints":{"allow":["GET"]}}],"collection":[{"href":"https:\/\/bonbonladenundfeines.de\/shop\/wp-json\/wp\/v2\/product"}],"about":[{"href":"https:\/\/bonbonladenundfeines.de\/shop\/wp-json\/wp\/v2\/types\/product"}],"replies":[{"embeddable":true,"href":"https:\/\/bonbonladenundfeines.de\/shop\/wp-json\/wp\/v2\/comments?post=1367"}],"wp:featuredmedia":[{"embeddable":true,"href":"https:\/\/bonbonladenundfeines.de\/shop\/wp-json\/wp\/v2\/media\/7411"}],"wp:attachment":[{"href":"https:\/\/bonbonladenundfeines.de\/shop\/wp-json\/wp\/v2\/media?parent=1367"}],"wp:term":[{"taxonomy":"product_brand","embeddable":true,"href":"https:\/\/bonbonladenundfeines.de\/shop\/wp-json\/wp\/v2\/product_brand?post=1367"},{"taxonomy":"product_cat","embeddable":true,"href":"https:\/\/bonbonladenundfeines.de\/shop\/wp-json\/wp\/v2\/product_cat?post=1367"},{"taxonomy":"product_tag","embeddable":true,"href":"https:\/\/bonbonladenundfeines.de\/shop\/wp-json\/wp\/v2\/product_tag?post=1367"}],"curies":[{"name":"wp","href":"https:\/\/api.w.org\/{rel}","templated":true}]}}