{"id":1377,"date":"2017-02-03T11:02:25","date_gmt":"2017-02-03T10:02:25","guid":{"rendered":"https:\/\/bonbonladenundfeines.de\/wp2018\/produkt\/joghurt-bananenchips\/"},"modified":"2026-03-10T22:56:25","modified_gmt":"2026-03-10T21:56:25","slug":"joghurt-bananenchips","status":"publish","type":"product","link":"https:\/\/bonbonladenundfeines.de\/shop\/shop\/produkt\/joghurt-bananenchips\/","title":{"rendered":"Joghurt Bananenchips"},"content":{"rendered":"<p>Knusprige Bananenchips treffen hier auf eine zarte H\u00fclle aus cremiger Joghurtschokolade. Die nat\u00fcrliche S\u00fc\u00dfe der Banane harmoniert wunderbar mit der mild-frischen Joghurtnote und sorgt f\u00fcr ein besonders ausgewogenes Geschmackserlebnis. Jeder Bissen bietet eine leckere Kombination aus knackiger Textur und zartem Schmelz. Ein fruchtig-cremiger Snack f\u00fcr alle, die Banane und Joghurt lieben.<\/p>\n<p>&nbsp;<\/p>\n<p>Zutaten: 61% wei\u00dfe Schokolade (bestehend aus Zucker, Kakaobutter, Vollmilchpulver, Molkepulver, Emulgator: Sojalezithin (E322), nat\u00fcrlichem Vanillearoma), 21% Bananen, Kokos\u00f6l, Zucker, 1% Joghurtpulver (Laktose, Milch), Joghurtaroma, \u00dcberzugsmittel: E414, E904, Glukosesirup, Bananenaroma. Kann Spuren von Gluten, Schalenfr\u00fcchten und Erdn\u00fcssen enthalten. N\u00e4hwerte: Energie 2215 KJ\/100g 530 Kcal\/100g Fett 29, 7 g\/100g davon ges\u00e4ttigte Fetts\u00e4uren 21 g\/100g Kohlenhydrate 60, 4 g\/100g davon Zucker 58, 3 g\/100g Ballaststoffe 2, 7 g\/100g Eiwei\u00df 4 g\/100g Salz 0, 24 g\/100g Eine<\/p>\n","protected":false},"excerpt":{"rendered":"<p>Joghurt Bananenchips fritierte ges\u00fc\u00dfte Bananenscheiben dragiert mit wei\u00dfer Schokolade mit Joghurtaroma<\/p>\n","protected":false},"featured_media":7351,"comment_status":"open","ping_status":"closed","template":"","meta":[],"product_brand":[],"product_cat":[8,13],"product_tag":[],"class_list":{"0":"post-1377","1":"product","2":"type-product","3":"status-publish","4":"has-post-thumbnail","6":"product_cat-alle-artikel","7":"product_cat-spezialitaeten","9":"first","10":"instock","11":"taxable","12":"shipping-taxable","13":"purchasable","14":"product-type-variable"},"_links":{"self":[{"href":"https:\/\/bonbonladenundfeines.de\/shop\/wp-json\/wp\/v2\/product\/1377","targetHints":{"allow":["GET"]}}],"collection":[{"href":"https:\/\/bonbonladenundfeines.de\/shop\/wp-json\/wp\/v2\/product"}],"about":[{"href":"https:\/\/bonbonladenundfeines.de\/shop\/wp-json\/wp\/v2\/types\/product"}],"replies":[{"embeddable":true,"href":"https:\/\/bonbonladenundfeines.de\/shop\/wp-json\/wp\/v2\/comments?post=1377"}],"wp:featuredmedia":[{"embeddable":true,"href":"https:\/\/bonbonladenundfeines.de\/shop\/wp-json\/wp\/v2\/media\/7351"}],"wp:attachment":[{"href":"https:\/\/bonbonladenundfeines.de\/shop\/wp-json\/wp\/v2\/media?parent=1377"}],"wp:term":[{"taxonomy":"product_brand","embeddable":true,"href":"https:\/\/bonbonladenundfeines.de\/shop\/wp-json\/wp\/v2\/product_brand?post=1377"},{"taxonomy":"product_cat","embeddable":true,"href":"https:\/\/bonbonladenundfeines.de\/shop\/wp-json\/wp\/v2\/product_cat?post=1377"},{"taxonomy":"product_tag","embeddable":true,"href":"https:\/\/bonbonladenundfeines.de\/shop\/wp-json\/wp\/v2\/product_tag?post=1377"}],"curies":[{"name":"wp","href":"https:\/\/api.w.org\/{rel}","templated":true}]}}