{"id":1443,"date":"2020-05-01T12:47:39","date_gmt":"2020-05-01T10:47:39","guid":{"rendered":"https:\/\/bonbonladenundfeines.de\/wp2018\/?post_type=product&#038;p=1443"},"modified":"2026-03-10T19:55:49","modified_gmt":"2026-03-10T18:55:49","slug":"fruchtemix-kaugummi","status":"publish","type":"product","link":"https:\/\/bonbonladenundfeines.de\/shop\/shop\/produkt\/fruchtemix-kaugummi\/","title":{"rendered":"Kaugummi Fruchtmix"},"content":{"rendered":"<p>Dieser Kaugummi Fruchtmix bringt fruchtige Vielfalt in jeden Kauspa\u00df. Verschiedene fruchtige Geschmacksrichtungen sorgen f\u00fcr abwechslungsreichen Genuss und ein angenehm s\u00fc\u00dfes Aroma. Die weiche Konsistenz macht das Kauen besonders angenehm und sorgt f\u00fcr langanhaltenden Geschmack. Perfekt f\u00fcr alle, die fruchtige Kaugummis lieben und gerne verschiedene Sorten genie\u00dfen.<\/p>\n<p>&nbsp;<\/p>\n<p>Zutaten: Zucker, Kaumasse, Glukose, Dextrose, Emulgator (Sojalecithin-panzlicher Herkunft), Citronens\u00e4ure, Apfels\u00e4ure (E296, E330) Feuchthaltemittel (Glycerin), Verdickungsmittel (Gummi Arabicum), Aromen, \u00dcberzugsmittel (E901, E903, E904), Antioxidationsmittel (BHT E321), Farbstoff (*E104, *E129, E133, E162,) Allergenhinweis: Enth\u00e4lt Spuren von Soja-Lecithin. *E104 und *E129 :Kann die Aktivit\u00e4t und Aufmerksamkeit von Kindern beeintr\u00e4chtigen<\/p>\n","protected":false},"excerpt":{"rendered":"<p>Fr\u00fcchtemix Kaugummi<\/p>\n","protected":false},"featured_media":6277,"comment_status":"open","ping_status":"closed","template":"","meta":[],"product_brand":[],"product_cat":[8,9],"product_tag":[],"class_list":{"0":"post-1443","1":"product","2":"type-product","3":"status-publish","4":"has-post-thumbnail","6":"product_cat-alle-artikel","7":"product_cat-fruchtgummi","9":"first","10":"instock","11":"taxable","12":"shipping-taxable","13":"purchasable","14":"product-type-variable"},"_links":{"self":[{"href":"https:\/\/bonbonladenundfeines.de\/shop\/wp-json\/wp\/v2\/product\/1443","targetHints":{"allow":["GET"]}}],"collection":[{"href":"https:\/\/bonbonladenundfeines.de\/shop\/wp-json\/wp\/v2\/product"}],"about":[{"href":"https:\/\/bonbonladenundfeines.de\/shop\/wp-json\/wp\/v2\/types\/product"}],"replies":[{"embeddable":true,"href":"https:\/\/bonbonladenundfeines.de\/shop\/wp-json\/wp\/v2\/comments?post=1443"}],"wp:featuredmedia":[{"embeddable":true,"href":"https:\/\/bonbonladenundfeines.de\/shop\/wp-json\/wp\/v2\/media\/6277"}],"wp:attachment":[{"href":"https:\/\/bonbonladenundfeines.de\/shop\/wp-json\/wp\/v2\/media?parent=1443"}],"wp:term":[{"taxonomy":"product_brand","embeddable":true,"href":"https:\/\/bonbonladenundfeines.de\/shop\/wp-json\/wp\/v2\/product_brand?post=1443"},{"taxonomy":"product_cat","embeddable":true,"href":"https:\/\/bonbonladenundfeines.de\/shop\/wp-json\/wp\/v2\/product_cat?post=1443"},{"taxonomy":"product_tag","embeddable":true,"href":"https:\/\/bonbonladenundfeines.de\/shop\/wp-json\/wp\/v2\/product_tag?post=1443"}],"curies":[{"name":"wp","href":"https:\/\/api.w.org\/{rel}","templated":true}]}}