{"id":1464,"date":"2017-05-31T13:07:17","date_gmt":"2017-05-31T11:07:17","guid":{"rendered":"https:\/\/bonbonladenundfeines.de\/wp2018\/produkt\/fruchtgummi-mix-verpackt\/"},"modified":"2026-03-31T01:04:47","modified_gmt":"2026-03-30T23:04:47","slug":"fruchtgummi-mix-verpackt","status":"publish","type":"product","link":"https:\/\/bonbonladenundfeines.de\/shop\/shop\/produkt\/fruchtgummi-mix-verpackt\/","title":{"rendered":"Gib Gummi T\u00fcte 130 Gramm"},"content":{"rendered":"<p>Gib Gummi besteht aus einer Vielzahl an Mellow\u00b4s zusammengestelt vom Gutschmecker unserem Schleckerm\u00e4ulchen. Jede T\u00fcten hat ein Gewicht von 150g .. Zutaten Zutaten: Glukose- Fruktosesirup, Zucker, Gelatine, Feuchthaltemittel: Sorbit; Aroma, Maisst\u00e4rke, Farbstoff: Kurkumin, Echtes Karmin, Brillantblau FCF N\u00e4hrwerte Brennwert: 328,00 Kilokalorien (kcal) Brennwert: 1.394,00 Kilojoule (kJ) Kohlenhydrate: 78,00 Kohlenhydrate, davon Zucker: 69,00 Fett: 0,00 Fett, davon ges\u00e4ttigte Fetts\u00e4uren: 0,00 Eiwei\u00df: 4,00 Salz: 0,10<\/p>\n","protected":false},"excerpt":{"rendered":"<p>Mellow Mix<\/p>\n","protected":false},"featured_media":7473,"comment_status":"open","ping_status":"closed","template":"","meta":[],"product_brand":[],"product_cat":[8,18],"product_tag":[],"class_list":{"0":"post-1464","1":"product","2":"type-product","3":"status-publish","4":"has-post-thumbnail","6":"product_cat-alle-artikel","7":"product_cat-praesente-und-geschenke","9":"first","10":"instock","11":"taxable","12":"shipping-taxable","13":"purchasable","14":"product-type-simple"},"_links":{"self":[{"href":"https:\/\/bonbonladenundfeines.de\/shop\/wp-json\/wp\/v2\/product\/1464","targetHints":{"allow":["GET"]}}],"collection":[{"href":"https:\/\/bonbonladenundfeines.de\/shop\/wp-json\/wp\/v2\/product"}],"about":[{"href":"https:\/\/bonbonladenundfeines.de\/shop\/wp-json\/wp\/v2\/types\/product"}],"replies":[{"embeddable":true,"href":"https:\/\/bonbonladenundfeines.de\/shop\/wp-json\/wp\/v2\/comments?post=1464"}],"wp:featuredmedia":[{"embeddable":true,"href":"https:\/\/bonbonladenundfeines.de\/shop\/wp-json\/wp\/v2\/media\/7473"}],"wp:attachment":[{"href":"https:\/\/bonbonladenundfeines.de\/shop\/wp-json\/wp\/v2\/media?parent=1464"}],"wp:term":[{"taxonomy":"product_brand","embeddable":true,"href":"https:\/\/bonbonladenundfeines.de\/shop\/wp-json\/wp\/v2\/product_brand?post=1464"},{"taxonomy":"product_cat","embeddable":true,"href":"https:\/\/bonbonladenundfeines.de\/shop\/wp-json\/wp\/v2\/product_cat?post=1464"},{"taxonomy":"product_tag","embeddable":true,"href":"https:\/\/bonbonladenundfeines.de\/shop\/wp-json\/wp\/v2\/product_tag?post=1464"}],"curies":[{"name":"wp","href":"https:\/\/api.w.org\/{rel}","templated":true}]}}