{"id":1608,"date":"2018-01-09T07:43:27","date_gmt":"2018-01-09T06:43:27","guid":{"rendered":"https:\/\/bonbonladenundfeines.de\/wp2018\/produkt\/erdberr-bits\/"},"modified":"2026-03-10T21:53:23","modified_gmt":"2026-03-10T20:53:23","slug":"erdberr-bits","status":"publish","type":"product","link":"https:\/\/bonbonladenundfeines.de\/shop\/shop\/produkt\/erdberr-bits\/","title":{"rendered":"Erdbeer Bit\u00b4s"},"content":{"rendered":"<p>Diese gef\u00fcllten Lakritzst\u00fccke aus Finnland verbinden kr\u00e4ftiges Lakritz mit einer fruchtigen Erdbeerf\u00fcllung. Beim Kauen entfaltet sich zuerst der w\u00fcrzige Lakritzgeschmack, gefolgt von der s\u00fc\u00dfen und aromatischen Erdbeernote im Inneren. Die spannende Kombination aus fruchtig und lakritzig sorgt f\u00fcr ein besonderes Geschmackserlebnis. Ein leckerer Genuss f\u00fcr alle, die Lakritz mit einer fruchtigen \u00dcberraschung lieben.<\/p>\n<p>&nbsp;<\/p>\n<p>Zutaten: Zucker, Melasse, Glukosesirup, Weizenmehl, Pflanzenfett (Soja\u00f6l, Palm\u00f6l, Raps\u00f6l, Shea-Kern\u00f6l), Stabilisator (E422), Gelatine, S\u00fc\u00dfholzextrakt, Salz, S\u00e4ureregulator (E330), Aromen, Farbstoffe (E120, E153), \u00dcberzugsmittel (E901). Enth\u00e4lt Gluten N\u00e4hrwerte pro 100g Energie 1490 kj (355kcal) Fett 2,2g &#8211; davon ges\u00e4ttigt &lt;1,0g Kohlenhydrate 78,6g &#8211; davon Zucker 62,1g Ballaststoff &lt;1,0g Eiwei\u00df 3,4g Salz 0,5g<\/p>\n","protected":false},"excerpt":{"rendered":"<p>gef\u00fcllte Lakritzst\u00fccke aus Finnland mit Erdbeergeschmack.<\/p>\n","protected":false},"featured_media":7425,"comment_status":"open","ping_status":"closed","template":"","meta":[],"product_brand":[],"product_cat":[8,10,24],"product_tag":[],"class_list":{"0":"post-1608","1":"product","2":"type-product","3":"status-publish","4":"has-post-thumbnail","6":"product_cat-alle-artikel","7":"product_cat-lakritz","8":"product_cat-suesslakritz","10":"first","11":"instock","12":"taxable","13":"shipping-taxable","14":"purchasable","15":"product-type-variable"},"_links":{"self":[{"href":"https:\/\/bonbonladenundfeines.de\/shop\/wp-json\/wp\/v2\/product\/1608","targetHints":{"allow":["GET"]}}],"collection":[{"href":"https:\/\/bonbonladenundfeines.de\/shop\/wp-json\/wp\/v2\/product"}],"about":[{"href":"https:\/\/bonbonladenundfeines.de\/shop\/wp-json\/wp\/v2\/types\/product"}],"replies":[{"embeddable":true,"href":"https:\/\/bonbonladenundfeines.de\/shop\/wp-json\/wp\/v2\/comments?post=1608"}],"wp:featuredmedia":[{"embeddable":true,"href":"https:\/\/bonbonladenundfeines.de\/shop\/wp-json\/wp\/v2\/media\/7425"}],"wp:attachment":[{"href":"https:\/\/bonbonladenundfeines.de\/shop\/wp-json\/wp\/v2\/media?parent=1608"}],"wp:term":[{"taxonomy":"product_brand","embeddable":true,"href":"https:\/\/bonbonladenundfeines.de\/shop\/wp-json\/wp\/v2\/product_brand?post=1608"},{"taxonomy":"product_cat","embeddable":true,"href":"https:\/\/bonbonladenundfeines.de\/shop\/wp-json\/wp\/v2\/product_cat?post=1608"},{"taxonomy":"product_tag","embeddable":true,"href":"https:\/\/bonbonladenundfeines.de\/shop\/wp-json\/wp\/v2\/product_tag?post=1608"}],"curies":[{"name":"wp","href":"https:\/\/api.w.org\/{rel}","templated":true}]}}