{"id":192,"date":"2015-06-08T12:55:01","date_gmt":"2015-06-08T10:55:01","guid":{"rendered":"https:\/\/bonbonladenundfeines.de\/wp2018\/produkt\/saure-draculazaehne\/"},"modified":"2026-03-10T20:37:36","modified_gmt":"2026-03-10T19:37:36","slug":"saure-draculazaehne","status":"publish","type":"product","link":"https:\/\/bonbonladenundfeines.de\/shop\/shop\/produkt\/saure-draculazaehne\/","title":{"rendered":"Draculaz\u00e4hne s\u00fc\u00df"},"content":{"rendered":"<p>Diese Draculaz\u00e4hne sorgen f\u00fcr gruseligen Naschspa\u00df mit fruchtigem Geschmack. Die weichen Fruchtgummis \u00fcberzeugen mit ihrer typischen Zahnform und einer angenehm s\u00fc\u00dfen Fruchtnote. Durch ihre saftige Konsistenz sind sie besonders lecker und machen jeden Biss zum Genuss. Ein witziger Klassiker f\u00fcr alle, die fruchtige Fruchtgummis mit Spa\u00dffaktor lieben.<span class=\"Apple-converted-space\">\u00a0<\/span><\/p>\n<p>Zutaten: Zucker, Glukosesirup, Modifizierte St\u00e4rke, S\u00e4uerungsmittel (Essigs\u00e4ure-Milchs\u00e4ure), Pflanzen\u00f6l, \u00dcberzugsmittel (Bienenwachs), Aroma, S\u00e4ureregulator (E336), Schwarzwurzel-Konzentrat. Kann Spuren von Milch enthalten. N\u00e4hrwertangaben pro 100 gramm Brennwert 1397,00 kj 329,00 kcal Kohlenhydrate 75,00 gr Davon: Zucker 50,00 gr Eiweiss 6,70 gr Fett 0,00 gr Davon: ges\u00e4ttigte fett\u00e4uren &#8211; gr Natrium &lt;0,025 gr<\/p>\n","protected":false},"excerpt":{"rendered":"<p>Fruchtgummi Z\u00e4hnen von Dracula.<\/p>\n","protected":false},"featured_media":6362,"comment_status":"open","ping_status":"closed","template":"","meta":[],"product_brand":[],"product_cat":[8,9],"product_tag":[],"class_list":{"0":"post-192","1":"product","2":"type-product","3":"status-publish","4":"has-post-thumbnail","6":"product_cat-alle-artikel","7":"product_cat-fruchtgummi","9":"first","10":"instock","11":"taxable","12":"shipping-taxable","13":"purchasable","14":"product-type-variable"},"_links":{"self":[{"href":"https:\/\/bonbonladenundfeines.de\/shop\/wp-json\/wp\/v2\/product\/192","targetHints":{"allow":["GET"]}}],"collection":[{"href":"https:\/\/bonbonladenundfeines.de\/shop\/wp-json\/wp\/v2\/product"}],"about":[{"href":"https:\/\/bonbonladenundfeines.de\/shop\/wp-json\/wp\/v2\/types\/product"}],"replies":[{"embeddable":true,"href":"https:\/\/bonbonladenundfeines.de\/shop\/wp-json\/wp\/v2\/comments?post=192"}],"wp:featuredmedia":[{"embeddable":true,"href":"https:\/\/bonbonladenundfeines.de\/shop\/wp-json\/wp\/v2\/media\/6362"}],"wp:attachment":[{"href":"https:\/\/bonbonladenundfeines.de\/shop\/wp-json\/wp\/v2\/media?parent=192"}],"wp:term":[{"taxonomy":"product_brand","embeddable":true,"href":"https:\/\/bonbonladenundfeines.de\/shop\/wp-json\/wp\/v2\/product_brand?post=192"},{"taxonomy":"product_cat","embeddable":true,"href":"https:\/\/bonbonladenundfeines.de\/shop\/wp-json\/wp\/v2\/product_cat?post=192"},{"taxonomy":"product_tag","embeddable":true,"href":"https:\/\/bonbonladenundfeines.de\/shop\/wp-json\/wp\/v2\/product_tag?post=192"}],"curies":[{"name":"wp","href":"https:\/\/api.w.org\/{rel}","templated":true}]}}