{"id":2077,"date":"2019-04-11T18:45:49","date_gmt":"2019-04-11T16:45:49","guid":{"rendered":"https:\/\/www.gutschmecker.com\/?post_type=product&#038;p=2077"},"modified":"2026-03-10T20:01:30","modified_gmt":"2026-03-10T19:01:30","slug":"saure-kirschen-vegan","status":"publish","type":"product","link":"https:\/\/bonbonladenundfeines.de\/shop\/shop\/produkt\/saure-kirschen-vegan\/","title":{"rendered":"Saure Kirschen Vegan"},"content":{"rendered":"<p>Diese sauren Kirschen begeistern mit ihrem intensiven Kirschgeschmack und einer angenehm spritzigen S\u00e4urenote. Die weiche Fruchtgummi-Konsistenz trifft auf eine feine saure Ummantelung und sorgt f\u00fcr ein lebendiges Spiel aus s\u00fc\u00df und sauer. Fruchtig, frisch und voller Aroma bieten sie ein besonders aufregendes Nascherlebnis. Perfekt f\u00fcr alle, die fruchtige S\u00fc\u00dfigkeiten mit einem sauren Kick lieben \u2013 und das ganz vegan.<\/p>\n<p>&nbsp;<\/p>\n<p>Zucker, Glukosesirup,\u00a0<b>Weizenst\u00e4rke<\/b>, Wasser, modifizierte Maisst\u00e4rke, S\u00e4uerungsmittel (E260, E270, E296), Modifizierte Kartoffelst\u00e4rke, Aroma, Schwarzes Karottensaftkonzentrat, Farbstoffe (E100, E133).<\/p>\n<table>\n<tbody>\n<tr>\n<th colspan=\"4\" align=\"left\" width=\"450px\">N\u00e4hrwertangaben pro 100 gr.\/ml.<\/th>\n<\/tr>\n<tr>\n<td colspan=\"2\" rowspan=\"2\" valign=\"top\" width=\"250px\">Brennwert<\/td>\n<td width=\"100px\">1461,00<\/td>\n<td width=\"100px\">kj<\/td>\n<\/tr>\n<tr>\n<td>344,00<\/td>\n<td>kcal<\/td>\n<\/tr>\n<tr>\n<td colspan=\"2\">Kohlenhydrate<\/td>\n<td>85,30<\/td>\n<td>gr<\/td>\n<\/tr>\n<tr>\n<td><i>davon:<\/i><\/td>\n<td>Zucker<\/td>\n<td>58,00<\/td>\n<td>gr<\/td>\n<\/tr>\n<tr>\n<td colspan=\"2\">Eiweiss<\/td>\n<td>0,10<\/td>\n<td>gr<\/td>\n<\/tr>\n<tr>\n<td colspan=\"2\">Fett<\/td>\n<td>0,30<\/td>\n<td>gr<\/td>\n<\/tr>\n<tr>\n<td><i>davon:<\/i><\/td>\n<td>ges\u00e4ttigte fett\u00e4uren<\/td>\n<td>0,20<\/td>\n<td>gr<\/td>\n<\/tr>\n<tr>\n<td colspan=\"2\">Salz<\/td>\n<td>0,01<\/td>\n<td>gr<\/td>\n<\/tr>\n<\/tbody>\n<\/table>\n","protected":false},"excerpt":{"rendered":"<p>Diese sauren Kirschen begeistern mit ihrem intensiven Kirschgeschmack und einer  [&#8230;]<\/p>\n","protected":false},"featured_media":6275,"comment_status":"open","ping_status":"closed","template":"","meta":[],"product_brand":[],"product_cat":[9],"product_tag":[],"class_list":{"0":"post-2077","1":"product","2":"type-product","3":"status-publish","4":"has-post-thumbnail","6":"product_cat-fruchtgummi","8":"first","9":"instock","10":"taxable","11":"shipping-taxable","12":"purchasable","13":"product-type-variable"},"_links":{"self":[{"href":"https:\/\/bonbonladenundfeines.de\/shop\/wp-json\/wp\/v2\/product\/2077","targetHints":{"allow":["GET"]}}],"collection":[{"href":"https:\/\/bonbonladenundfeines.de\/shop\/wp-json\/wp\/v2\/product"}],"about":[{"href":"https:\/\/bonbonladenundfeines.de\/shop\/wp-json\/wp\/v2\/types\/product"}],"replies":[{"embeddable":true,"href":"https:\/\/bonbonladenundfeines.de\/shop\/wp-json\/wp\/v2\/comments?post=2077"}],"wp:featuredmedia":[{"embeddable":true,"href":"https:\/\/bonbonladenundfeines.de\/shop\/wp-json\/wp\/v2\/media\/6275"}],"wp:attachment":[{"href":"https:\/\/bonbonladenundfeines.de\/shop\/wp-json\/wp\/v2\/media?parent=2077"}],"wp:term":[{"taxonomy":"product_brand","embeddable":true,"href":"https:\/\/bonbonladenundfeines.de\/shop\/wp-json\/wp\/v2\/product_brand?post=2077"},{"taxonomy":"product_cat","embeddable":true,"href":"https:\/\/bonbonladenundfeines.de\/shop\/wp-json\/wp\/v2\/product_cat?post=2077"},{"taxonomy":"product_tag","embeddable":true,"href":"https:\/\/bonbonladenundfeines.de\/shop\/wp-json\/wp\/v2\/product_tag?post=2077"}],"curies":[{"name":"wp","href":"https:\/\/api.w.org\/{rel}","templated":true}]}}