{"id":252,"date":"2015-06-08T16:16:53","date_gmt":"2015-06-08T14:16:53","guid":{"rendered":"https:\/\/bonbonladenundfeines.de\/wp2018\/produkt\/schafskoedel\/"},"modified":"2026-03-10T22:40:12","modified_gmt":"2026-03-10T21:40:12","slug":"lamm-koedel","status":"publish","type":"product","link":"https:\/\/bonbonladenundfeines.de\/shop\/shop\/produkt\/lamm-koedel\/","title":{"rendered":"Lamm K\u00f6del"},"content":{"rendered":"<p>Gesammelt auf den Weiden Frankens &#8211; dem besseren Bayern.<\/p>\n<p>Unsere Lamm K\u00f6del!<\/p>\n<p>Diese kr\u00e4ftigen Salmiak Kugeln sind nichts f\u00fcr Anf\u00e4nger. Die intensiven Salzlakritz Rondos \u00fcberzeugen mit einem starken Salmiakgeschmack und einem besonders w\u00fcrzigen Aroma. Die feste Konsistenz sorgt f\u00fcr langanhaltenden Lakritzgenuss bei jedem St\u00fcck. Ein echtes Kennerlakritz \u2013 definitiv kein Kinderlakritz.<span class=\"Apple-converted-space\">\u00a0<\/span><\/p>\n<p>&nbsp;<\/p>\n<p>&nbsp;<\/p>\n<p>Zutaten: Zucker, Glukosesirup, S\u00fcssholzwurzel-Extrakt, Salmiaksalz, Geh\u00e4rtetes Pflanzenfett, Pflanzen\u00f6l, Farbstoff (E153), Modifizierte St\u00e4rke, Anis\u00f6l, \u00dcberzugsmittel (Bienenwachs). N\u00e4hrwertangaben pro 100 gramm Brennwert 1600,00 kj 380,00 kcal Kohlenhydrate 92,00 gr Davon: Zucker 76,00 gr Eiweiss 0,00 gr Fett 1,20 gr Davon: ges\u00e4ttigte fetts\u00e4uren 1,10 gr Natrium 0,12 gr<\/p>\n","protected":false},"excerpt":{"rendered":"<p>Salzlakritz Rondos-Salmiak Kugeln kein Kinderlakritz.<\/p>\n","protected":false},"featured_media":7433,"comment_status":"open","ping_status":"closed","template":"","meta":[],"product_brand":[],"product_cat":[8,10,23],"product_tag":[],"class_list":{"0":"post-252","1":"product","2":"type-product","3":"status-publish","4":"has-post-thumbnail","6":"product_cat-alle-artikel","7":"product_cat-lakritz","8":"product_cat-salzlakritz","10":"first","11":"instock","12":"taxable","13":"shipping-taxable","14":"purchasable","15":"product-type-variable"},"_links":{"self":[{"href":"https:\/\/bonbonladenundfeines.de\/shop\/wp-json\/wp\/v2\/product\/252","targetHints":{"allow":["GET"]}}],"collection":[{"href":"https:\/\/bonbonladenundfeines.de\/shop\/wp-json\/wp\/v2\/product"}],"about":[{"href":"https:\/\/bonbonladenundfeines.de\/shop\/wp-json\/wp\/v2\/types\/product"}],"replies":[{"embeddable":true,"href":"https:\/\/bonbonladenundfeines.de\/shop\/wp-json\/wp\/v2\/comments?post=252"}],"wp:featuredmedia":[{"embeddable":true,"href":"https:\/\/bonbonladenundfeines.de\/shop\/wp-json\/wp\/v2\/media\/7433"}],"wp:attachment":[{"href":"https:\/\/bonbonladenundfeines.de\/shop\/wp-json\/wp\/v2\/media?parent=252"}],"wp:term":[{"taxonomy":"product_brand","embeddable":true,"href":"https:\/\/bonbonladenundfeines.de\/shop\/wp-json\/wp\/v2\/product_brand?post=252"},{"taxonomy":"product_cat","embeddable":true,"href":"https:\/\/bonbonladenundfeines.de\/shop\/wp-json\/wp\/v2\/product_cat?post=252"},{"taxonomy":"product_tag","embeddable":true,"href":"https:\/\/bonbonladenundfeines.de\/shop\/wp-json\/wp\/v2\/product_tag?post=252"}],"curies":[{"name":"wp","href":"https:\/\/api.w.org\/{rel}","templated":true}]}}