{"id":2792,"date":"2020-11-21T15:06:40","date_gmt":"2020-11-21T14:06:40","guid":{"rendered":"https:\/\/bonbonladenundfeines.de\/shop\/?post_type=product&#038;p=2792"},"modified":"2026-03-10T18:33:28","modified_gmt":"2026-03-10T17:33:28","slug":"schoko-bananen-bonbon","status":"publish","type":"product","link":"https:\/\/bonbonladenundfeines.de\/shop\/shop\/produkt\/schoko-bananen-bonbon\/","title":{"rendered":"Schoko Bananen Bonbon"},"content":{"rendered":"<p>Dieses Schoko Bananen Bonbon begeistert mit der beliebten Kombination aus fruchtiger Banane und feiner Schokoladennote. Die s\u00fc\u00dfe, aromatische Banane verbindet sich harmonisch mit dem milden Geschmack von Schokolade und sorgt f\u00fcr ein besonders rundes Geschmackserlebnis. Beim Lutschen entfaltet sich die cremig-fruchtige Mischung angenehm und langanhaltend. Perfekt f\u00fcr alle, die den klassischen Geschmack von Schokolade und Banane als Bonbon lieben.<\/p>\n<p>Zucker, Glukosesirup, Wasser, S\u00e4uerungsmittel, Zitronens\u00e4ure, Nat\u00fcrliches Aroma, Kakao, Curcuma-Extrakt, Karamellzuckersirup<\/p>\n","protected":false},"excerpt":{"rendered":"<p>Ein wirkliches Geschmacksfeuerwerk<\/p>\n","protected":false},"featured_media":6822,"comment_status":"open","ping_status":"closed","template":"","meta":[],"product_brand":[],"product_cat":[8,11],"product_tag":[],"class_list":{"0":"post-2792","1":"product","2":"type-product","3":"status-publish","4":"has-post-thumbnail","6":"product_cat-alle-artikel","7":"product_cat-bonbons","9":"first","10":"instock","11":"taxable","12":"shipping-taxable","13":"purchasable","14":"product-type-variable","15":"has-default-attributes"},"_links":{"self":[{"href":"https:\/\/bonbonladenundfeines.de\/shop\/wp-json\/wp\/v2\/product\/2792","targetHints":{"allow":["GET"]}}],"collection":[{"href":"https:\/\/bonbonladenundfeines.de\/shop\/wp-json\/wp\/v2\/product"}],"about":[{"href":"https:\/\/bonbonladenundfeines.de\/shop\/wp-json\/wp\/v2\/types\/product"}],"replies":[{"embeddable":true,"href":"https:\/\/bonbonladenundfeines.de\/shop\/wp-json\/wp\/v2\/comments?post=2792"}],"wp:featuredmedia":[{"embeddable":true,"href":"https:\/\/bonbonladenundfeines.de\/shop\/wp-json\/wp\/v2\/media\/6822"}],"wp:attachment":[{"href":"https:\/\/bonbonladenundfeines.de\/shop\/wp-json\/wp\/v2\/media?parent=2792"}],"wp:term":[{"taxonomy":"product_brand","embeddable":true,"href":"https:\/\/bonbonladenundfeines.de\/shop\/wp-json\/wp\/v2\/product_brand?post=2792"},{"taxonomy":"product_cat","embeddable":true,"href":"https:\/\/bonbonladenundfeines.de\/shop\/wp-json\/wp\/v2\/product_cat?post=2792"},{"taxonomy":"product_tag","embeddable":true,"href":"https:\/\/bonbonladenundfeines.de\/shop\/wp-json\/wp\/v2\/product_tag?post=2792"}],"curies":[{"name":"wp","href":"https:\/\/api.w.org\/{rel}","templated":true}]}}