{"id":30,"date":"2015-05-05T17:11:24","date_gmt":"2015-05-05T15:11:24","guid":{"rendered":"https:\/\/bonbonladenundfeines.de\/wp2018\/produkt\/erdbeer-brause-baelle\/"},"modified":"2026-03-10T21:30:07","modified_gmt":"2026-03-10T20:30:07","slug":"erdbeer-brause-baelle","status":"publish","type":"product","link":"https:\/\/bonbonladenundfeines.de\/shop\/shop\/produkt\/erdbeer-brause-baelle\/","title":{"rendered":"Erdbeer Brause B\u00e4lle"},"content":{"rendered":"<p>Diese fruchtigen Brauseb\u00e4lle bringen den beliebten Geschmack saftiger Erdbeeren in eine klassische Hartkaramelle. Beim Lutschen entfaltet sich zun\u00e4chst die intensive Erdbeer-Note, bevor der saure Brausekern im Inneren f\u00fcr ein prickelndes Geschmackserlebnis sorgt. Die Kombination aus fruchtiger S\u00fc\u00dfe und spritziger S\u00e4ure macht jeden Bonbon zu einer kleinen \u00dcberraschung. Ein rundum fruchtiger Naschspa\u00df f\u00fcr Gro\u00df und Klein.<\/p>\n<p>&nbsp;<\/p>\n<p>Zutaten: Zucker, Glukosesirup, Dextrose, S\u00e4uerungsmittel: Zitonens\u00e4ure, N\u00e4hrwerte: Brennwert: 384,00 Kilokalorien (kcal) Brennwert: 1.632,00 Kilojoule (kJ) Kohlenhydrate: 96,00 Kohlenhydrate, davon Zucker: 63,00 Fett: 0,00 Fett, davon ges\u00e4ttigte Fetts\u00e4uren: 0,00 Eiwei\u00df: 0,00 Salz: 0,00<\/p>\n","protected":false},"excerpt":{"rendered":"<p>Runde Sache. Brauseb\u00e4lle Erdbeere sind fruchtig-sauer und beliebt bei Gro\u00df und Klein. Die intensive Erdbeer-Note dieser Hartkaramellen wird von einem sauren Brausekern geschmacklich unterst\u00fctzt.<\/p>\n","protected":false},"featured_media":6307,"comment_status":"open","ping_status":"closed","template":"","meta":[],"product_brand":[],"product_cat":[8,9],"product_tag":[],"class_list":{"0":"post-30","1":"product","2":"type-product","3":"status-publish","4":"has-post-thumbnail","6":"product_cat-alle-artikel","7":"product_cat-fruchtgummi","9":"first","10":"instock","11":"taxable","12":"shipping-taxable","13":"purchasable","14":"product-type-variable"},"_links":{"self":[{"href":"https:\/\/bonbonladenundfeines.de\/shop\/wp-json\/wp\/v2\/product\/30","targetHints":{"allow":["GET"]}}],"collection":[{"href":"https:\/\/bonbonladenundfeines.de\/shop\/wp-json\/wp\/v2\/product"}],"about":[{"href":"https:\/\/bonbonladenundfeines.de\/shop\/wp-json\/wp\/v2\/types\/product"}],"replies":[{"embeddable":true,"href":"https:\/\/bonbonladenundfeines.de\/shop\/wp-json\/wp\/v2\/comments?post=30"}],"wp:featuredmedia":[{"embeddable":true,"href":"https:\/\/bonbonladenundfeines.de\/shop\/wp-json\/wp\/v2\/media\/6307"}],"wp:attachment":[{"href":"https:\/\/bonbonladenundfeines.de\/shop\/wp-json\/wp\/v2\/media?parent=30"}],"wp:term":[{"taxonomy":"product_brand","embeddable":true,"href":"https:\/\/bonbonladenundfeines.de\/shop\/wp-json\/wp\/v2\/product_brand?post=30"},{"taxonomy":"product_cat","embeddable":true,"href":"https:\/\/bonbonladenundfeines.de\/shop\/wp-json\/wp\/v2\/product_cat?post=30"},{"taxonomy":"product_tag","embeddable":true,"href":"https:\/\/bonbonladenundfeines.de\/shop\/wp-json\/wp\/v2\/product_tag?post=30"}],"curies":[{"name":"wp","href":"https:\/\/api.w.org\/{rel}","templated":true}]}}