{"id":3043,"date":"2021-02-18T14:42:03","date_gmt":"2021-02-18T13:42:03","guid":{"rendered":"https:\/\/bonbonladenundfeines.de\/shop\/?post_type=product&#038;p=3043"},"modified":"2026-03-10T18:24:44","modified_gmt":"2026-03-10T17:24:44","slug":"kaffee-klatsch-bonbon-mit-kaffeegeschmack","status":"publish","type":"product","link":"https:\/\/bonbonladenundfeines.de\/shop\/shop\/produkt\/kaffee-klatsch-bonbon-mit-kaffeegeschmack\/","title":{"rendered":"Kaffee Klatsch Bonbon"},"content":{"rendered":"<p>Dieses traditionelle Kaffee Bonbon begeistert mit einer kr\u00e4ftigen und aromatischen Kaffeenote. Beim Lutschen entfaltet sich der intensive Geschmack von frisch gebr\u00fchtem Kaffee und sorgt f\u00fcr einen besonders vollmundigen Genuss. Die ausgewogene S\u00fc\u00dfe rundet das Aroma perfekt ab und macht jeden Bonbon zu einem kleinen Genussmoment. Ideal f\u00fcr alle, die den typischen Kaffeegeschmack auch als Bonbon lieben.<span class=\"Apple-converted-space\">\u00a0<\/span><\/p>\n<p>Zutaten: Zucker, Glukosesirup, Kaffeeextrakt 1,2 % (enth\u00e4lt Koffein), Karamellzuckersirup N\u00e4hrwertangaben je 100g: Brennwert_kj: 1540,7 Brennwert: 370,2 Fett: 0,0 davon ges\u00e4ttigte Fetts\u00e4uren: 0,0 Kohlenhydrate: 90,5 davon Zucker: 90,1 Eiwei\u00df: 0,1 Kochsalz: 0,0 Ballaststoffe: 0,0 Allergene:<\/p>\n","protected":false},"excerpt":{"rendered":"<p>F\u00fcr alle Kaffeeliebhaber ein Genu\u00df<\/p>\n","protected":false},"featured_media":6809,"comment_status":"open","ping_status":"closed","template":"","meta":[],"product_brand":[],"product_cat":[8,11],"product_tag":[],"class_list":{"0":"post-3043","1":"product","2":"type-product","3":"status-publish","4":"has-post-thumbnail","6":"product_cat-alle-artikel","7":"product_cat-bonbons","9":"first","10":"instock","11":"taxable","12":"shipping-taxable","13":"purchasable","14":"product-type-variable","15":"has-default-attributes"},"_links":{"self":[{"href":"https:\/\/bonbonladenundfeines.de\/shop\/wp-json\/wp\/v2\/product\/3043","targetHints":{"allow":["GET"]}}],"collection":[{"href":"https:\/\/bonbonladenundfeines.de\/shop\/wp-json\/wp\/v2\/product"}],"about":[{"href":"https:\/\/bonbonladenundfeines.de\/shop\/wp-json\/wp\/v2\/types\/product"}],"replies":[{"embeddable":true,"href":"https:\/\/bonbonladenundfeines.de\/shop\/wp-json\/wp\/v2\/comments?post=3043"}],"wp:featuredmedia":[{"embeddable":true,"href":"https:\/\/bonbonladenundfeines.de\/shop\/wp-json\/wp\/v2\/media\/6809"}],"wp:attachment":[{"href":"https:\/\/bonbonladenundfeines.de\/shop\/wp-json\/wp\/v2\/media?parent=3043"}],"wp:term":[{"taxonomy":"product_brand","embeddable":true,"href":"https:\/\/bonbonladenundfeines.de\/shop\/wp-json\/wp\/v2\/product_brand?post=3043"},{"taxonomy":"product_cat","embeddable":true,"href":"https:\/\/bonbonladenundfeines.de\/shop\/wp-json\/wp\/v2\/product_cat?post=3043"},{"taxonomy":"product_tag","embeddable":true,"href":"https:\/\/bonbonladenundfeines.de\/shop\/wp-json\/wp\/v2\/product_tag?post=3043"}],"curies":[{"name":"wp","href":"https:\/\/api.w.org\/{rel}","templated":true}]}}