{"id":3857,"date":"2021-09-26T10:37:15","date_gmt":"2021-09-26T08:37:15","guid":{"rendered":"https:\/\/bonbonladenundfeines.de\/shop\/?post_type=product&#038;p=3857"},"modified":"2026-03-10T19:38:26","modified_gmt":"2026-03-10T18:38:26","slug":"zierkuerbis","status":"publish","type":"product","link":"https:\/\/bonbonladenundfeines.de\/shop\/shop\/produkt\/zierkuerbis\/","title":{"rendered":"Mellow K\u00fcrbisse"},"content":{"rendered":"<p>Diese Mellow K\u00fcrbisse sind herrlich weich, fluffig und einfach zum Anbei\u00dfen s\u00fc\u00df. Die luftigen Marshmallows begeistern mit ihrer zarten Konsistenz und einem angenehm milden, s\u00fc\u00dfen Geschmack. Mit ihrer niedlichen K\u00fcrbisform sind sie au\u00dferdem ein echter Hingucker in jeder Naschschale. Perfekt f\u00fcr alle, die weiche Marshmallows und s\u00fc\u00dfen Naschspa\u00df lieben.<\/p>\n","protected":false},"excerpt":{"rendered":"<p>Diese Mellow K\u00fcrbisse sind herrlich weich, fluffig und einfach zum  [&#8230;]<\/p>\n","protected":false},"featured_media":6230,"comment_status":"open","ping_status":"closed","template":"","meta":[],"product_brand":[],"product_cat":[8,9,22],"product_tag":[],"class_list":{"0":"post-3857","1":"product","2":"type-product","3":"status-publish","4":"has-post-thumbnail","6":"product_cat-alle-artikel","7":"product_cat-fruchtgummi","8":"product_cat-mellows","10":"first","11":"instock","12":"taxable","13":"shipping-taxable","14":"purchasable","15":"product-type-variable"},"_links":{"self":[{"href":"https:\/\/bonbonladenundfeines.de\/shop\/wp-json\/wp\/v2\/product\/3857","targetHints":{"allow":["GET"]}}],"collection":[{"href":"https:\/\/bonbonladenundfeines.de\/shop\/wp-json\/wp\/v2\/product"}],"about":[{"href":"https:\/\/bonbonladenundfeines.de\/shop\/wp-json\/wp\/v2\/types\/product"}],"replies":[{"embeddable":true,"href":"https:\/\/bonbonladenundfeines.de\/shop\/wp-json\/wp\/v2\/comments?post=3857"}],"wp:featuredmedia":[{"embeddable":true,"href":"https:\/\/bonbonladenundfeines.de\/shop\/wp-json\/wp\/v2\/media\/6230"}],"wp:attachment":[{"href":"https:\/\/bonbonladenundfeines.de\/shop\/wp-json\/wp\/v2\/media?parent=3857"}],"wp:term":[{"taxonomy":"product_brand","embeddable":true,"href":"https:\/\/bonbonladenundfeines.de\/shop\/wp-json\/wp\/v2\/product_brand?post=3857"},{"taxonomy":"product_cat","embeddable":true,"href":"https:\/\/bonbonladenundfeines.de\/shop\/wp-json\/wp\/v2\/product_cat?post=3857"},{"taxonomy":"product_tag","embeddable":true,"href":"https:\/\/bonbonladenundfeines.de\/shop\/wp-json\/wp\/v2\/product_tag?post=3857"}],"curies":[{"name":"wp","href":"https:\/\/api.w.org\/{rel}","templated":true}]}}