{"id":3874,"date":"2021-09-30T14:28:08","date_gmt":"2021-09-30T12:28:08","guid":{"rendered":"https:\/\/bonbonladenundfeines.de\/shop\/?post_type=product&#038;p=3874"},"modified":"2026-03-10T18:17:11","modified_gmt":"2026-03-10T17:17:11","slug":"erdbeer-sahne-bonbon","status":"publish","type":"product","link":"https:\/\/bonbonladenundfeines.de\/shop\/shop\/produkt\/erdbeer-sahne-bonbon\/","title":{"rendered":"Erdbeer Sahne Bonbon"},"content":{"rendered":"<p>Dieses Erdbeer Sahne Bonbon vereint fruchtige S\u00fc\u00dfe mit einer herrlich cremigen Note. Der intensive Erdbeergeschmack wird von einem feinen Sahnearoma begleitet und sorgt f\u00fcr eine besonders harmonische Geschmackskombination. S\u00fc\u00df, fruchtig und angenehm mild erinnert jeder Bonbon an den klassischen Genuss von Erdbeeren mit Sahne. Ein perfekter Begleiter f\u00fcr alle, die fruchtige Bonbons mit einer sanften, cremigen Note lieben.<\/p>\n","protected":false},"excerpt":{"rendered":"<p>Dieses Erdbeer Sahne Bonbon vereint fruchtige S\u00fc\u00dfe mit einer herrlich  [&#8230;]<\/p>\n","protected":false},"featured_media":6752,"comment_status":"open","ping_status":"closed","template":"","meta":[],"product_brand":[],"product_cat":[8,11],"product_tag":[],"class_list":{"0":"post-3874","1":"product","2":"type-product","3":"status-publish","4":"has-post-thumbnail","6":"product_cat-alle-artikel","7":"product_cat-bonbons","9":"first","10":"instock","11":"taxable","12":"shipping-taxable","13":"purchasable","14":"product-type-variable","15":"has-default-attributes"},"_links":{"self":[{"href":"https:\/\/bonbonladenundfeines.de\/shop\/wp-json\/wp\/v2\/product\/3874","targetHints":{"allow":["GET"]}}],"collection":[{"href":"https:\/\/bonbonladenundfeines.de\/shop\/wp-json\/wp\/v2\/product"}],"about":[{"href":"https:\/\/bonbonladenundfeines.de\/shop\/wp-json\/wp\/v2\/types\/product"}],"replies":[{"embeddable":true,"href":"https:\/\/bonbonladenundfeines.de\/shop\/wp-json\/wp\/v2\/comments?post=3874"}],"wp:featuredmedia":[{"embeddable":true,"href":"https:\/\/bonbonladenundfeines.de\/shop\/wp-json\/wp\/v2\/media\/6752"}],"wp:attachment":[{"href":"https:\/\/bonbonladenundfeines.de\/shop\/wp-json\/wp\/v2\/media?parent=3874"}],"wp:term":[{"taxonomy":"product_brand","embeddable":true,"href":"https:\/\/bonbonladenundfeines.de\/shop\/wp-json\/wp\/v2\/product_brand?post=3874"},{"taxonomy":"product_cat","embeddable":true,"href":"https:\/\/bonbonladenundfeines.de\/shop\/wp-json\/wp\/v2\/product_cat?post=3874"},{"taxonomy":"product_tag","embeddable":true,"href":"https:\/\/bonbonladenundfeines.de\/shop\/wp-json\/wp\/v2\/product_tag?post=3874"}],"curies":[{"name":"wp","href":"https:\/\/api.w.org\/{rel}","templated":true}]}}