{"id":425,"date":"2015-06-10T22:17:26","date_gmt":"2015-06-10T20:17:26","guid":{"rendered":"https:\/\/bonbonladenundfeines.de\/wp2018\/produkt\/kirsche-und-vanille\/"},"modified":"2026-03-10T19:09:55","modified_gmt":"2026-03-10T18:09:55","slug":"kirsche-und-vanille","status":"publish","type":"product","link":"https:\/\/bonbonladenundfeines.de\/shop\/shop\/produkt\/kirsche-und-vanille\/","title":{"rendered":"Kirsche &#038; Vanille"},"content":{"rendered":"<p>Feine Bourbon-Vanille verleiht diesem Bonbon sein besonders mildes und aromatisches Grundaroma. Durchzogen von fruchtigen Kirschstreifen entsteht eine spannende Kombination aus cremiger S\u00fc\u00dfe und intensiver Fruchtnote. Beim Lutschen entfalten sich Vanille und Kirsche harmonisch und sorgen f\u00fcr ein ausgewogenes Geschmackserlebnis. Ein besonderes Bonbon f\u00fcr alle, die fruchtige Akzente in einer feinen Vanillenote lieben.<span class=\"Apple-converted-space\">\u00a0<\/span><\/p>\n<p>&nbsp;<\/p>\n<p>Zutaten: Zucker, Glukosesirup, S\u00e4uerungsmittel: Citronens\u00e4ure; Aroma, nat\u00fcrliche Farbstoffe: Rote Beteextrakt, Curcuma. N\u00e4hrwertangaben je 100g: Brennwert_kj: 1558,8 Brennwert: 374,6 Fett: 0,0 davon ges\u00e4ttigte Fetts\u00e4uren: 0,0 Kohlenhydrate: 90,7 davon Zucker: 90,3 Eiwei\u00df: 0,1 Kochsalz: 0,0 Ballaststoffe: 0,0 Allergene:<\/p>\n","protected":false},"excerpt":{"rendered":"<p>Ein Vanille Bonbon mit Bourbon Vanille kombiniert mit feinen, fruchtigen Kirsch Streifen.<\/p>\n","protected":false},"featured_media":7378,"comment_status":"open","ping_status":"closed","template":"","meta":[],"product_brand":[],"product_cat":[8,11],"product_tag":[],"class_list":{"0":"post-425","1":"product","2":"type-product","3":"status-publish","4":"has-post-thumbnail","6":"product_cat-alle-artikel","7":"product_cat-bonbons","9":"first","10":"instock","11":"taxable","12":"shipping-taxable","13":"purchasable","14":"product-type-variable"},"_links":{"self":[{"href":"https:\/\/bonbonladenundfeines.de\/shop\/wp-json\/wp\/v2\/product\/425","targetHints":{"allow":["GET"]}}],"collection":[{"href":"https:\/\/bonbonladenundfeines.de\/shop\/wp-json\/wp\/v2\/product"}],"about":[{"href":"https:\/\/bonbonladenundfeines.de\/shop\/wp-json\/wp\/v2\/types\/product"}],"replies":[{"embeddable":true,"href":"https:\/\/bonbonladenundfeines.de\/shop\/wp-json\/wp\/v2\/comments?post=425"}],"wp:featuredmedia":[{"embeddable":true,"href":"https:\/\/bonbonladenundfeines.de\/shop\/wp-json\/wp\/v2\/media\/7378"}],"wp:attachment":[{"href":"https:\/\/bonbonladenundfeines.de\/shop\/wp-json\/wp\/v2\/media?parent=425"}],"wp:term":[{"taxonomy":"product_brand","embeddable":true,"href":"https:\/\/bonbonladenundfeines.de\/shop\/wp-json\/wp\/v2\/product_brand?post=425"},{"taxonomy":"product_cat","embeddable":true,"href":"https:\/\/bonbonladenundfeines.de\/shop\/wp-json\/wp\/v2\/product_cat?post=425"},{"taxonomy":"product_tag","embeddable":true,"href":"https:\/\/bonbonladenundfeines.de\/shop\/wp-json\/wp\/v2\/product_tag?post=425"}],"curies":[{"name":"wp","href":"https:\/\/api.w.org\/{rel}","templated":true}]}}