{"id":437,"date":"2025-09-21T14:19:41","date_gmt":"2025-09-21T12:19:41","guid":{"rendered":"https:\/\/bonbonladenundfeines.de\/wp2018\/?post_type=product&#038;p=437"},"modified":"2026-03-10T18:12:57","modified_gmt":"2026-03-10T17:12:57","slug":"cachou-gross","status":"publish","type":"product","link":"https:\/\/bonbonladenundfeines.de\/shop\/shop\/produkt\/cachou-gross\/","title":{"rendered":"Cachou bunt"},"content":{"rendered":"<p>Dieses bunte Anisbonbon \u00fcberzeugt mit seinem aromatischen, w\u00fcrzigen Anisgeschmack und einer besonderen \u00dcberraschung im Inneren. Feine Lakritzstreusel sind direkt im Bonbon eingearbeitet und sorgen f\u00fcr eine spannende Kombination aus s\u00fc\u00df, w\u00fcrzig und lakritzig. Die farbenfrohen Bonbons sind nicht nur geschmacklich ein Highlight, sondern auch ein echter Hingucker. Perfekt f\u00fcr alle, die klassische Bonbons mit einer besonderen Lakritznote lieben.<\/p>\n<p>Zutaten: Zucker, Glukosesirup; Lakritzstreusel (Zucker, Kakaopulver stark ent\u00f6lt, S\u00fc\u00dfholzextrakt, Pflanzliches Fett (\u00d6lpalme), Glukosesirup, Gelatine, Ammoniumchlorid, \u00dcberzugsmittel Schellack, Aroma, Emulgator: Sojalecithin, Pflanzliches \u00d6l (Kokos)); Sternanis\u00f6l; Farbstoff: echtes Karmin, Pflanzenkohle, Kupferhaltige Komplexe der Chlorophylline; Karamellzuckersirup* N\u00e4hrwertangaben je 100g: Brennwert_kj: 1618,6 Brennwert: 389,2 Fett: 0,1 davon ges\u00e4ttigte Fetts\u00e4uren: 0,1 Kohlenhydrate: 94,7 davon Zucker: 94,3 Eiwei\u00df: 0,2 Kochsalz: 0,0 Ballaststoffe: 0,1 Allergene: Soja<\/p>\n","protected":false},"excerpt":{"rendered":"<p>Buntes Anisbonbon mit eingearbeiteten Lakritzstreusel.<\/p>\n","protected":false},"featured_media":6749,"comment_status":"open","ping_status":"closed","template":"","meta":[],"product_brand":[],"product_cat":[8,11],"product_tag":[],"class_list":{"0":"post-437","1":"product","2":"type-product","3":"status-publish","4":"has-post-thumbnail","6":"product_cat-alle-artikel","7":"product_cat-bonbons","9":"first","10":"instock","11":"taxable","12":"shipping-taxable","13":"purchasable","14":"product-type-variable","15":"has-default-attributes"},"_links":{"self":[{"href":"https:\/\/bonbonladenundfeines.de\/shop\/wp-json\/wp\/v2\/product\/437","targetHints":{"allow":["GET"]}}],"collection":[{"href":"https:\/\/bonbonladenundfeines.de\/shop\/wp-json\/wp\/v2\/product"}],"about":[{"href":"https:\/\/bonbonladenundfeines.de\/shop\/wp-json\/wp\/v2\/types\/product"}],"replies":[{"embeddable":true,"href":"https:\/\/bonbonladenundfeines.de\/shop\/wp-json\/wp\/v2\/comments?post=437"}],"wp:featuredmedia":[{"embeddable":true,"href":"https:\/\/bonbonladenundfeines.de\/shop\/wp-json\/wp\/v2\/media\/6749"}],"wp:attachment":[{"href":"https:\/\/bonbonladenundfeines.de\/shop\/wp-json\/wp\/v2\/media?parent=437"}],"wp:term":[{"taxonomy":"product_brand","embeddable":true,"href":"https:\/\/bonbonladenundfeines.de\/shop\/wp-json\/wp\/v2\/product_brand?post=437"},{"taxonomy":"product_cat","embeddable":true,"href":"https:\/\/bonbonladenundfeines.de\/shop\/wp-json\/wp\/v2\/product_cat?post=437"},{"taxonomy":"product_tag","embeddable":true,"href":"https:\/\/bonbonladenundfeines.de\/shop\/wp-json\/wp\/v2\/product_tag?post=437"}],"curies":[{"name":"wp","href":"https:\/\/api.w.org\/{rel}","templated":true}]}}