{"id":445,"date":"2015-06-10T23:10:18","date_gmt":"2015-06-10T21:10:18","guid":{"rendered":"https:\/\/bonbonladenundfeines.de\/wp2018\/produkt\/fruchtmischung\/"},"modified":"2026-03-10T19:09:02","modified_gmt":"2026-03-10T18:09:02","slug":"fruchtmischung","status":"publish","type":"product","link":"https:\/\/bonbonladenundfeines.de\/shop\/shop\/produkt\/fruchtmischung\/","title":{"rendered":"Fruchtmischung"},"content":{"rendered":"<p>Bunt, fruchtig und herrlich abwechslungsreich \u2013 diese Fruchtmischung bringt verschiedene frische Geschmacksrichtungen in einem Bonbonmix zusammen. Jeder Bonbon \u00fcberrascht mit einer eigenen fruchtigen Note und sorgt so f\u00fcr immer neuen Naschspa\u00df. Die harmonische S\u00fc\u00dfe und die intensiven Fruchtaromen machen die Mischung besonders beliebt. Perfekt f\u00fcr alle, die beim Naschen gerne Vielfalt genie\u00dfen.<span class=\"Apple-converted-space\">\u00a0<\/span><\/p>\n<p>Bonbon Zutaten: Zucker, Glukosesirup; S\u00e4uerungsmittel: Citronens\u00e4ure; Farbstoff: Beeten Rot, Paprikaextrakt, Kurkumin, Kupferhaltige Komplexe der Chlorophylline, Eisenoxid; Aroma, Zitronen\u00f6l, Orangen \u00d6l*, Aroma, Aroma, nat\u00fcrliches Himbeeraroma *aus kontrolliert biologischem Anbau N\u00e4hrwertangaben je 100g: Brennwert_kj: 1561,7 Brennwert: 375,3 Fett: 0,0 davon ges\u00e4ttigte Fetts\u00e4uren: 0,0 Kohlenhydrate: 91,5 davon Zucker: 91,1 Eiwei\u00df: 0,1 Kochsalz: 0,0 Ballaststoffe: 0,0 Allergene:<\/p>\n","protected":false},"excerpt":{"rendered":"<p>Fruchtmischung<\/p>\n","protected":false},"featured_media":7369,"comment_status":"open","ping_status":"closed","template":"","meta":[],"product_brand":[],"product_cat":[8,11],"product_tag":[],"class_list":{"0":"post-445","1":"product","2":"type-product","3":"status-publish","4":"has-post-thumbnail","6":"product_cat-alle-artikel","7":"product_cat-bonbons","9":"first","10":"instock","11":"taxable","12":"shipping-taxable","13":"purchasable","14":"product-type-variable"},"_links":{"self":[{"href":"https:\/\/bonbonladenundfeines.de\/shop\/wp-json\/wp\/v2\/product\/445","targetHints":{"allow":["GET"]}}],"collection":[{"href":"https:\/\/bonbonladenundfeines.de\/shop\/wp-json\/wp\/v2\/product"}],"about":[{"href":"https:\/\/bonbonladenundfeines.de\/shop\/wp-json\/wp\/v2\/types\/product"}],"replies":[{"embeddable":true,"href":"https:\/\/bonbonladenundfeines.de\/shop\/wp-json\/wp\/v2\/comments?post=445"}],"wp:featuredmedia":[{"embeddable":true,"href":"https:\/\/bonbonladenundfeines.de\/shop\/wp-json\/wp\/v2\/media\/7369"}],"wp:attachment":[{"href":"https:\/\/bonbonladenundfeines.de\/shop\/wp-json\/wp\/v2\/media?parent=445"}],"wp:term":[{"taxonomy":"product_brand","embeddable":true,"href":"https:\/\/bonbonladenundfeines.de\/shop\/wp-json\/wp\/v2\/product_brand?post=445"},{"taxonomy":"product_cat","embeddable":true,"href":"https:\/\/bonbonladenundfeines.de\/shop\/wp-json\/wp\/v2\/product_cat?post=445"},{"taxonomy":"product_tag","embeddable":true,"href":"https:\/\/bonbonladenundfeines.de\/shop\/wp-json\/wp\/v2\/product_tag?post=445"}],"curies":[{"name":"wp","href":"https:\/\/api.w.org\/{rel}","templated":true}]}}