{"id":4511,"date":"2023-01-21T15:42:28","date_gmt":"2023-01-21T14:42:28","guid":{"rendered":"https:\/\/bonbonladenundfeines.de\/shop\/?post_type=product&#038;p=4511"},"modified":"2026-03-10T18:16:01","modified_gmt":"2026-03-10T17:16:01","slug":"erdbeer-brausebonbon","status":"publish","type":"product","link":"https:\/\/bonbonladenundfeines.de\/shop\/shop\/produkt\/erdbeer-brausebonbon\/","title":{"rendered":"Erdbeer Brausebonbon"},"content":{"rendered":"<p>Dieses Erdbeer Brause Bonbon sorgt f\u00fcr ein prickelndes Nascherlebnis. Der fruchtige Geschmack nach s\u00fc\u00dfer Erdbeere trifft auf einen spritzigen Brauseteil, der beim Lutschen angenehm auf der Zunge prickelt. Die perfekte Kombination aus fruchtiger S\u00fc\u00dfe und erfrischender S\u00e4ure macht jedes Bonbon zu einem kleinen Geschmackshighlight. Ideal f\u00fcr alle, die fruchtige Bonbons mit einem Extra lieben.<span class=\"Apple-converted-space\">\u00a0<\/span><\/p>\n<p>&nbsp;<\/p>\n<p>Zutaten: Zucker, Glukosesirup, S\u00e4uerungsmittel: Zitronens\u00e4ure, Natron, Aroma, f\u00e4rbende Konzentrat (Rettich, Karotte, Schwarze Johannisbeere)<\/p>\n<table class=\"product--properties-table\">\n<thead>\n<tr>\n<td class=\"text-left\" colspan=\"2\">N\u00e4hrwertangaben \u2205 pro 100 g:<\/td>\n<\/tr>\n<\/thead>\n<tbody>\n<tr class=\"product--properties-row\">\n<td class=\"product--properties-label is--bold\">Energie:<\/td>\n<td class=\"product--properties-value\">1649kJ \/ 394 kcal<\/td>\n<\/tr>\n<tr class=\"product--properties-row\">\n<td class=\"product--properties-label is--bold\">Fett:<\/td>\n<td class=\"product--properties-value\">&lt; 0,1 g<\/td>\n<\/tr>\n<tr class=\"product--properties-row\">\n<td class=\"product--properties-label is--bold\">davon ges\u00e4ttigten Fetts\u00e4uren:<\/td>\n<td class=\"product--properties-value\">&lt; 0,1 g<\/td>\n<\/tr>\n<tr class=\"product--properties-row\">\n<td class=\"product--properties-label is--bold\">Kohlenhydrate:<\/td>\n<td class=\"product--properties-value\">97,8 g<\/td>\n<\/tr>\n<tr class=\"product--properties-row\">\n<td class=\"product--properties-label is--bold\">davon Zucker:<\/td>\n<td class=\"product--properties-value\">59,8 g<\/td>\n<\/tr>\n<tr class=\"product--properties-row\">\n<td class=\"product--properties-label is--bold\">Eiwei\u00df:<\/td>\n<td class=\"product--properties-value\">&lt; 0,1 g<\/td>\n<\/tr>\n<tr class=\"product--properties-row\">\n<td class=\"product--properties-label is--bold\">Salz:<\/td>\n<td class=\"product--properties-value\">&lt; 0,1 g<\/td>\n<\/tr>\n<\/tbody>\n<\/table>\n","protected":false},"excerpt":{"rendered":"<p>Fruchtiges Prickeln<\/p>\n","protected":false},"featured_media":6751,"comment_status":"open","ping_status":"closed","template":"","meta":[],"product_brand":[],"product_cat":[8,11],"product_tag":[],"class_list":{"0":"post-4511","1":"product","2":"type-product","3":"status-publish","4":"has-post-thumbnail","6":"product_cat-alle-artikel","7":"product_cat-bonbons","9":"first","10":"instock","11":"taxable","12":"shipping-taxable","13":"purchasable","14":"product-type-variable","15":"has-default-attributes"},"_links":{"self":[{"href":"https:\/\/bonbonladenundfeines.de\/shop\/wp-json\/wp\/v2\/product\/4511","targetHints":{"allow":["GET"]}}],"collection":[{"href":"https:\/\/bonbonladenundfeines.de\/shop\/wp-json\/wp\/v2\/product"}],"about":[{"href":"https:\/\/bonbonladenundfeines.de\/shop\/wp-json\/wp\/v2\/types\/product"}],"replies":[{"embeddable":true,"href":"https:\/\/bonbonladenundfeines.de\/shop\/wp-json\/wp\/v2\/comments?post=4511"}],"wp:featuredmedia":[{"embeddable":true,"href":"https:\/\/bonbonladenundfeines.de\/shop\/wp-json\/wp\/v2\/media\/6751"}],"wp:attachment":[{"href":"https:\/\/bonbonladenundfeines.de\/shop\/wp-json\/wp\/v2\/media?parent=4511"}],"wp:term":[{"taxonomy":"product_brand","embeddable":true,"href":"https:\/\/bonbonladenundfeines.de\/shop\/wp-json\/wp\/v2\/product_brand?post=4511"},{"taxonomy":"product_cat","embeddable":true,"href":"https:\/\/bonbonladenundfeines.de\/shop\/wp-json\/wp\/v2\/product_cat?post=4511"},{"taxonomy":"product_tag","embeddable":true,"href":"https:\/\/bonbonladenundfeines.de\/shop\/wp-json\/wp\/v2\/product_tag?post=4511"}],"curies":[{"name":"wp","href":"https:\/\/api.w.org\/{rel}","templated":true}]}}