{"id":461,"date":"2015-06-11T05:39:26","date_gmt":"2015-06-11T03:39:26","guid":{"rendered":"https:\/\/bonbonladenundfeines.de\/wp2018\/produkt\/erdbeer-vanille\/"},"modified":"2026-03-10T19:08:12","modified_gmt":"2026-03-10T18:08:12","slug":"erdbeer-vanille","status":"publish","type":"product","link":"https:\/\/bonbonladenundfeines.de\/shop\/shop\/produkt\/erdbeer-vanille\/","title":{"rendered":"Erdbeer &#038; Vanille"},"content":{"rendered":"<p>Hier treffen zwei Klassiker aufeinander: fruchtige Erdbeere und feine Vanille. Die s\u00fc\u00dfe, aromatische Erdbeernote verbindet sich mit der mild-cremigen Vanille zu einem besonders harmonischen Geschmack. Beim Lutschen entfaltet sich eine angenehm weiche und ausgewogene Kombination aus Frucht und S\u00fc\u00dfe. Ein Bonbon, das mit seinem sanften und zugleich fruchtigen Aroma einfach immer passt.<\/p>\n<p>Zutaten: Zucker, Glukosesirup, S\u00e4uerungsmittel: Citronens\u00e4ure; nat\u00fcrliches Erdbeer- und Vanillearoma, nat\u00fcrliche Farbstoffe: Rote Beteextrakt, Eisenoxyd. N\u00e4hrwertangaben je 100g: Brennwert_kj: 1559,7 Brennwert: 374,8 Fett: 0,0 davon ges\u00e4ttigte Fetts\u00e4uren: 0,0 Kohlenhydrate: 90,9 davon Zucker: 90,5 Eiwei\u00df: 0,1 Kochsalz: 0,0 Ballaststoffe: 0,0 Allergene:<\/p>\n","protected":false},"excerpt":{"rendered":"<p>Ein Klassiker wie der Nachtisch selbst. Fruchtige Erdbeere trifft auf geschmackvolle Vanille. Vers\u00fc\u00dfen Sie sich hiermit doch einfach mal den Tag!<\/p>\n","protected":false},"featured_media":7144,"comment_status":"open","ping_status":"closed","template":"","meta":[],"product_brand":[],"product_cat":[8,11],"product_tag":[],"class_list":{"0":"post-461","1":"product","2":"type-product","3":"status-publish","4":"has-post-thumbnail","6":"product_cat-alle-artikel","7":"product_cat-bonbons","9":"first","10":"instock","11":"taxable","12":"shipping-taxable","13":"purchasable","14":"product-type-variable"},"_links":{"self":[{"href":"https:\/\/bonbonladenundfeines.de\/shop\/wp-json\/wp\/v2\/product\/461","targetHints":{"allow":["GET"]}}],"collection":[{"href":"https:\/\/bonbonladenundfeines.de\/shop\/wp-json\/wp\/v2\/product"}],"about":[{"href":"https:\/\/bonbonladenundfeines.de\/shop\/wp-json\/wp\/v2\/types\/product"}],"replies":[{"embeddable":true,"href":"https:\/\/bonbonladenundfeines.de\/shop\/wp-json\/wp\/v2\/comments?post=461"}],"wp:featuredmedia":[{"embeddable":true,"href":"https:\/\/bonbonladenundfeines.de\/shop\/wp-json\/wp\/v2\/media\/7144"}],"wp:attachment":[{"href":"https:\/\/bonbonladenundfeines.de\/shop\/wp-json\/wp\/v2\/media?parent=461"}],"wp:term":[{"taxonomy":"product_brand","embeddable":true,"href":"https:\/\/bonbonladenundfeines.de\/shop\/wp-json\/wp\/v2\/product_brand?post=461"},{"taxonomy":"product_cat","embeddable":true,"href":"https:\/\/bonbonladenundfeines.de\/shop\/wp-json\/wp\/v2\/product_cat?post=461"},{"taxonomy":"product_tag","embeddable":true,"href":"https:\/\/bonbonladenundfeines.de\/shop\/wp-json\/wp\/v2\/product_tag?post=461"}],"curies":[{"name":"wp","href":"https:\/\/api.w.org\/{rel}","templated":true}]}}