{"id":475,"date":"2015-06-11T06:41:50","date_gmt":"2015-06-11T04:41:50","guid":{"rendered":"https:\/\/bonbonladenundfeines.de\/wp2018\/produkt\/rhabarber-vanille\/"},"modified":"2026-03-10T19:03:50","modified_gmt":"2026-03-10T18:03:50","slug":"rhabarber-vanille","status":"publish","type":"product","link":"https:\/\/bonbonladenundfeines.de\/shop\/shop\/produkt\/rhabarber-vanille\/","title":{"rendered":"Rhabarber &amp; Vanille"},"content":{"rendered":"<p>Dieses Bonbon verbindet die feine S\u00e4ure von fruchtigem Rhabarber mit einer sanften Vanillenote. Die leicht herbe Frische des Rhabarbers wird dabei wunderbar von der milden, cremigen S\u00fc\u00dfe der Vanille ausgeglichen. So entsteht eine harmonische Geschmackskombination, die beim Lutschen besonders angenehm zur Geltung kommt. Ein au\u00dfergew\u00f6hnlicher Bonbongenuss f\u00fcr alle, die fruchtige Frische mit einer weichen Vanillenote m\u00f6gen.<\/p>\n<p>Zutaten: Zucker, Glukosesirup; S\u00e4uerungsmittel: Citronens\u00e4ure; Farbstoff: Beeten Rot, Kurkumin; Aroma, nat\u00fcrliches Bourbonvanillearoma N\u00e4hrwertangaben je 100g: Brennwert_kj: 1559,5 Brennwert: 374,7 Fett: 0,0 davon ges\u00e4ttigte Fetts\u00e4uren: 0,0 Kohlenhydrate: 90,5 davon Zucker: 90,1 Eiwei\u00df: 0,1 Kochsalz: 0,0 Ballaststoffe: 0,0 Allergene:<\/p>\n","protected":false},"excerpt":{"rendered":"<p>Sie freuen sich schon immer auf die Rhabarberzeit und den Nachtisch? Dann nehmen Sie doch f\u00fcr die Zeit, wo der Rhabarber nicht w\u00e4chst, unser Bonbon\u2026<\/p>\n","protected":false},"featured_media":7389,"comment_status":"open","ping_status":"closed","template":"","meta":[],"product_brand":[],"product_cat":[8,11],"product_tag":[],"class_list":{"0":"post-475","1":"product","2":"type-product","3":"status-publish","4":"has-post-thumbnail","6":"product_cat-alle-artikel","7":"product_cat-bonbons","9":"first","10":"instock","11":"taxable","12":"shipping-taxable","13":"purchasable","14":"product-type-variable"},"_links":{"self":[{"href":"https:\/\/bonbonladenundfeines.de\/shop\/wp-json\/wp\/v2\/product\/475","targetHints":{"allow":["GET"]}}],"collection":[{"href":"https:\/\/bonbonladenundfeines.de\/shop\/wp-json\/wp\/v2\/product"}],"about":[{"href":"https:\/\/bonbonladenundfeines.de\/shop\/wp-json\/wp\/v2\/types\/product"}],"replies":[{"embeddable":true,"href":"https:\/\/bonbonladenundfeines.de\/shop\/wp-json\/wp\/v2\/comments?post=475"}],"wp:featuredmedia":[{"embeddable":true,"href":"https:\/\/bonbonladenundfeines.de\/shop\/wp-json\/wp\/v2\/media\/7389"}],"wp:attachment":[{"href":"https:\/\/bonbonladenundfeines.de\/shop\/wp-json\/wp\/v2\/media?parent=475"}],"wp:term":[{"taxonomy":"product_brand","embeddable":true,"href":"https:\/\/bonbonladenundfeines.de\/shop\/wp-json\/wp\/v2\/product_brand?post=475"},{"taxonomy":"product_cat","embeddable":true,"href":"https:\/\/bonbonladenundfeines.de\/shop\/wp-json\/wp\/v2\/product_cat?post=475"},{"taxonomy":"product_tag","embeddable":true,"href":"https:\/\/bonbonladenundfeines.de\/shop\/wp-json\/wp\/v2\/product_tag?post=475"}],"curies":[{"name":"wp","href":"https:\/\/api.w.org\/{rel}","templated":true}]}}