{"id":505,"date":"2015-06-12T09:25:33","date_gmt":"2015-06-12T07:25:33","guid":{"rendered":"https:\/\/bonbonladenundfeines.de\/wp2018\/produkt\/waldmeister-brause-kugeln\/"},"modified":"2026-03-10T19:01:06","modified_gmt":"2026-03-10T18:01:06","slug":"waldmeister-brause-kugeln","status":"publish","type":"product","link":"https:\/\/bonbonladenundfeines.de\/shop\/shop\/produkt\/waldmeister-brause-kugeln\/","title":{"rendered":"Waldmeister Brause Kugeln"},"content":{"rendered":"<p>Diese Waldmeister Brause Kugel sorgt f\u00fcr ein spritzig-frisches Nascherlebnis. Der typische, aromatische Geschmack von Waldmeister entfaltet sich beim Lutschen und wird von einer angenehm prickelnden Brausenote begleitet. Das feine Prickeln auf der Zunge macht jeden Bonbon zu einem kleinen Erlebnis. Perfekt f\u00fcr alle, die den unverwechselbaren Waldmeistergeschmack mit einem sprudelnden Extra genie\u00dfen m\u00f6chten.<\/p>\n<p>Zutaten: Zucker, Glukosesirup, S\u00e4uerungsmittel: Citronens\u00e4ure, Weins\u00e4ure; Natriumbicarbonat, Aroma, nat\u00fcrlicher Farbstoff: Chlorophyllin. N\u00e4hrwertangaben je 100g: Brennwert_kj: 1495,1 Brennwert: 359,2 Fett: 0,0 davon ges\u00e4ttigte Fetts\u00e4uren: 0,0 Kohlenhydrate: 84,4 davon Zucker: 84,1 Eiwei\u00df: 0,1 Kochsalz: 2,4 Ballaststoffe: 0,0 Allergene:<\/p>\n","protected":false},"excerpt":{"rendered":"<p>Waldmeister Brause Kugeln<\/p>\n","protected":false},"featured_media":7395,"comment_status":"open","ping_status":"closed","template":"","meta":[],"product_brand":[],"product_cat":[8,11],"product_tag":[],"class_list":{"0":"post-505","1":"product","2":"type-product","3":"status-publish","4":"has-post-thumbnail","6":"product_cat-alle-artikel","7":"product_cat-bonbons","9":"first","10":"instock","11":"taxable","12":"shipping-taxable","13":"purchasable","14":"product-type-variable"},"_links":{"self":[{"href":"https:\/\/bonbonladenundfeines.de\/shop\/wp-json\/wp\/v2\/product\/505","targetHints":{"allow":["GET"]}}],"collection":[{"href":"https:\/\/bonbonladenundfeines.de\/shop\/wp-json\/wp\/v2\/product"}],"about":[{"href":"https:\/\/bonbonladenundfeines.de\/shop\/wp-json\/wp\/v2\/types\/product"}],"replies":[{"embeddable":true,"href":"https:\/\/bonbonladenundfeines.de\/shop\/wp-json\/wp\/v2\/comments?post=505"}],"wp:featuredmedia":[{"embeddable":true,"href":"https:\/\/bonbonladenundfeines.de\/shop\/wp-json\/wp\/v2\/media\/7395"}],"wp:attachment":[{"href":"https:\/\/bonbonladenundfeines.de\/shop\/wp-json\/wp\/v2\/media?parent=505"}],"wp:term":[{"taxonomy":"product_brand","embeddable":true,"href":"https:\/\/bonbonladenundfeines.de\/shop\/wp-json\/wp\/v2\/product_brand?post=505"},{"taxonomy":"product_cat","embeddable":true,"href":"https:\/\/bonbonladenundfeines.de\/shop\/wp-json\/wp\/v2\/product_cat?post=505"},{"taxonomy":"product_tag","embeddable":true,"href":"https:\/\/bonbonladenundfeines.de\/shop\/wp-json\/wp\/v2\/product_tag?post=505"}],"curies":[{"name":"wp","href":"https:\/\/api.w.org\/{rel}","templated":true}]}}