{"id":52,"date":"2015-06-07T11:52:10","date_gmt":"2015-06-07T09:52:10","guid":{"rendered":"https:\/\/bonbonladenundfeines.de\/wp2018\/produkt\/moepse\/"},"modified":"2026-03-10T21:24:51","modified_gmt":"2026-03-10T20:24:51","slug":"moepse","status":"publish","type":"product","link":"https:\/\/bonbonladenundfeines.de\/shop\/shop\/produkt\/moepse\/","title":{"rendered":"M\u00f6pse"},"content":{"rendered":"<p>Hier wird die weibliche Anatomie geschmackvoll in Szene gesetzt. Ob mit Zitronen-, Orangen-, Erdbeer- oder Apfelgeschmack: Hier ist alles zum Anbei\u00dfen.<\/p>\n<p>&nbsp;<\/p>\n<p>Zutaten: Glukosesirup, Zucker, Modifizierte St\u00e4rke, Gelatine, S\u00e4uerungsmittel: Zitronens\u00e4ure, Aromen, Farbstoffe: E100, E120, E141, \u00dcberzugsmittel: Pflanzen\u00f6l mit Karnaubawach N\u00e4hrwert pro 100g: Energie 1425kJ\/335kcal Fett &lt;0,1g davon ges\u00e4ttigte Fetts\u00e4uren &lt;0,05g Kohlenhydrate 76,4g davon Zucker 51,1g Eiwei\u00df 7,4g Salz &lt;0,03g<\/p>\n","protected":false},"excerpt":{"rendered":"<p>Hier wird die weibliche Anatomie geschmackvoll in Szene gesetzt. Ob mit Zitronen-, Orangen-, Erdbeer- oder Apfelgeschmack: Hier ist alles zum Anbei\u00dfen.<\/p>\n","protected":false},"featured_media":6316,"comment_status":"open","ping_status":"closed","template":"","meta":[],"product_brand":[],"product_cat":[8,9],"product_tag":[],"class_list":{"0":"post-52","1":"product","2":"type-product","3":"status-publish","4":"has-post-thumbnail","6":"product_cat-alle-artikel","7":"product_cat-fruchtgummi","9":"first","10":"instock","11":"taxable","12":"shipping-taxable","13":"purchasable","14":"product-type-variable"},"_links":{"self":[{"href":"https:\/\/bonbonladenundfeines.de\/shop\/wp-json\/wp\/v2\/product\/52","targetHints":{"allow":["GET"]}}],"collection":[{"href":"https:\/\/bonbonladenundfeines.de\/shop\/wp-json\/wp\/v2\/product"}],"about":[{"href":"https:\/\/bonbonladenundfeines.de\/shop\/wp-json\/wp\/v2\/types\/product"}],"replies":[{"embeddable":true,"href":"https:\/\/bonbonladenundfeines.de\/shop\/wp-json\/wp\/v2\/comments?post=52"}],"wp:featuredmedia":[{"embeddable":true,"href":"https:\/\/bonbonladenundfeines.de\/shop\/wp-json\/wp\/v2\/media\/6316"}],"wp:attachment":[{"href":"https:\/\/bonbonladenundfeines.de\/shop\/wp-json\/wp\/v2\/media?parent=52"}],"wp:term":[{"taxonomy":"product_brand","embeddable":true,"href":"https:\/\/bonbonladenundfeines.de\/shop\/wp-json\/wp\/v2\/product_brand?post=52"},{"taxonomy":"product_cat","embeddable":true,"href":"https:\/\/bonbonladenundfeines.de\/shop\/wp-json\/wp\/v2\/product_cat?post=52"},{"taxonomy":"product_tag","embeddable":true,"href":"https:\/\/bonbonladenundfeines.de\/shop\/wp-json\/wp\/v2\/product_tag?post=52"}],"curies":[{"name":"wp","href":"https:\/\/api.w.org\/{rel}","templated":true}]}}