{"id":525,"date":"2020-07-11T16:08:23","date_gmt":"2020-07-11T14:08:23","guid":{"rendered":"https:\/\/bonbonladenundfeines.de\/wp2018\/?post_type=product&#038;p=525"},"modified":"2026-03-10T18:35:32","modified_gmt":"2026-03-10T17:35:32","slug":"brausebonbon","status":"publish","type":"product","link":"https:\/\/bonbonladenundfeines.de\/shop\/shop\/produkt\/brausebonbon\/","title":{"rendered":"Oma Mimis Brausekissen"},"content":{"rendered":"<p>Oma Mimis Brausebonbons in Rosa und Gelb sorgen f\u00fcr ein herrlich prickelndes Nascherlebnis. Die fruchtigen Bonbons \u00fcberraschen mit einer spritzigen Brausenote, die beim Lutschen angenehm auf der Zunge prickelt. S\u00fc\u00df, fruchtig und erfrischend bringen sie ein bisschen nostalgischen Bonbongenuss zur\u00fcck. Ein perfekter s\u00fc\u00dfer Klassiker f\u00fcr alle, die prickelnde Bonbons lieben.<span class=\"Apple-converted-space\">\u00a0<\/span><\/p>\n<p>Zutaten: Zucker,Glucosesirup,S\u00e4uremittel,Weins\u00e4ure,Natriumhydrogenkarbonat,Rote Bete Saft, Konzentrat,Aroma. N\u00e4hrwert pro 100g: Energie 1618kJ\/381kcal Fett &lt;0,1g davon ges\u00e4ttigte Fetts\u00e4uren &lt;0,1g Kohlenhydrate 94,6g davon Zucker 64,7g Eiwei\u00df &lt;0,1g Salz 1,33g<\/p>\n","protected":false},"excerpt":{"rendered":"<p>Unsere Brause Boller sind ein prickelndes Vergn\u00fcgen<\/p>\n","protected":false},"featured_media":6820,"comment_status":"open","ping_status":"closed","template":"","meta":[],"product_brand":[],"product_cat":[8,11],"product_tag":[],"class_list":{"0":"post-525","1":"product","2":"type-product","3":"status-publish","4":"has-post-thumbnail","6":"product_cat-alle-artikel","7":"product_cat-bonbons","9":"first","10":"instock","11":"taxable","12":"shipping-taxable","13":"purchasable","14":"product-type-variable","15":"has-default-attributes"},"_links":{"self":[{"href":"https:\/\/bonbonladenundfeines.de\/shop\/wp-json\/wp\/v2\/product\/525","targetHints":{"allow":["GET"]}}],"collection":[{"href":"https:\/\/bonbonladenundfeines.de\/shop\/wp-json\/wp\/v2\/product"}],"about":[{"href":"https:\/\/bonbonladenundfeines.de\/shop\/wp-json\/wp\/v2\/types\/product"}],"replies":[{"embeddable":true,"href":"https:\/\/bonbonladenundfeines.de\/shop\/wp-json\/wp\/v2\/comments?post=525"}],"wp:featuredmedia":[{"embeddable":true,"href":"https:\/\/bonbonladenundfeines.de\/shop\/wp-json\/wp\/v2\/media\/6820"}],"wp:attachment":[{"href":"https:\/\/bonbonladenundfeines.de\/shop\/wp-json\/wp\/v2\/media?parent=525"}],"wp:term":[{"taxonomy":"product_brand","embeddable":true,"href":"https:\/\/bonbonladenundfeines.de\/shop\/wp-json\/wp\/v2\/product_brand?post=525"},{"taxonomy":"product_cat","embeddable":true,"href":"https:\/\/bonbonladenundfeines.de\/shop\/wp-json\/wp\/v2\/product_cat?post=525"},{"taxonomy":"product_tag","embeddable":true,"href":"https:\/\/bonbonladenundfeines.de\/shop\/wp-json\/wp\/v2\/product_tag?post=525"}],"curies":[{"name":"wp","href":"https:\/\/api.w.org\/{rel}","templated":true}]}}