{"id":529,"date":"2026-02-26T17:01:07","date_gmt":"2026-02-26T16:01:07","guid":{"rendered":"https:\/\/bonbonladenundfeines.de\/wp2018\/?post_type=product&#038;p=529"},"modified":"2026-03-10T18:11:10","modified_gmt":"2026-03-10T17:11:10","slug":"erdbeer-vanille-eckig","status":"publish","type":"product","link":"https:\/\/bonbonladenundfeines.de\/shop\/shop\/produkt\/erdbeer-vanille-eckig\/","title":{"rendered":"Erdbeer &#038; Vanille eckig"},"content":{"rendered":"<p>Dieses Bonbon begeistert mit einem fruchtigen Erdbeergeschmack, der von einer angenehm lieblichen Vanillenote harmonisch begleitet wird. Die s\u00fc\u00df-fruchtige Kombination sorgt f\u00fcr ein besonders rundes und aromatisches Geschmackserlebnis. Jeder Bonbon entfaltet beim Lutschen eine wunderbar ausgewogene Mischung aus frischer Frucht und sanfter S\u00fc\u00dfe. Perfekt f\u00fcr alle, die fruchtige Bonbons mit einer feinen, cremigen Note lieben.<\/p>\n","protected":false},"excerpt":{"rendered":"<p>Beschreibung folgt.<\/p>\n","protected":false},"featured_media":7146,"comment_status":"open","ping_status":"closed","template":"","meta":[],"product_brand":[],"product_cat":[8,11],"product_tag":[],"class_list":{"0":"post-529","1":"product","2":"type-product","3":"status-publish","4":"has-post-thumbnail","6":"product_cat-alle-artikel","7":"product_cat-bonbons","9":"first","10":"instock","11":"taxable","12":"shipping-taxable","13":"purchasable","14":"product-type-variable"},"_links":{"self":[{"href":"https:\/\/bonbonladenundfeines.de\/shop\/wp-json\/wp\/v2\/product\/529","targetHints":{"allow":["GET"]}}],"collection":[{"href":"https:\/\/bonbonladenundfeines.de\/shop\/wp-json\/wp\/v2\/product"}],"about":[{"href":"https:\/\/bonbonladenundfeines.de\/shop\/wp-json\/wp\/v2\/types\/product"}],"replies":[{"embeddable":true,"href":"https:\/\/bonbonladenundfeines.de\/shop\/wp-json\/wp\/v2\/comments?post=529"}],"wp:featuredmedia":[{"embeddable":true,"href":"https:\/\/bonbonladenundfeines.de\/shop\/wp-json\/wp\/v2\/media\/7146"}],"wp:attachment":[{"href":"https:\/\/bonbonladenundfeines.de\/shop\/wp-json\/wp\/v2\/media?parent=529"}],"wp:term":[{"taxonomy":"product_brand","embeddable":true,"href":"https:\/\/bonbonladenundfeines.de\/shop\/wp-json\/wp\/v2\/product_brand?post=529"},{"taxonomy":"product_cat","embeddable":true,"href":"https:\/\/bonbonladenundfeines.de\/shop\/wp-json\/wp\/v2\/product_cat?post=529"},{"taxonomy":"product_tag","embeddable":true,"href":"https:\/\/bonbonladenundfeines.de\/shop\/wp-json\/wp\/v2\/product_tag?post=529"}],"curies":[{"name":"wp","href":"https:\/\/api.w.org\/{rel}","templated":true}]}}