{"id":537,"date":"2015-06-12T14:16:32","date_gmt":"2015-06-12T12:16:32","guid":{"rendered":"https:\/\/bonbonladenundfeines.de\/wp2018\/produkt\/rote-gruetze-vanille\/"},"modified":"2026-03-10T18:51:07","modified_gmt":"2026-03-10T17:51:07","slug":"rote-gruetze-vanille","status":"publish","type":"product","link":"https:\/\/bonbonladenundfeines.de\/shop\/shop\/produkt\/rote-gruetze-vanille\/","title":{"rendered":"Rote Gr\u00fctze Vanille"},"content":{"rendered":"<p>Dieses Bonbon erinnert geschmacklich an den beliebten Dessertklassiker: fruchtige rote Beeren kombiniert mit einer sanften Vanillenote. Die aromatische Mischung aus s\u00fc\u00df-s\u00e4uerlicher Fruchtigkeit und cremiger Vanille sorgt f\u00fcr ein besonders rundes Geschmackserlebnis. Beim Lutschen entfaltet sich der Geschmack nach und nach und erinnert an frisch zubereitete rote Gr\u00fctze mit Vanilleso\u00dfe. Ein herrlich fruchtig-cremiger Bonbongenuss f\u00fcr zwischendurch.<span class=\"Apple-converted-space\">\u00a0<\/span><\/p>\n<p style=\"text-align: center;\">Zutaten: Zucker, Glukosesirup, S\u00e4uerungsmittel: Citronens\u00e4ure; Aroma, nat\u00fcrliche Farbstoffe: Rote Beteextrakt, Curcuma. N\u00e4hrwertangaben je 100g: Brennwert_kj: 1559,5 Brennwert: 375,0 Fett: 0,0 davon ges\u00e4ttigte Fetts\u00e4uren: 0,0 Kohlenhydrate: 90,6 davon Zucker: 90,2 Eiwei\u00df: 0,1 Kochsalz: 0,0 Ballaststoffe: 0,0 Allergene:<\/p>\n","protected":false},"excerpt":{"rendered":"<p>Fruchtige S\u00e4ure hamoniert mit einer sch\u00f6nen Vanille.<\/p>\n","protected":false},"featured_media":6836,"comment_status":"open","ping_status":"closed","template":"","meta":[],"product_brand":[],"product_cat":[8,11],"product_tag":[],"class_list":{"0":"post-537","1":"product","2":"type-product","3":"status-publish","4":"has-post-thumbnail","6":"product_cat-alle-artikel","7":"product_cat-bonbons","9":"first","10":"instock","11":"taxable","12":"shipping-taxable","13":"purchasable","14":"product-type-variable"},"_links":{"self":[{"href":"https:\/\/bonbonladenundfeines.de\/shop\/wp-json\/wp\/v2\/product\/537","targetHints":{"allow":["GET"]}}],"collection":[{"href":"https:\/\/bonbonladenundfeines.de\/shop\/wp-json\/wp\/v2\/product"}],"about":[{"href":"https:\/\/bonbonladenundfeines.de\/shop\/wp-json\/wp\/v2\/types\/product"}],"replies":[{"embeddable":true,"href":"https:\/\/bonbonladenundfeines.de\/shop\/wp-json\/wp\/v2\/comments?post=537"}],"wp:featuredmedia":[{"embeddable":true,"href":"https:\/\/bonbonladenundfeines.de\/shop\/wp-json\/wp\/v2\/media\/6836"}],"wp:attachment":[{"href":"https:\/\/bonbonladenundfeines.de\/shop\/wp-json\/wp\/v2\/media?parent=537"}],"wp:term":[{"taxonomy":"product_brand","embeddable":true,"href":"https:\/\/bonbonladenundfeines.de\/shop\/wp-json\/wp\/v2\/product_brand?post=537"},{"taxonomy":"product_cat","embeddable":true,"href":"https:\/\/bonbonladenundfeines.de\/shop\/wp-json\/wp\/v2\/product_cat?post=537"},{"taxonomy":"product_tag","embeddable":true,"href":"https:\/\/bonbonladenundfeines.de\/shop\/wp-json\/wp\/v2\/product_tag?post=537"}],"curies":[{"name":"wp","href":"https:\/\/api.w.org\/{rel}","templated":true}]}}