{"id":54,"date":"2015-06-07T12:02:40","date_gmt":"2015-06-07T10:02:40","guid":{"rendered":"https:\/\/bonbonladenundfeines.de\/wp2018\/produkt\/scharfe-chili-peppers\/"},"modified":"2026-03-10T21:24:29","modified_gmt":"2026-03-10T20:24:29","slug":"scharfe-chili-peppers","status":"publish","type":"product","link":"https:\/\/bonbonladenundfeines.de\/shop\/shop\/produkt\/scharfe-chili-peppers\/","title":{"rendered":"Scharfe Chili Peppers"},"content":{"rendered":"<p>Diese au\u00dfergew\u00f6hnlichen Fruchtgummis bringen fruchtige S\u00fc\u00dfe und eine feine Chili-Sch\u00e4rfe zusammen. Die kleinen Chilli Peppers \u00fcberraschen mit einem spannenden Geschmackserlebnis, bei dem sich die fruchtige Note mit einer angenehm w\u00fcrzigen Sch\u00e4rfe verbindet. Die weiche Konsistenz sorgt dabei f\u00fcr einen besonders genussvollen Biss. Ein aufregender Naschspa\u00df f\u00fcr alle, die es fruchtig und leicht scharf m\u00f6gen.<\/p>\n<p>Zutaten:Glukosesirup, Zucker Gelatine, Wasser, Dextrose, S\u00e4uerungsmittel: Zitronens\u00e4ure, Milchs\u00e4ure, S\u00e4ureregulator: Natriumlactat, Aroma, \u00dcberzugsmittel: \u00d6l pflanzlich, Carnaubawachs, Farbstoff: Chinolingelb, Allurarot, Brilliantblau FCF. N\u00e4hrwerte: Brennwert: 330,40 Kilokalorien (kcal) Brennwert: 1.404,00 Kilojoule (kJ) Kohlenhydrate: 76,00 Kohlenhydrate, davon Zucker: 56,00 Fett: 0,00 Fett, davon ges\u00e4ttigte Fetts\u00e4uren: 0,00 Eiwei\u00df: 6,60 Salz: 0,10<\/p>\n","protected":false},"excerpt":{"rendered":"<p>Ein feuriges Erlebniss<\/p>\n","protected":false},"featured_media":6317,"comment_status":"open","ping_status":"closed","template":"","meta":[],"product_brand":[],"product_cat":[8,9],"product_tag":[],"class_list":{"0":"post-54","1":"product","2":"type-product","3":"status-publish","4":"has-post-thumbnail","6":"product_cat-alle-artikel","7":"product_cat-fruchtgummi","9":"first","10":"instock","11":"taxable","12":"shipping-taxable","13":"purchasable","14":"product-type-variable"},"_links":{"self":[{"href":"https:\/\/bonbonladenundfeines.de\/shop\/wp-json\/wp\/v2\/product\/54","targetHints":{"allow":["GET"]}}],"collection":[{"href":"https:\/\/bonbonladenundfeines.de\/shop\/wp-json\/wp\/v2\/product"}],"about":[{"href":"https:\/\/bonbonladenundfeines.de\/shop\/wp-json\/wp\/v2\/types\/product"}],"replies":[{"embeddable":true,"href":"https:\/\/bonbonladenundfeines.de\/shop\/wp-json\/wp\/v2\/comments?post=54"}],"wp:featuredmedia":[{"embeddable":true,"href":"https:\/\/bonbonladenundfeines.de\/shop\/wp-json\/wp\/v2\/media\/6317"}],"wp:attachment":[{"href":"https:\/\/bonbonladenundfeines.de\/shop\/wp-json\/wp\/v2\/media?parent=54"}],"wp:term":[{"taxonomy":"product_brand","embeddable":true,"href":"https:\/\/bonbonladenundfeines.de\/shop\/wp-json\/wp\/v2\/product_brand?post=54"},{"taxonomy":"product_cat","embeddable":true,"href":"https:\/\/bonbonladenundfeines.de\/shop\/wp-json\/wp\/v2\/product_cat?post=54"},{"taxonomy":"product_tag","embeddable":true,"href":"https:\/\/bonbonladenundfeines.de\/shop\/wp-json\/wp\/v2\/product_tag?post=54"}],"curies":[{"name":"wp","href":"https:\/\/api.w.org\/{rel}","templated":true}]}}