{"id":555,"date":"2015-06-13T07:15:03","date_gmt":"2015-06-13T05:15:03","guid":{"rendered":"https:\/\/bonbonladenundfeines.de\/wp2018\/produkt\/ingwer\/"},"modified":"2026-03-10T18:49:29","modified_gmt":"2026-03-10T17:49:29","slug":"ingwer","status":"publish","type":"product","link":"https:\/\/bonbonladenundfeines.de\/shop\/shop\/produkt\/ingwer\/","title":{"rendered":"Ingwer"},"content":{"rendered":"<p>Dieses Ingwer Bonbon \u00fcberzeugt mit seinem charakteristisch w\u00fcrzigen und leicht scharfen Geschmack. Die aromatische Ingwernote entfaltet sich beim Lutschen angenehm und sorgt f\u00fcr ein intensives, warmes Geschmackserlebnis. Die ausgewogene S\u00fc\u00dfe rundet die feine Sch\u00e4rfe perfekt ab. Ein besonderes Bonbon f\u00fcr alle, die w\u00fcrzige Aromen und den typischen Geschmack von Ingwer lieben.<\/p>\n<p>Zutaten: Zucker, Glukosesirup, S\u00e4uerungsmittel: Citronens\u00e4ure; Aroma, nat\u00fcrliche Farbstoffe: Rote Beteextrakt, Curcuma. N\u00e4hrwertangaben je 100g: Brennwert_kj: 1561,1 Brennwert: 375,2 Fett: 0,0 davon ges\u00e4ttigte Fetts\u00e4uren: 0,0 Kohlenhydrate: 91,6 davon Zucker: 91,2 Eiwei\u00df: 0,1 Kochsalz: 0,0 Ballaststoffe: 0,0 Allergene:<\/p>\n","protected":false},"excerpt":{"rendered":"<p>Aromatisch-intensives Ingwerbonbon mit angenehmer sch\u00e4rfe.<\/p>\n","protected":false},"featured_media":7375,"comment_status":"open","ping_status":"closed","template":"","meta":[],"product_brand":[],"product_cat":[8,11],"product_tag":[],"class_list":{"0":"post-555","1":"product","2":"type-product","3":"status-publish","4":"has-post-thumbnail","6":"product_cat-alle-artikel","7":"product_cat-bonbons","9":"first","10":"instock","11":"taxable","12":"shipping-taxable","13":"purchasable","14":"product-type-variable"},"_links":{"self":[{"href":"https:\/\/bonbonladenundfeines.de\/shop\/wp-json\/wp\/v2\/product\/555","targetHints":{"allow":["GET"]}}],"collection":[{"href":"https:\/\/bonbonladenundfeines.de\/shop\/wp-json\/wp\/v2\/product"}],"about":[{"href":"https:\/\/bonbonladenundfeines.de\/shop\/wp-json\/wp\/v2\/types\/product"}],"replies":[{"embeddable":true,"href":"https:\/\/bonbonladenundfeines.de\/shop\/wp-json\/wp\/v2\/comments?post=555"}],"wp:featuredmedia":[{"embeddable":true,"href":"https:\/\/bonbonladenundfeines.de\/shop\/wp-json\/wp\/v2\/media\/7375"}],"wp:attachment":[{"href":"https:\/\/bonbonladenundfeines.de\/shop\/wp-json\/wp\/v2\/media?parent=555"}],"wp:term":[{"taxonomy":"product_brand","embeddable":true,"href":"https:\/\/bonbonladenundfeines.de\/shop\/wp-json\/wp\/v2\/product_brand?post=555"},{"taxonomy":"product_cat","embeddable":true,"href":"https:\/\/bonbonladenundfeines.de\/shop\/wp-json\/wp\/v2\/product_cat?post=555"},{"taxonomy":"product_tag","embeddable":true,"href":"https:\/\/bonbonladenundfeines.de\/shop\/wp-json\/wp\/v2\/product_tag?post=555"}],"curies":[{"name":"wp","href":"https:\/\/api.w.org\/{rel}","templated":true}]}}