{"id":575,"date":"2015-06-13T09:04:37","date_gmt":"2015-06-13T07:04:37","guid":{"rendered":"https:\/\/bonbonladenundfeines.de\/wp2018\/produkt\/zitrone-orange-zuckerfrei\/"},"modified":"2026-03-10T18:48:29","modified_gmt":"2026-03-10T17:48:29","slug":"zitrone-orange-zuckerfrei","status":"publish","type":"product","link":"https:\/\/bonbonladenundfeines.de\/shop\/shop\/produkt\/zitrone-orange-zuckerfrei\/","title":{"rendered":"Zitrone &amp; Orange zuckerfrei"},"content":{"rendered":"<p>Frisch, fruchtig und herrlich belebend: Dieses zuckerfreie Bonbon vereint die spritzige S\u00e4ure der Zitrone mit der s\u00fc\u00dfen, sonnigen Note der Orange. Die harmonische Kombination sorgt f\u00fcr ein intensives Zitrusaroma, das sich beim Lutschen angenehm entfaltet. Leicht, erfrischend und voller Fruchtgeschmack ist es der perfekte Begleiter f\u00fcr zwischendurch. Ideal f\u00fcr alle, die fruchtige Bonbons genie\u00dfen m\u00f6chten \u2013 ganz ohne Zucker.<span class=\"Apple-converted-space\">\u00a0<\/span><\/p>\n<p>Zutaten: Isomalt, S\u00e4uerungsmittel: \u00c4pfels\u00e4ure; Aroma, nat\u00fcrliche Farbstoffe: Curcuma, Paprikaextrakt; S\u00fc\u00dfungsmittel: Acesulfam. N\u00e4hrwertangaben je 100g: Brennwert_kj: 987,0 Brennwert: 236,2 Fett: 0,0 davon ges\u00e4ttigte Fetts\u00e4uren: 0,0 Kohlenhydrate: 95,0 davon Zucker: 0,0 Eiwei\u00df: 0,0 Kochsalz: 0,0 Ballaststoffe: 0,0 Allergene:<\/p>\n","protected":false},"excerpt":{"rendered":"<p>Fruchtig lecker.<\/p>\n","protected":false},"featured_media":7397,"comment_status":"open","ping_status":"closed","template":"","meta":[],"product_brand":[],"product_cat":[8,11,12],"product_tag":[],"class_list":{"0":"post-575","1":"product","2":"type-product","3":"status-publish","4":"has-post-thumbnail","6":"product_cat-alle-artikel","7":"product_cat-bonbons","8":"product_cat-zuckerfrei","10":"first","11":"instock","12":"taxable","13":"shipping-taxable","14":"purchasable","15":"product-type-variable"},"_links":{"self":[{"href":"https:\/\/bonbonladenundfeines.de\/shop\/wp-json\/wp\/v2\/product\/575","targetHints":{"allow":["GET"]}}],"collection":[{"href":"https:\/\/bonbonladenundfeines.de\/shop\/wp-json\/wp\/v2\/product"}],"about":[{"href":"https:\/\/bonbonladenundfeines.de\/shop\/wp-json\/wp\/v2\/types\/product"}],"replies":[{"embeddable":true,"href":"https:\/\/bonbonladenundfeines.de\/shop\/wp-json\/wp\/v2\/comments?post=575"}],"wp:featuredmedia":[{"embeddable":true,"href":"https:\/\/bonbonladenundfeines.de\/shop\/wp-json\/wp\/v2\/media\/7397"}],"wp:attachment":[{"href":"https:\/\/bonbonladenundfeines.de\/shop\/wp-json\/wp\/v2\/media?parent=575"}],"wp:term":[{"taxonomy":"product_brand","embeddable":true,"href":"https:\/\/bonbonladenundfeines.de\/shop\/wp-json\/wp\/v2\/product_brand?post=575"},{"taxonomy":"product_cat","embeddable":true,"href":"https:\/\/bonbonladenundfeines.de\/shop\/wp-json\/wp\/v2\/product_cat?post=575"},{"taxonomy":"product_tag","embeddable":true,"href":"https:\/\/bonbonladenundfeines.de\/shop\/wp-json\/wp\/v2\/product_tag?post=575"}],"curies":[{"name":"wp","href":"https:\/\/api.w.org\/{rel}","templated":true}]}}