{"id":589,"date":"2015-06-13T09:51:36","date_gmt":"2015-06-13T07:51:36","guid":{"rendered":"https:\/\/bonbonladenundfeines.de\/wp2018\/produkt\/erdbeer-vanille-zuckerfrei\/"},"modified":"2026-03-10T18:45:13","modified_gmt":"2026-03-10T17:45:13","slug":"erdbeer-vanille-zuckerfrei","status":"publish","type":"product","link":"https:\/\/bonbonladenundfeines.de\/shop\/shop\/produkt\/erdbeer-vanille-zuckerfrei\/","title":{"rendered":"Erdbeer-Vanille zuckerfrei"},"content":{"rendered":"<p>Fruchtige Erdbeere und feine Vanille bilden bei diesem zuckerfreien Bonbon eine besonders harmonische Kombination. Die s\u00fc\u00dfe Beerenfrucht wird von einer sanften, cremigen Vanillenote begleitet und sorgt f\u00fcr ein angenehm rundes Aroma. Beim Lutschen entfaltet sich der Geschmack langsam und bleibt lange auf der Zunge. Perfekt f\u00fcr alle, die fruchtig-cremigen Bonbongenuss ohne Zucker genie\u00dfen m\u00f6chten.<span class=\"Apple-converted-space\">\u00a0<\/span><\/p>\n<p>Zutaten: Isomalt, S\u00e4uerungsmittel: \u00c4pfels\u00e4ure; nat\u00fcrliches Erdbeer- und Vanillearoma, nat\u00fcrliche Farbstoffe: Rote Beteextrakt, Curcuma, S\u00fc\u00dfungsmittel: Acesulfam. N\u00e4hrwertangaben je 100g: Brennwert_kj: 994,0 Brennwert: 237,8 Fett: 0,0 davon ges\u00e4ttigte Fetts\u00e4uren: 0,0 Kohlenhydrate: 95,6 davon Zucker: 0,0 Eiwei\u00df: 0,0 Kochsalz: 0,0 Ballaststoffe: 0,0 Allergene:<\/p>\n","protected":false},"excerpt":{"rendered":"<p>Ein Klassiker.<\/p>\n","protected":false},"featured_media":7147,"comment_status":"open","ping_status":"closed","template":"","meta":[],"product_brand":[],"product_cat":[8,11,12],"product_tag":[],"class_list":{"0":"post-589","1":"product","2":"type-product","3":"status-publish","4":"has-post-thumbnail","6":"product_cat-alle-artikel","7":"product_cat-bonbons","8":"product_cat-zuckerfrei","10":"first","11":"instock","12":"taxable","13":"shipping-taxable","14":"purchasable","15":"product-type-variable"},"_links":{"self":[{"href":"https:\/\/bonbonladenundfeines.de\/shop\/wp-json\/wp\/v2\/product\/589","targetHints":{"allow":["GET"]}}],"collection":[{"href":"https:\/\/bonbonladenundfeines.de\/shop\/wp-json\/wp\/v2\/product"}],"about":[{"href":"https:\/\/bonbonladenundfeines.de\/shop\/wp-json\/wp\/v2\/types\/product"}],"replies":[{"embeddable":true,"href":"https:\/\/bonbonladenundfeines.de\/shop\/wp-json\/wp\/v2\/comments?post=589"}],"wp:featuredmedia":[{"embeddable":true,"href":"https:\/\/bonbonladenundfeines.de\/shop\/wp-json\/wp\/v2\/media\/7147"}],"wp:attachment":[{"href":"https:\/\/bonbonladenundfeines.de\/shop\/wp-json\/wp\/v2\/media?parent=589"}],"wp:term":[{"taxonomy":"product_brand","embeddable":true,"href":"https:\/\/bonbonladenundfeines.de\/shop\/wp-json\/wp\/v2\/product_brand?post=589"},{"taxonomy":"product_cat","embeddable":true,"href":"https:\/\/bonbonladenundfeines.de\/shop\/wp-json\/wp\/v2\/product_cat?post=589"},{"taxonomy":"product_tag","embeddable":true,"href":"https:\/\/bonbonladenundfeines.de\/shop\/wp-json\/wp\/v2\/product_tag?post=589"}],"curies":[{"name":"wp","href":"https:\/\/api.w.org\/{rel}","templated":true}]}}