{"id":635,"date":"2015-06-13T12:59:45","date_gmt":"2015-06-13T10:59:45","guid":{"rendered":"https:\/\/bonbonladenundfeines.de\/wp2018\/produkt\/ingwer-2\/"},"modified":"2026-03-10T23:22:58","modified_gmt":"2026-03-10T22:22:58","slug":"ingwer-2","status":"publish","type":"product","link":"https:\/\/bonbonladenundfeines.de\/shop\/shop\/produkt\/ingwer-2\/","title":{"rendered":"Ingwer"},"content":{"rendered":"<p>Dieser naturbelassene Ingwer \u00fcberzeugt mit seinem intensiven, w\u00fcrzig-scharfen Aroma. Ungeschwefelt und besonders aromatisch entfaltet er beim Kauen seine typisch warme Ingwernote mit einer angenehmen S\u00fc\u00dfe. Die leicht faserige Konsistenz sorgt f\u00fcr ein authentisches und nat\u00fcrliches Geschmackserlebnis. Ein besonderer Snack f\u00fcr alle, die den kr\u00e4ftigen Charakter von echtem Ingwer sch\u00e4tzen.<\/p>\n<p>&nbsp;<\/p>\n<p>Zutaten: Ingwer, Zucker, Reismehl, Antioxidationsmittel, Zitronens\u00e4ure. Energie 1534 KJ\/100g 361 Kcal\/100g Fett 0, 12 g\/100g davon ges\u00e4ttigte Fetts\u00e4uren 0 g\/100g Kohlenhydrate 90 g\/100g davon Zucker 75, 3 g\/100g Ballaststoffe 0 g\/100g Eiwei\u00df 0 g\/100g Salz 0, 144 g\/100g<\/p>\n","protected":false},"excerpt":{"rendered":"<p>Natur Ingwer ungeschwefelt.<\/p>\n","protected":false},"featured_media":7342,"comment_status":"open","ping_status":"closed","template":"","meta":[],"product_brand":[],"product_cat":[8,13],"product_tag":[],"class_list":{"0":"post-635","1":"product","2":"type-product","3":"status-publish","4":"has-post-thumbnail","6":"product_cat-alle-artikel","7":"product_cat-spezialitaeten","9":"first","10":"instock","11":"taxable","12":"shipping-taxable","13":"purchasable","14":"product-type-variable"},"_links":{"self":[{"href":"https:\/\/bonbonladenundfeines.de\/shop\/wp-json\/wp\/v2\/product\/635","targetHints":{"allow":["GET"]}}],"collection":[{"href":"https:\/\/bonbonladenundfeines.de\/shop\/wp-json\/wp\/v2\/product"}],"about":[{"href":"https:\/\/bonbonladenundfeines.de\/shop\/wp-json\/wp\/v2\/types\/product"}],"replies":[{"embeddable":true,"href":"https:\/\/bonbonladenundfeines.de\/shop\/wp-json\/wp\/v2\/comments?post=635"}],"wp:featuredmedia":[{"embeddable":true,"href":"https:\/\/bonbonladenundfeines.de\/shop\/wp-json\/wp\/v2\/media\/7342"}],"wp:attachment":[{"href":"https:\/\/bonbonladenundfeines.de\/shop\/wp-json\/wp\/v2\/media?parent=635"}],"wp:term":[{"taxonomy":"product_brand","embeddable":true,"href":"https:\/\/bonbonladenundfeines.de\/shop\/wp-json\/wp\/v2\/product_brand?post=635"},{"taxonomy":"product_cat","embeddable":true,"href":"https:\/\/bonbonladenundfeines.de\/shop\/wp-json\/wp\/v2\/product_cat?post=635"},{"taxonomy":"product_tag","embeddable":true,"href":"https:\/\/bonbonladenundfeines.de\/shop\/wp-json\/wp\/v2\/product_tag?post=635"}],"curies":[{"name":"wp","href":"https:\/\/api.w.org\/{rel}","templated":true}]}}