{"id":637,"date":"2015-06-13T13:06:04","date_gmt":"2015-06-13T11:06:04","guid":{"rendered":"https:\/\/bonbonladenundfeines.de\/wp2018\/produkt\/gemuesechips\/"},"modified":"2026-03-08T01:46:07","modified_gmt":"2026-03-08T00:46:07","slug":"gemuesechips","status":"publish","type":"product","link":"https:\/\/bonbonladenundfeines.de\/shop\/shop\/produkt\/gemuesechips\/","title":{"rendered":"Gem\u00fcsechips T\u00fcte 300 g"},"content":{"rendered":"<p>T\u00fcte a 300 g<\/p>\n<p>Getrocknetes Gem\u00fcse und Obst. Zutaten: Apfel, S\u00fc\u00dfkartoffel, Karotte, gr\u00fcne Bohnen, Pfirsich, K\u00fcrbis, Palm\u00f6l, Fruchtzucker. N\u00e4hwerte: Energie 1646 KJ\/100g 393 Kcal\/100g Fett 15 g\/100g davon ges\u00e4ttigte Fetts\u00e4uren 5, 5 g\/100g Kohlenhydrate 48 g\/100g davon Zucker 47 g\/100g Ballaststoffe 11 g\/100g Eiwei\u00df 11 g\/100g Salz 0, 197 g\/100g<\/p>\n","protected":false},"excerpt":{"rendered":"<p>300 g T\u00fcte\u00a0 x Getrocknetes Gem\u00fcse und Obst.<\/p>\n","protected":false},"featured_media":7469,"comment_status":"open","ping_status":"closed","template":"","meta":[],"product_brand":[],"product_cat":[8,13],"product_tag":[],"class_list":{"0":"post-637","1":"product","2":"type-product","3":"status-publish","4":"has-post-thumbnail","6":"product_cat-alle-artikel","7":"product_cat-spezialitaeten","9":"first","10":"instock","11":"taxable","12":"shipping-taxable","13":"purchasable","14":"product-type-simple"},"_links":{"self":[{"href":"https:\/\/bonbonladenundfeines.de\/shop\/wp-json\/wp\/v2\/product\/637","targetHints":{"allow":["GET"]}}],"collection":[{"href":"https:\/\/bonbonladenundfeines.de\/shop\/wp-json\/wp\/v2\/product"}],"about":[{"href":"https:\/\/bonbonladenundfeines.de\/shop\/wp-json\/wp\/v2\/types\/product"}],"replies":[{"embeddable":true,"href":"https:\/\/bonbonladenundfeines.de\/shop\/wp-json\/wp\/v2\/comments?post=637"}],"wp:featuredmedia":[{"embeddable":true,"href":"https:\/\/bonbonladenundfeines.de\/shop\/wp-json\/wp\/v2\/media\/7469"}],"wp:attachment":[{"href":"https:\/\/bonbonladenundfeines.de\/shop\/wp-json\/wp\/v2\/media?parent=637"}],"wp:term":[{"taxonomy":"product_brand","embeddable":true,"href":"https:\/\/bonbonladenundfeines.de\/shop\/wp-json\/wp\/v2\/product_brand?post=637"},{"taxonomy":"product_cat","embeddable":true,"href":"https:\/\/bonbonladenundfeines.de\/shop\/wp-json\/wp\/v2\/product_cat?post=637"},{"taxonomy":"product_tag","embeddable":true,"href":"https:\/\/bonbonladenundfeines.de\/shop\/wp-json\/wp\/v2\/product_tag?post=637"}],"curies":[{"name":"wp","href":"https:\/\/api.w.org\/{rel}","templated":true}]}}