{"id":651,"date":"2015-06-13T13:59:46","date_gmt":"2015-06-13T11:59:46","guid":{"rendered":"https:\/\/bonbonladenundfeines.de\/wp2018\/produkt\/fudge-nougat\/"},"modified":"2026-03-10T23:20:03","modified_gmt":"2026-03-10T22:20:03","slug":"fudge-nougat","status":"publish","type":"product","link":"https:\/\/bonbonladenundfeines.de\/shop\/shop\/produkt\/fudge-nougat\/","title":{"rendered":"Fudge Nougat"},"content":{"rendered":"<p>Dieses Fudge begeistert mit seinem besonders cremigen Schmelz und dem feinen Geschmack von Nougat, sowie Nougatsplittern. Die zarte Konsistenz sorgt daf\u00fcr, dass das Fudge angenehm weich ist und langsam auf der Zunge zergeht. Das nussig-s\u00fc\u00dfe Nougataroma macht jeden Bissen zu einem kleinen Genussmoment. Perfekt f\u00fcr alle, die cremige S\u00fc\u00dfigkeiten mit einem Hauch Nougat lieben.<span class=\"Apple-converted-space\">\u00a0<\/span><\/p>\n<p>&nbsp;<\/p>\n<p>Zutaten: Zucker, Glukosesirup, Mandeln (15%), Pflanzenfett (Palme, Kokos), Wasser, H\u00fchnereiweisspulver, Nat\u00fcrliche Aromen. N\u00e4hrwertangaben pro 100 gramm Brennwert 1865,00 kj 445,00 kcal Kohlenhydrate 68,00 gr Davon: Zucker 58,00 gr Eiweiss 3,60 gr Fett 17,00 gr Davon: ges\u00e4ttigte fett\u00e4uren 8,00 gr Natrium 0,03 gr<\/p>\n","protected":false},"excerpt":{"rendered":"<p>Original weicher Mandel Nougat &#8211; ein Genu\u00df!<\/p>\n","protected":false},"featured_media":7332,"comment_status":"open","ping_status":"closed","template":"","meta":[],"product_brand":[],"product_cat":[8,13],"product_tag":[],"class_list":{"0":"post-651","1":"product","2":"type-product","3":"status-publish","4":"has-post-thumbnail","6":"product_cat-alle-artikel","7":"product_cat-spezialitaeten","9":"first","10":"instock","11":"taxable","12":"shipping-taxable","13":"purchasable","14":"product-type-variable"},"_links":{"self":[{"href":"https:\/\/bonbonladenundfeines.de\/shop\/wp-json\/wp\/v2\/product\/651","targetHints":{"allow":["GET"]}}],"collection":[{"href":"https:\/\/bonbonladenundfeines.de\/shop\/wp-json\/wp\/v2\/product"}],"about":[{"href":"https:\/\/bonbonladenundfeines.de\/shop\/wp-json\/wp\/v2\/types\/product"}],"replies":[{"embeddable":true,"href":"https:\/\/bonbonladenundfeines.de\/shop\/wp-json\/wp\/v2\/comments?post=651"}],"wp:featuredmedia":[{"embeddable":true,"href":"https:\/\/bonbonladenundfeines.de\/shop\/wp-json\/wp\/v2\/media\/7332"}],"wp:attachment":[{"href":"https:\/\/bonbonladenundfeines.de\/shop\/wp-json\/wp\/v2\/media?parent=651"}],"wp:term":[{"taxonomy":"product_brand","embeddable":true,"href":"https:\/\/bonbonladenundfeines.de\/shop\/wp-json\/wp\/v2\/product_brand?post=651"},{"taxonomy":"product_cat","embeddable":true,"href":"https:\/\/bonbonladenundfeines.de\/shop\/wp-json\/wp\/v2\/product_cat?post=651"},{"taxonomy":"product_tag","embeddable":true,"href":"https:\/\/bonbonladenundfeines.de\/shop\/wp-json\/wp\/v2\/product_tag?post=651"}],"curies":[{"name":"wp","href":"https:\/\/api.w.org\/{rel}","templated":true}]}}