{"id":665,"date":"2015-06-13T14:44:44","date_gmt":"2015-06-13T12:44:44","guid":{"rendered":"https:\/\/bonbonladenundfeines.de\/wp2018\/produkt\/fudge-vanille\/"},"modified":"2026-03-10T23:22:04","modified_gmt":"2026-03-10T22:22:04","slug":"fudge-vanille","status":"publish","type":"product","link":"https:\/\/bonbonladenundfeines.de\/shop\/shop\/produkt\/fudge-vanille\/","title":{"rendered":"Fudge Vanille"},"content":{"rendered":"<p>Dieses Fudge begeistert mit seinem besonders cremigen Schmelz und dem feinen Aroma echter Vanille. Die weiche, zartschmelzende Konsistenz macht jeden Bissen zu einem kleinen Genussmoment. Die milde S\u00fc\u00dfe und die aromatische Vanillenote sorgen f\u00fcr ein wunderbar ausgewogenes Geschmackserlebnis. Ein klassischer Fudge-Genuss f\u00fcr alle, die zarte S\u00fc\u00dfigkeiten mit feiner Vanille lieben.<\/p>\n<p>&nbsp;<\/p>\n<p>Zutaten: Zucker, Glukosesirup, Pflanzenfett (Palme, Kokos), Wasser, Magermilchpulver, Salz, Emulgator (Sojalecithin), Nat\u00fcrliche Aromen, Vanille-Extrakt. N\u00e4hrwertangaben pro 100 gramm Brennwert 1749,00 kj 415,00 kcal Kohlenhydrate 78,00 gr Davon: Zucker 67,40 gr Eiweiss 0,80 gr Fett 11,60 gr Davon: ges\u00e4ttigte fett\u00e4uren 5,80 gr Natrium 0,30 gr<\/p>\n","protected":false},"excerpt":{"rendered":"<p>Vanille mit Karamell &#8211; leckerer weicher Schmackofatz!<\/p>\n","protected":false},"featured_media":7335,"comment_status":"open","ping_status":"closed","template":"","meta":[],"product_brand":[],"product_cat":[8,13],"product_tag":[],"class_list":{"0":"post-665","1":"product","2":"type-product","3":"status-publish","4":"has-post-thumbnail","6":"product_cat-alle-artikel","7":"product_cat-spezialitaeten","9":"first","10":"instock","11":"taxable","12":"shipping-taxable","13":"purchasable","14":"product-type-variable"},"_links":{"self":[{"href":"https:\/\/bonbonladenundfeines.de\/shop\/wp-json\/wp\/v2\/product\/665","targetHints":{"allow":["GET"]}}],"collection":[{"href":"https:\/\/bonbonladenundfeines.de\/shop\/wp-json\/wp\/v2\/product"}],"about":[{"href":"https:\/\/bonbonladenundfeines.de\/shop\/wp-json\/wp\/v2\/types\/product"}],"replies":[{"embeddable":true,"href":"https:\/\/bonbonladenundfeines.de\/shop\/wp-json\/wp\/v2\/comments?post=665"}],"wp:featuredmedia":[{"embeddable":true,"href":"https:\/\/bonbonladenundfeines.de\/shop\/wp-json\/wp\/v2\/media\/7335"}],"wp:attachment":[{"href":"https:\/\/bonbonladenundfeines.de\/shop\/wp-json\/wp\/v2\/media?parent=665"}],"wp:term":[{"taxonomy":"product_brand","embeddable":true,"href":"https:\/\/bonbonladenundfeines.de\/shop\/wp-json\/wp\/v2\/product_brand?post=665"},{"taxonomy":"product_cat","embeddable":true,"href":"https:\/\/bonbonladenundfeines.de\/shop\/wp-json\/wp\/v2\/product_cat?post=665"},{"taxonomy":"product_tag","embeddable":true,"href":"https:\/\/bonbonladenundfeines.de\/shop\/wp-json\/wp\/v2\/product_tag?post=665"}],"curies":[{"name":"wp","href":"https:\/\/api.w.org\/{rel}","templated":true}]}}