{"id":677,"date":"2015-06-13T15:34:07","date_gmt":"2015-06-13T13:34:07","guid":{"rendered":"https:\/\/bonbonladenundfeines.de\/wp2018\/produkt\/cashew-joghurt\/"},"modified":"2026-03-10T23:14:24","modified_gmt":"2026-03-10T22:14:24","slug":"cashew-joghurt","status":"publish","type":"product","link":"https:\/\/bonbonladenundfeines.de\/shop\/shop\/produkt\/cashew-joghurt\/","title":{"rendered":"Cashew Joghurt"},"content":{"rendered":"<p>Diese feinen Cashewkerne sind von einer zarten Schicht cremiger Joghurtschokolade umh\u00fcllt. Die mild-nussigen Cashews harmonieren wunderbar mit der sanften, leicht frischen Joghurtnote. Beim Naschen entsteht eine besonders ausgewogene Kombination aus knackigem Biss und cremigem Schmelz. Ein k\u00f6stlicher Snack f\u00fcr alle, die nussige S\u00fc\u00dfigkeiten mit einer milden Joghurtnote lieben.<\/p>\n<p>&nbsp;<\/p>\n<p>Zutaten: Zucker, Cashewkerne 30%,Kakaobutter 17%,Vollmilchpulver, Magermilchpulver, Joghurtaroma 1%,Emulgator Sojalecithin, Aroma mat\u00fcrliches Vanillearoma, \u00dcberzugsmittel Gummi Arabicum. N\u00e4hwerte Energie 2270 KJ\/100g 544 Kcal\/100g Fett 33, 8 g\/100g davon ges\u00e4ttigte Fetts\u00e4uren 14, 3 g\/100g Kohlenhydrate 51, 1 g\/100g davon Zucker 43, 7 g\/100g Ballaststoffe 1 g\/100g Eiwei\u00df 8, 4 g\/100g Salz 0, 26 g\/100g<\/p>\n","protected":false},"excerpt":{"rendered":"<p>Cashewkerne umh\u00fcllt mit Joghurtschokolade.<\/p>\n","protected":false},"featured_media":7409,"comment_status":"open","ping_status":"closed","template":"","meta":[],"product_brand":[],"product_cat":[8,13],"product_tag":[],"class_list":{"0":"post-677","1":"product","2":"type-product","3":"status-publish","4":"has-post-thumbnail","6":"product_cat-alle-artikel","7":"product_cat-spezialitaeten","9":"first","10":"instock","11":"taxable","12":"shipping-taxable","13":"purchasable","14":"product-type-variable"},"_links":{"self":[{"href":"https:\/\/bonbonladenundfeines.de\/shop\/wp-json\/wp\/v2\/product\/677","targetHints":{"allow":["GET"]}}],"collection":[{"href":"https:\/\/bonbonladenundfeines.de\/shop\/wp-json\/wp\/v2\/product"}],"about":[{"href":"https:\/\/bonbonladenundfeines.de\/shop\/wp-json\/wp\/v2\/types\/product"}],"replies":[{"embeddable":true,"href":"https:\/\/bonbonladenundfeines.de\/shop\/wp-json\/wp\/v2\/comments?post=677"}],"wp:featuredmedia":[{"embeddable":true,"href":"https:\/\/bonbonladenundfeines.de\/shop\/wp-json\/wp\/v2\/media\/7409"}],"wp:attachment":[{"href":"https:\/\/bonbonladenundfeines.de\/shop\/wp-json\/wp\/v2\/media?parent=677"}],"wp:term":[{"taxonomy":"product_brand","embeddable":true,"href":"https:\/\/bonbonladenundfeines.de\/shop\/wp-json\/wp\/v2\/product_brand?post=677"},{"taxonomy":"product_cat","embeddable":true,"href":"https:\/\/bonbonladenundfeines.de\/shop\/wp-json\/wp\/v2\/product_cat?post=677"},{"taxonomy":"product_tag","embeddable":true,"href":"https:\/\/bonbonladenundfeines.de\/shop\/wp-json\/wp\/v2\/product_tag?post=677"}],"curies":[{"name":"wp","href":"https:\/\/api.w.org\/{rel}","templated":true}]}}