{"id":679,"date":"2015-06-13T15:44:26","date_gmt":"2015-06-13T13:44:26","guid":{"rendered":"https:\/\/bonbonladenundfeines.de\/wp2018\/produkt\/cranberries-zartbitter\/"},"modified":"2026-03-10T23:13:07","modified_gmt":"2026-03-10T22:13:07","slug":"cranberries-zartbitter","status":"publish","type":"product","link":"https:\/\/bonbonladenundfeines.de\/shop\/shop\/produkt\/cranberries-zartbitter\/","title":{"rendered":"Cranberries Zartbitter"},"content":{"rendered":"<p>Diese fruchtigen Cranberries sind von edler Zartbitterschokolade umh\u00fcllt und bieten ein besonders ausgewogenes Geschmackserlebnis. Die leicht s\u00e4uerliche Fruchtnote der Cranberries harmoniert perfekt mit der herben, intensiven Schokolade. Beim Naschen entsteht ein spannender Kontrast aus fruchtiger Frische und kr\u00e4ftigem Schokoladenaroma. Ein k\u00f6stlicher Snack f\u00fcr alle, die fruchtige S\u00fc\u00dfigkeiten mit dunkler Schokolade lieben.<span class=\"Apple-converted-space\">\u00a0<\/span><\/p>\n<p>&nbsp;<\/p>\n<p>Zutaten: 58% Zartbitterschokolade, Zucker, Kakaomasse, Kakaobutter, Emulgator Sojalecithin, nat\u00fcrliches Vanillearoma, Zucker,18% Cranberries, \u00dcberzugsmittel, Gummi, Arabicum, Glukosesirup, Sonnenblumenkern\u00f6l, \u00dcberzugsmittel, Schellack. N\u00e4hwerte: Energie 1868 KJ\/100g 445 Kcal\/100g Fett 16, 4 g\/100g davon ges\u00e4ttigte Fetts\u00e4uren 9, 8 g\/100g Kohlenhydrate 68, 4 g\/100g davon Zucker 60, 1 g\/100g Ballaststoffe 4 g\/100g Eiwei\u00df 3, 9 g\/100g Salz 0, 16 g\/100g<\/p>\n","protected":false},"excerpt":{"rendered":"<p>Cranberries umh\u00fcllt von Zartbitterschokolade.<\/p>\n","protected":false},"featured_media":7411,"comment_status":"open","ping_status":"closed","template":"","meta":[],"product_brand":[],"product_cat":[8,13],"product_tag":[],"class_list":{"0":"post-679","1":"product","2":"type-product","3":"status-publish","4":"has-post-thumbnail","6":"product_cat-alle-artikel","7":"product_cat-spezialitaeten","9":"first","10":"instock","11":"taxable","12":"shipping-taxable","13":"purchasable","14":"product-type-variable"},"_links":{"self":[{"href":"https:\/\/bonbonladenundfeines.de\/shop\/wp-json\/wp\/v2\/product\/679","targetHints":{"allow":["GET"]}}],"collection":[{"href":"https:\/\/bonbonladenundfeines.de\/shop\/wp-json\/wp\/v2\/product"}],"about":[{"href":"https:\/\/bonbonladenundfeines.de\/shop\/wp-json\/wp\/v2\/types\/product"}],"replies":[{"embeddable":true,"href":"https:\/\/bonbonladenundfeines.de\/shop\/wp-json\/wp\/v2\/comments?post=679"}],"wp:featuredmedia":[{"embeddable":true,"href":"https:\/\/bonbonladenundfeines.de\/shop\/wp-json\/wp\/v2\/media\/7411"}],"wp:attachment":[{"href":"https:\/\/bonbonladenundfeines.de\/shop\/wp-json\/wp\/v2\/media?parent=679"}],"wp:term":[{"taxonomy":"product_brand","embeddable":true,"href":"https:\/\/bonbonladenundfeines.de\/shop\/wp-json\/wp\/v2\/product_brand?post=679"},{"taxonomy":"product_cat","embeddable":true,"href":"https:\/\/bonbonladenundfeines.de\/shop\/wp-json\/wp\/v2\/product_cat?post=679"},{"taxonomy":"product_tag","embeddable":true,"href":"https:\/\/bonbonladenundfeines.de\/shop\/wp-json\/wp\/v2\/product_tag?post=679"}],"curies":[{"name":"wp","href":"https:\/\/api.w.org\/{rel}","templated":true}]}}