{"id":745,"date":"2015-06-13T21:31:21","date_gmt":"2015-06-13T19:31:21","guid":{"rendered":"https:\/\/bonbonladenundfeines.de\/wp2018\/produkt\/ingwerstaebchen\/"},"modified":"2026-03-10T23:07:58","modified_gmt":"2026-03-10T22:07:58","slug":"ingwerstaebchen","status":"publish","type":"product","link":"https:\/\/bonbonladenundfeines.de\/shop\/shop\/produkt\/ingwerstaebchen\/","title":{"rendered":"Ingwerst\u00e4bchen Zartbitter"},"content":{"rendered":"<p>Handverlesener, faserarmer junger Ingwer, w\u00fcrzig scharf und mehrfach kandiert umh\u00fcllt.<\/p>\n<p>Zutaten: 55% Ingwerst\u00e4bchen (gezuckert), 45% Zartbitter Kuvert\u00fcre (Kakaomasse, Zucker, Kakaobutter, Emulgator: Lecithin, Vanillin). N\u00e4hrwertangaben pro 100 g: Brennwert: 1775 kJ \/ 424 kcal Fett: 15,1 g davon ges\u00e4ttigte Fetts\u00e4uren: 9,4 g Kohlenhydrate: 67 g davon Zucker: 62 g Eiwei\u00df: 2,5 g Salz: 0,04 g<\/p>\n","protected":false},"excerpt":{"rendered":"<p>Handverlesener, faserarmer junger Ingwer, w\u00fcrzig scharf und mehrfach kandiert umh\u00fcllt<\/p>\n","protected":false},"featured_media":7460,"comment_status":"open","ping_status":"closed","template":"","meta":[],"product_brand":[],"product_cat":[8,13],"product_tag":[],"class_list":{"0":"post-745","1":"product","2":"type-product","3":"status-publish","4":"has-post-thumbnail","6":"product_cat-alle-artikel","7":"product_cat-spezialitaeten","9":"first","10":"instock","11":"taxable","12":"shipping-taxable","13":"purchasable","14":"product-type-variable"},"_links":{"self":[{"href":"https:\/\/bonbonladenundfeines.de\/shop\/wp-json\/wp\/v2\/product\/745","targetHints":{"allow":["GET"]}}],"collection":[{"href":"https:\/\/bonbonladenundfeines.de\/shop\/wp-json\/wp\/v2\/product"}],"about":[{"href":"https:\/\/bonbonladenundfeines.de\/shop\/wp-json\/wp\/v2\/types\/product"}],"replies":[{"embeddable":true,"href":"https:\/\/bonbonladenundfeines.de\/shop\/wp-json\/wp\/v2\/comments?post=745"}],"wp:featuredmedia":[{"embeddable":true,"href":"https:\/\/bonbonladenundfeines.de\/shop\/wp-json\/wp\/v2\/media\/7460"}],"wp:attachment":[{"href":"https:\/\/bonbonladenundfeines.de\/shop\/wp-json\/wp\/v2\/media?parent=745"}],"wp:term":[{"taxonomy":"product_brand","embeddable":true,"href":"https:\/\/bonbonladenundfeines.de\/shop\/wp-json\/wp\/v2\/product_brand?post=745"},{"taxonomy":"product_cat","embeddable":true,"href":"https:\/\/bonbonladenundfeines.de\/shop\/wp-json\/wp\/v2\/product_cat?post=745"},{"taxonomy":"product_tag","embeddable":true,"href":"https:\/\/bonbonladenundfeines.de\/shop\/wp-json\/wp\/v2\/product_tag?post=745"}],"curies":[{"name":"wp","href":"https:\/\/api.w.org\/{rel}","templated":true}]}}