{"id":7671,"date":"2026-04-09T12:34:03","date_gmt":"2026-04-09T10:34:03","guid":{"rendered":"https:\/\/bonbonladenundfeines.de\/shop\/?post_type=product&#038;p=7671"},"modified":"2026-04-17T15:48:39","modified_gmt":"2026-04-17T13:48:39","slug":"salmiak-lakritz-stange","status":"publish","type":"product","link":"https:\/\/bonbonladenundfeines.de\/shop\/shop\/produkt\/salmiak-lakritz-stange\/","title":{"rendered":"Salmiak Lakritz Stange"},"content":{"rendered":"<p>Wird St\u00fcckweise verkauft &#8211; ca. 0,50 g<\/p>\n<p>Der Preis bezieht sich somit auf jeweils eine Stange.<\/p>\n<p>Unsere echten aus Schweden Zutaten: Zucker, Melasse, Glukosesirup, Weizenmehl, pflanzliches Fett (Soja\u00f6l, Palm\u00f6l, Raps\u00f6l, Shea Kern\u00f6l), Stabilisierungsmittel: Glycerin, Gelatine, S\u00fc\u00dfholzextrakt, Salz, Citronens\u00e4ure, Aroma, Farbe: Salmiak, Pflanzenkohle, Carotin, Titandioxid, \u00dcberzugsmittel: Bienenwachs N\u00e4hrwerte je 100g: Energie 1490kj \/ 355kcal, Fett 2,2g, davon ges\u00e4ttigte Fetts\u00e4uren &lt;1,0g, Kohlenhydrate 78,6g, davon Zucker 62,1g, Ballaststoffe &lt;1,0g, Eiwei\u00df 3,4g, Salz 0,5g<\/p>\n","protected":false},"excerpt":{"rendered":"<p>Wird zu 1 St\u00fcck verkauft ca. 0,50 g<\/p>\n","protected":false},"featured_media":7675,"comment_status":"open","ping_status":"closed","template":"","meta":[],"product_brand":[],"product_cat":[92,8,24],"product_tag":[],"class_list":{"0":"post-7671","1":"product","2":"type-product","3":"status-publish","4":"has-post-thumbnail","6":"product_cat-lakritzstangen","7":"product_cat-alle-artikel","8":"product_cat-suesslakritz","10":"first","11":"instock","12":"taxable","13":"shipping-taxable","14":"purchasable","15":"product-type-variable"},"_links":{"self":[{"href":"https:\/\/bonbonladenundfeines.de\/shop\/wp-json\/wp\/v2\/product\/7671","targetHints":{"allow":["GET"]}}],"collection":[{"href":"https:\/\/bonbonladenundfeines.de\/shop\/wp-json\/wp\/v2\/product"}],"about":[{"href":"https:\/\/bonbonladenundfeines.de\/shop\/wp-json\/wp\/v2\/types\/product"}],"replies":[{"embeddable":true,"href":"https:\/\/bonbonladenundfeines.de\/shop\/wp-json\/wp\/v2\/comments?post=7671"}],"wp:featuredmedia":[{"embeddable":true,"href":"https:\/\/bonbonladenundfeines.de\/shop\/wp-json\/wp\/v2\/media\/7675"}],"wp:attachment":[{"href":"https:\/\/bonbonladenundfeines.de\/shop\/wp-json\/wp\/v2\/media?parent=7671"}],"wp:term":[{"taxonomy":"product_brand","embeddable":true,"href":"https:\/\/bonbonladenundfeines.de\/shop\/wp-json\/wp\/v2\/product_brand?post=7671"},{"taxonomy":"product_cat","embeddable":true,"href":"https:\/\/bonbonladenundfeines.de\/shop\/wp-json\/wp\/v2\/product_cat?post=7671"},{"taxonomy":"product_tag","embeddable":true,"href":"https:\/\/bonbonladenundfeines.de\/shop\/wp-json\/wp\/v2\/product_tag?post=7671"}],"curies":[{"name":"wp","href":"https:\/\/api.w.org\/{rel}","templated":true}]}}