{"id":781,"date":"2015-06-14T07:10:47","date_gmt":"2015-06-14T05:10:47","guid":{"rendered":"https:\/\/bonbonladenundfeines.de\/wp2018\/produkt\/marc-de-champagner-gezuckert\/"},"modified":"2026-02-23T18:26:38","modified_gmt":"2026-02-23T17:26:38","slug":"marc-de-champagner-gezuckert","status":"publish","type":"product","link":"https:\/\/bonbonladenundfeines.de\/shop\/shop\/produkt\/marc-de-champagner-gezuckert\/","title":{"rendered":"Marc de Champagner &#8211; gezuckert"},"content":{"rendered":"<p>Cremige, wei\u00dfe Tr\u00fcffelmasse mit &#8220; Marc de Champagne &#8220; abgerundet, von wei\u00dfer Kuvert\u00fcre umh\u00fcllt in Kristalzucker gerollt. Zutaten: Zucker, Kakaobutter, Vollmilchpulver, Schlagsahne, &#8220; Marc de Champagne &#8220; (4,4%) Butterfett, Glukosesirup, Wasser,Emulgator, Sojalecithin, Vanilleextrakt. Allergene: Kann Spuren von Schalenfr\u00fcchten enthalten. Alkoholanteil: 2,6% N\u00e4hrwerte pro 100g Energie 2213 kj 529 kacl Fett 33g davon ges\u00e4ttigte Fetts\u00e4uren 21g Kohlenhydrate 49g davon Zucker 48g Eiwei\u00df 4,8g Salz 0,18g<\/p>\n","protected":false},"excerpt":{"rendered":"<p>Cremige, wei\u00dfe Tr\u00fcffelmasse mit &#8220; Marc de Champagne &#8220; abgerundet.<\/p>\n","protected":false},"featured_media":6629,"comment_status":"open","ping_status":"closed","template":"","meta":[],"product_brand":[],"product_cat":[8,14],"product_tag":[],"class_list":{"0":"post-781","1":"product","2":"type-product","3":"status-publish","4":"has-post-thumbnail","6":"product_cat-alle-artikel","7":"product_cat-pralinen-trueffel","9":"first","10":"instock","11":"taxable","12":"shipping-taxable","13":"purchasable","14":"product-type-variable"},"_links":{"self":[{"href":"https:\/\/bonbonladenundfeines.de\/shop\/wp-json\/wp\/v2\/product\/781","targetHints":{"allow":["GET"]}}],"collection":[{"href":"https:\/\/bonbonladenundfeines.de\/shop\/wp-json\/wp\/v2\/product"}],"about":[{"href":"https:\/\/bonbonladenundfeines.de\/shop\/wp-json\/wp\/v2\/types\/product"}],"replies":[{"embeddable":true,"href":"https:\/\/bonbonladenundfeines.de\/shop\/wp-json\/wp\/v2\/comments?post=781"}],"wp:featuredmedia":[{"embeddable":true,"href":"https:\/\/bonbonladenundfeines.de\/shop\/wp-json\/wp\/v2\/media\/6629"}],"wp:attachment":[{"href":"https:\/\/bonbonladenundfeines.de\/shop\/wp-json\/wp\/v2\/media?parent=781"}],"wp:term":[{"taxonomy":"product_brand","embeddable":true,"href":"https:\/\/bonbonladenundfeines.de\/shop\/wp-json\/wp\/v2\/product_brand?post=781"},{"taxonomy":"product_cat","embeddable":true,"href":"https:\/\/bonbonladenundfeines.de\/shop\/wp-json\/wp\/v2\/product_cat?post=781"},{"taxonomy":"product_tag","embeddable":true,"href":"https:\/\/bonbonladenundfeines.de\/shop\/wp-json\/wp\/v2\/product_tag?post=781"}],"curies":[{"name":"wp","href":"https:\/\/api.w.org\/{rel}","templated":true}]}}