{"id":82,"date":"2015-06-07T14:15:28","date_gmt":"2015-06-07T12:15:28","guid":{"rendered":"https:\/\/bonbonladenundfeines.de\/wp2018\/produkt\/wassermelone\/"},"modified":"2026-04-13T19:18:55","modified_gmt":"2026-04-13T17:18:55","slug":"pfirsich-ringe","status":"publish","type":"product","link":"https:\/\/bonbonladenundfeines.de\/shop\/shop\/produkt\/pfirsich-ringe\/","title":{"rendered":"Pfirsichringe"},"content":{"rendered":"<p>Saftig, fruchtig und herrlich weich \u2013 unsere Pfirsichringe begeistern mit ihrem intensiven Pfirsichgeschmack und einer zarten Zuckerschicht. Die perfekte Kombination aus s\u00fc\u00dfer Frische und leicht s\u00e4uerlicher Note macht sie zu einem echten Klassiker unter den Fruchtgummis. Ob f\u00fcr den kleinen Genussmoment zwischendurch oder zum Teilen \u2013 diese Ringe sorgen immer f\u00fcr sommerliche Stimmung.<\/p>\n<p>&nbsp;<\/p>\n<p><strong>Zutaten:<\/strong>Glukosesirup; Zucker; 12% Pfirsichsaft aus Pfirsichsaftkonzentrat; Gelatine; S\u00e4uerungsmittel: Citronens\u00e4ure, Milchs\u00e4ure; Feuchthaltemittel: Sorbit; f\u00e4rbende Lebensmittel (Schwarze Johannisbeere, schwarze Karotte, roter Rettich, rote Traube, Kirsche, Curcuma, Saflor); Aroma; Niacin; Vitamin E; Pantothens\u00e4ure; Vitamin B6; Fols\u00e4ure; Biotin; Vitamin B12.<\/p>\n<p><strong>Durchschnittswerte pro 100g:<\/strong><\/p>\n<p>Brennwert: 336,00 (kcal), Brennwert: 1.429,00 (kJ), Fett: 0,00, davon ges\u00e4ttigte Fetts\u00e4uren: 0,00, Kohlenhydrate: 78,00, davon Zucker: 50,00, Eiwei\u00df: 4,40, Salz: 0,20, Niacin: 8,00, Vitamin E: 6,00, Pantothens\u00e4ure: 3,00, Vitamin B 6, Pyridoxin: 0,70, Fols\u00e4ure: 100,00 Mikrogramm, Biotin: 25,00 Mikrogramm, Vitamin B 12, Cyanocobolamin: 1,25 Mikrogramm<\/p>\n","protected":false},"excerpt":{"rendered":"<p>Saftig, fruchtig und herrlich weich \u2013 unsere Pfirsichringe begeistern mit  [&#8230;]<\/p>\n","protected":false},"featured_media":7705,"comment_status":"open","ping_status":"closed","template":"","meta":[],"product_brand":[],"product_cat":[8,9],"product_tag":[],"class_list":{"0":"post-82","1":"product","2":"type-product","3":"status-publish","4":"has-post-thumbnail","6":"product_cat-alle-artikel","7":"product_cat-fruchtgummi","9":"first","10":"instock","11":"taxable","12":"shipping-taxable","13":"purchasable","14":"product-type-variable"},"_links":{"self":[{"href":"https:\/\/bonbonladenundfeines.de\/shop\/wp-json\/wp\/v2\/product\/82","targetHints":{"allow":["GET"]}}],"collection":[{"href":"https:\/\/bonbonladenundfeines.de\/shop\/wp-json\/wp\/v2\/product"}],"about":[{"href":"https:\/\/bonbonladenundfeines.de\/shop\/wp-json\/wp\/v2\/types\/product"}],"replies":[{"embeddable":true,"href":"https:\/\/bonbonladenundfeines.de\/shop\/wp-json\/wp\/v2\/comments?post=82"}],"wp:featuredmedia":[{"embeddable":true,"href":"https:\/\/bonbonladenundfeines.de\/shop\/wp-json\/wp\/v2\/media\/7705"}],"wp:attachment":[{"href":"https:\/\/bonbonladenundfeines.de\/shop\/wp-json\/wp\/v2\/media?parent=82"}],"wp:term":[{"taxonomy":"product_brand","embeddable":true,"href":"https:\/\/bonbonladenundfeines.de\/shop\/wp-json\/wp\/v2\/product_brand?post=82"},{"taxonomy":"product_cat","embeddable":true,"href":"https:\/\/bonbonladenundfeines.de\/shop\/wp-json\/wp\/v2\/product_cat?post=82"},{"taxonomy":"product_tag","embeddable":true,"href":"https:\/\/bonbonladenundfeines.de\/shop\/wp-json\/wp\/v2\/product_tag?post=82"}],"curies":[{"name":"wp","href":"https:\/\/api.w.org\/{rel}","templated":true}]}}