{"id":92,"date":"2015-06-07T14:51:49","date_gmt":"2015-06-07T12:51:49","guid":{"rendered":"https:\/\/bonbonladenundfeines.de\/wp2018\/produkt\/englisches-weingummi\/"},"modified":"2026-03-10T21:17:20","modified_gmt":"2026-03-10T20:17:20","slug":"englisches-weingummi-2","status":"publish","type":"product","link":"https:\/\/bonbonladenundfeines.de\/shop\/shop\/produkt\/englisches-weingummi-2\/","title":{"rendered":"Englisches Weingummi"},"content":{"rendered":"<p>Ein echter Klassiker unter den Fruchtgummis: Englisches Weingummi begeistert mit seiner festen, angenehm kaubaren Konsistenz und einer bunten Vielfalt fruchtiger Geschmacksrichtungen. Die kleinen, farbenfrohen St\u00fccke sorgen f\u00fcr abwechslungsreichen Naschspa\u00df bei jedem Griff in die T\u00fcte. Ihr intensives Aroma und die ausgewogene S\u00fc\u00dfe machen sie seit Generationen zu einem beliebten S\u00fc\u00dfwarenklassiker. Perfekt f\u00fcr alle, die fruchtigen Kauspa\u00df mit Tradition genie\u00dfen m\u00f6chten.<\/p>\n<p>Zutaten: Glukosesirup (enth\u00e4lt Sulfit), Zucker, modifizierte St\u00e4rke (Mais, Weizen), Gelatine, S\u00e4uerungsmittel (E260, E270), Aroma, Farbstoff (E100,E120, E141, E153, E160e), \u00dcberzugsmittel (\u00d6l pflanzlich, Bienenwachs, Karnaubawachs).Hergestellt von einem Betrieb, der auch Milcherzeugnisse erstellt. 1476,00 kj 347,00 kcal Kohlenhydrate 80,70 gr Davon: Zucker 51,10 gr Eiweiss 6,10 gr Fett &lt;0,10 gr Davon: ges\u00e4ttigte fetts\u00e4uren &lt;0,05 gr Natrium &lt;0,03 gr<\/p>\n","protected":false},"excerpt":{"rendered":"<p>Extra fruchtig im Geschmack und f\u00fcr Liebhaber von englischem Weingummi ein absolutes Muss. Mit unterschiedlichen Geschmacksrichtungen wie Ananas, Zitrone, Orange oder Lakritz kann dieser Vorrat an Weingummi punkten und wird Ihnen nicht zuletzt durch die typische mittelweiche Konsistenz herrliche Naschmomente bescheren.<\/p>\n","protected":false},"featured_media":6332,"comment_status":"open","ping_status":"closed","template":"","meta":[],"product_brand":[],"product_cat":[8,9],"product_tag":[],"class_list":{"0":"post-92","1":"product","2":"type-product","3":"status-publish","4":"has-post-thumbnail","6":"product_cat-alle-artikel","7":"product_cat-fruchtgummi","9":"first","10":"instock","11":"taxable","12":"shipping-taxable","13":"purchasable","14":"product-type-variable"},"_links":{"self":[{"href":"https:\/\/bonbonladenundfeines.de\/shop\/wp-json\/wp\/v2\/product\/92","targetHints":{"allow":["GET"]}}],"collection":[{"href":"https:\/\/bonbonladenundfeines.de\/shop\/wp-json\/wp\/v2\/product"}],"about":[{"href":"https:\/\/bonbonladenundfeines.de\/shop\/wp-json\/wp\/v2\/types\/product"}],"replies":[{"embeddable":true,"href":"https:\/\/bonbonladenundfeines.de\/shop\/wp-json\/wp\/v2\/comments?post=92"}],"wp:featuredmedia":[{"embeddable":true,"href":"https:\/\/bonbonladenundfeines.de\/shop\/wp-json\/wp\/v2\/media\/6332"}],"wp:attachment":[{"href":"https:\/\/bonbonladenundfeines.de\/shop\/wp-json\/wp\/v2\/media?parent=92"}],"wp:term":[{"taxonomy":"product_brand","embeddable":true,"href":"https:\/\/bonbonladenundfeines.de\/shop\/wp-json\/wp\/v2\/product_brand?post=92"},{"taxonomy":"product_cat","embeddable":true,"href":"https:\/\/bonbonladenundfeines.de\/shop\/wp-json\/wp\/v2\/product_cat?post=92"},{"taxonomy":"product_tag","embeddable":true,"href":"https:\/\/bonbonladenundfeines.de\/shop\/wp-json\/wp\/v2\/product_tag?post=92"}],"curies":[{"name":"wp","href":"https:\/\/api.w.org\/{rel}","templated":true}]}}